{"id":733,"date":"2020-03-18T04:22:28","date_gmt":"2020-03-18T04:22:28","guid":{"rendered":"http:\/\/sila-urban-living.ms.decms.asia\/?page_id=733"},"modified":"2024-01-11T09:57:56","modified_gmt":"2024-01-11T09:57:56","slug":"eat-drink","status":"publish","type":"page","link":"https:\/\/silaliving.com\/ja\/restaurant-bar\/eat-drink\/","title":{"rendered":"\u98df\u4e8b\u30fb\u30c9\u30ea\u30f3\u30af"},"content":{"rendered":"<p><em><strong>Cocotte Bistro<\/strong><\/em>\u3067\u306f\u53b3\u9078\u3055\u308c\u305f\u65b0\u9bae\u306a\u5730\u5143\u7d20\u6750\u3092\u4e01\u5be7\u306b\u8abf\u7406\u3057\u305f\u6599\u7406\u3092\u304a\u5c4a\u3051\u3057\u307e\u3059\u3002\u671d\u98df\u3001\u30e9\u30f3\u30c1\u3001\u30c7\u30a3\u30ca\u30fc\u305d\u3057\u3066\u30d0\u30fc\u307e\u3067\u3001\u30d5\u30ec\u30f3\u30c1\u3068\u30d9\u30c8\u30ca\u30e0\u3092\u306f\u3058\u3081\u3068\u3059\u308b\u30a2\u30b8\u30a2\u6599\u7406\u306e\u8981\u7d20\u3092\u304b\u3051\u3042\u308f\u305b\u305f\u81ea\u6162\u306e\u30e1\u30cb\u30e5\u30fc\u3092\u304a\u697d\u3057\u307f\u304f\u3060\u3055\u3044\u3002\u304a\u98df\u4e8b\u306f\u5e97\u5185\u3067\u306e\u3054\u98f2\u98df\u306e\u4ed6\u3001\u304a\u90e8\u5c4b\u3067\u3082\u3086\u3063\u304f\u308a\u304a\u53ec\u3057\u4e0a\u304c\u308a\u3044\u305f\u3060\u3051\u308b\u30eb\u30fc\u30e0\u30b5\u30fc\u30d3\u30b9\u3092\u3054\u5229\u7528\u3044\u305f\u3060\u3051\u307e\u3059\u3002<\/p>\n<p>\u65e5\u66ff\u308f\u308a\u30e1\u30cb\u30e5\u30fc\u306b\u3064\u304d\u307e\u3057\u3066\u306f\u3001\u5f53\u30ec\u30b9\u30c8\u30e9\u30f3\u30fb\u30c1\u30fc\u30e0\u307e\u3067\u304a\u554f\u5408\u305b\u304f\u3060\u3055\u3044\u3002<\/p>\n","protected":false},"excerpt":{"rendered":"<p>Cocotte Bistro\u3067\u306f\u53b3\u9078\u3055\u308c\u305f\u65b0\u9bae\u306a\u5730\u5143\u7d20\u6750\u3092\u4e01\u5be7\u306b\u8abf\u7406\u3057\u305f\u6599\u7406\u3092\u304a\u5c4a\u3051\u3057\u307e\u3059\u3002\u671d\u98df\u3001\u30e9\u30f3\u30c1\u3001\u30c7\u30a3\u30ca\u30fc\u305d\u3057\u3066\u30d0\u30fc\u307e\u3067\u3001\u30d5\u30ec\u30f3\u30c1\u3068\u30d9\u30c8\u30ca\u30e0\u3092\u306f\u3058\u3081\u3068\u3059\u308b\u30a2\u30b8\u30a2\u6599\u7406\u306e\u8981\u7d20\u3092\u304b\u3051\u3042\u308f\u305b\u305f\u81ea\u6162\u306e\u30e1\u30cb\u30e5\u30fc\u3092\u304a\u697d\u3057\u307f\u304f\u3060 [&hellip;]<\/p>\n","protected":false},"author":124,"featured_media":3908,"parent":714,"menu_order":0,"comment_status":"closed","ping_status":"closed","template":"template-sigle-restaurant.php","meta":{"footnotes":""},"acf":[],"yoast_head":"<!-- This site is optimized with the Yoast SEO plugin v22.3 - https:\/\/yoast.com\/wordpress\/plugins\/seo\/ -->\n<title>\u98df\u4e8b\u30fb\u30c9\u30ea\u30f3\u30af - SILA Urban Living<\/title>\n<meta name=\"robots\" content=\"index, follow, max-snippet:-1, max-image-preview:large, max-video-preview:-1\" \/>\n<link rel=\"canonical\" href=\"https:\/\/silaliving.com\/ja\/restaurant-bar\/eat-drink\/\" \/>\n<meta property=\"og:locale\" content=\"ja_JP\" \/>\n<meta property=\"og:type\" content=\"article\" \/>\n<meta property=\"og:title\" content=\"\u98df\u4e8b\u30fb\u30c9\u30ea\u30f3\u30af - SILA Urban Living\" \/>\n<meta property=\"og:description\" content=\"Cocotte Bistro\u3067\u306f\u53b3\u9078\u3055\u308c\u305f\u65b0\u9bae\u306a\u5730\u5143\u7d20\u6750\u3092\u4e01\u5be7\u306b\u8abf\u7406\u3057\u305f\u6599\u7406\u3092\u304a\u5c4a\u3051\u3057\u307e\u3059\u3002\u671d\u98df\u3001\u30e9\u30f3\u30c1\u3001\u30c7\u30a3\u30ca\u30fc\u305d\u3057\u3066\u30d0\u30fc\u307e\u3067\u3001\u30d5\u30ec\u30f3\u30c1\u3068\u30d9\u30c8\u30ca\u30e0\u3092\u306f\u3058\u3081\u3068\u3059\u308b\u30a2\u30b8\u30a2\u6599\u7406\u306e\u8981\u7d20\u3092\u304b\u3051\u3042\u308f\u305b\u305f\u81ea\u6162\u306e\u30e1\u30cb\u30e5\u30fc\u3092\u304a\u697d\u3057\u307f\u304f\u3060 [&hellip;]\" \/>\n<meta property=\"og:url\" content=\"https:\/\/silaliving.com\/ja\/restaurant-bar\/eat-drink\/\" \/>\n<meta property=\"og:site_name\" content=\"SILA Urban Living\" \/>\n<meta property=\"article:modified_time\" content=\"2024-01-11T09:57:56+00:00\" \/>\n<meta property=\"og:image\" content=\"https:\/\/silaliving.com\/wp-content\/uploads\/sites\/78\/2024\/01\/RES1.jpg.jpg\" \/>\n\t<meta property=\"og:image:width\" content=\"1481\" \/>\n\t<meta property=\"og:image:height\" content=\"987\" \/>\n\t<meta property=\"og:image:type\" content=\"image\/jpeg\" \/>\n<meta name=\"twitter:card\" content=\"summary_large_image\" \/>\n<script type=\"application\/ld+json\" class=\"yoast-schema-graph\">{\"@context\":\"https:\/\/schema.org\",\"@graph\":[{\"@type\":\"WebPage\",\"@id\":\"https:\/\/silaliving.com\/ja\/restaurant-bar\/eat-drink\/\",\"url\":\"https:\/\/silaliving.com\/ja\/restaurant-bar\/eat-drink\/\",\"name\":\"\u98df\u4e8b\u30fb\u30c9\u30ea\u30f3\u30af - SILA Urban Living\",\"isPartOf\":{\"@id\":\"https:\/\/silaliving.com\/ja\/#website\"},\"primaryImageOfPage\":{\"@id\":\"https:\/\/silaliving.com\/ja\/restaurant-bar\/eat-drink\/#primaryimage\"},\"image\":{\"@id\":\"https:\/\/silaliving.com\/ja\/restaurant-bar\/eat-drink\/#primaryimage\"},\"thumbnailUrl\":\"https:\/\/silaliving.com\/wp-content\/uploads\/sites\/78\/2024\/01\/RES1.jpg.jpg\",\"datePublished\":\"2020-03-18T04:22:28+00:00\",\"dateModified\":\"2024-01-11T09:57:56+00:00\",\"breadcrumb\":{\"@id\":\"https:\/\/silaliving.com\/ja\/restaurant-bar\/eat-drink\/#breadcrumb\"},\"inLanguage\":\"ja\",\"potentialAction\":[{\"@type\":\"ReadAction\",\"target\":[\"https:\/\/silaliving.com\/ja\/restaurant-bar\/eat-drink\/\"]}]},{\"@type\":\"ImageObject\",\"inLanguage\":\"ja\",\"@id\":\"https:\/\/silaliving.com\/ja\/restaurant-bar\/eat-drink\/#primaryimage\",\"url\":\"https:\/\/silaliving.com\/wp-content\/uploads\/sites\/78\/2024\/01\/RES1.jpg.jpg\",\"contentUrl\":\"https:\/\/silaliving.com\/wp-content\/uploads\/sites\/78\/2024\/01\/RES1.jpg.jpg\",\"width\":1481,\"height\":987,\"caption\":\"Ti\u00eau ch\u00ed \u0111\u00e1nh gi\u00e1 kh\u00e1ch s\u1ea1n t\u1ed1t t\u1ea1i Qu\u1eadn 1\"},{\"@type\":\"BreadcrumbList\",\"@id\":\"https:\/\/silaliving.com\/ja\/restaurant-bar\/eat-drink\/#breadcrumb\",\"itemListElement\":[{\"@type\":\"ListItem\",\"position\":1,\"name\":\"Home\",\"item\":\"https:\/\/silaliving.com\/ja\/\"},{\"@type\":\"ListItem\",\"position\":2,\"name\":\"\u30ec\u30b9\u30c8\u30e9\u30f3\u30fb\u30d0\u30fc\",\"item\":\"https:\/\/silaliving.com\/ja\/restaurant-bar\/\"},{\"@type\":\"ListItem\",\"position\":3,\"name\":\"\u98df\u4e8b\u30fb\u30c9\u30ea\u30f3\u30af\"}]},{\"@type\":\"WebSite\",\"@id\":\"https:\/\/silaliving.com\/ja\/#website\",\"url\":\"https:\/\/silaliving.com\/ja\/\",\"name\":\"SILA Urban Living\",\"description\":\"| Exceptional Comfort\",\"potentialAction\":[{\"@type\":\"SearchAction\",\"target\":{\"@type\":\"EntryPoint\",\"urlTemplate\":\"https:\/\/silaliving.com\/ja\/?s={search_term_string}\"},\"query-input\":\"required name=search_term_string\"}],\"inLanguage\":\"ja\"}]}<\/script>\n<!-- \/ Yoast SEO plugin. -->","yoast_head_json":{"title":"\u98df\u4e8b\u30fb\u30c9\u30ea\u30f3\u30af - SILA Urban Living","robots":{"index":"index","follow":"follow","max-snippet":"max-snippet:-1","max-image-preview":"max-image-preview:large","max-video-preview":"max-video-preview:-1"},"canonical":"https:\/\/silaliving.com\/ja\/restaurant-bar\/eat-drink\/","og_locale":"ja_JP","og_type":"article","og_title":"\u98df\u4e8b\u30fb\u30c9\u30ea\u30f3\u30af - SILA Urban Living","og_description":"Cocotte Bistro\u3067\u306f\u53b3\u9078\u3055\u308c\u305f\u65b0\u9bae\u306a\u5730\u5143\u7d20\u6750\u3092\u4e01\u5be7\u306b\u8abf\u7406\u3057\u305f\u6599\u7406\u3092\u304a\u5c4a\u3051\u3057\u307e\u3059\u3002\u671d\u98df\u3001\u30e9\u30f3\u30c1\u3001\u30c7\u30a3\u30ca\u30fc\u305d\u3057\u3066\u30d0\u30fc\u307e\u3067\u3001\u30d5\u30ec\u30f3\u30c1\u3068\u30d9\u30c8\u30ca\u30e0\u3092\u306f\u3058\u3081\u3068\u3059\u308b\u30a2\u30b8\u30a2\u6599\u7406\u306e\u8981\u7d20\u3092\u304b\u3051\u3042\u308f\u305b\u305f\u81ea\u6162\u306e\u30e1\u30cb\u30e5\u30fc\u3092\u304a\u697d\u3057\u307f\u304f\u3060 [&hellip;]","og_url":"https:\/\/silaliving.com\/ja\/restaurant-bar\/eat-drink\/","og_site_name":"SILA Urban Living","article_modified_time":"2024-01-11T09:57:56+00:00","og_image":[{"width":1481,"height":987,"url":"https:\/\/silaliving.com\/wp-content\/uploads\/sites\/78\/2024\/01\/RES1.jpg.jpg","type":"image\/jpeg"}],"twitter_card":"summary_large_image","schema":{"@context":"https:\/\/schema.org","@graph":[{"@type":"WebPage","@id":"https:\/\/silaliving.com\/ja\/restaurant-bar\/eat-drink\/","url":"https:\/\/silaliving.com\/ja\/restaurant-bar\/eat-drink\/","name":"\u98df\u4e8b\u30fb\u30c9\u30ea\u30f3\u30af - SILA Urban Living","isPartOf":{"@id":"https:\/\/silaliving.com\/ja\/#website"},"primaryImageOfPage":{"@id":"https:\/\/silaliving.com\/ja\/restaurant-bar\/eat-drink\/#primaryimage"},"image":{"@id":"https:\/\/silaliving.com\/ja\/restaurant-bar\/eat-drink\/#primaryimage"},"thumbnailUrl":"https:\/\/silaliving.com\/wp-content\/uploads\/sites\/78\/2024\/01\/RES1.jpg.jpg","datePublished":"2020-03-18T04:22:28+00:00","dateModified":"2024-01-11T09:57:56+00:00","breadcrumb":{"@id":"https:\/\/silaliving.com\/ja\/restaurant-bar\/eat-drink\/#breadcrumb"},"inLanguage":"ja","potentialAction":[{"@type":"ReadAction","target":["https:\/\/silaliving.com\/ja\/restaurant-bar\/eat-drink\/"]}]},{"@type":"ImageObject","inLanguage":"ja","@id":"https:\/\/silaliving.com\/ja\/restaurant-bar\/eat-drink\/#primaryimage","url":"https:\/\/silaliving.com\/wp-content\/uploads\/sites\/78\/2024\/01\/RES1.jpg.jpg","contentUrl":"https:\/\/silaliving.com\/wp-content\/uploads\/sites\/78\/2024\/01\/RES1.jpg.jpg","width":1481,"height":987,"caption":"Ti\u00eau ch\u00ed \u0111\u00e1nh gi\u00e1 kh\u00e1ch s\u1ea1n t\u1ed1t t\u1ea1i Qu\u1eadn 1"},{"@type":"BreadcrumbList","@id":"https:\/\/silaliving.com\/ja\/restaurant-bar\/eat-drink\/#breadcrumb","itemListElement":[{"@type":"ListItem","position":1,"name":"Home","item":"https:\/\/silaliving.com\/ja\/"},{"@type":"ListItem","position":2,"name":"\u30ec\u30b9\u30c8\u30e9\u30f3\u30fb\u30d0\u30fc","item":"https:\/\/silaliving.com\/ja\/restaurant-bar\/"},{"@type":"ListItem","position":3,"name":"\u98df\u4e8b\u30fb\u30c9\u30ea\u30f3\u30af"}]},{"@type":"WebSite","@id":"https:\/\/silaliving.com\/ja\/#website","url":"https:\/\/silaliving.com\/ja\/","name":"SILA Urban Living","description":"| Exceptional Comfort","potentialAction":[{"@type":"SearchAction","target":{"@type":"EntryPoint","urlTemplate":"https:\/\/silaliving.com\/ja\/?s={search_term_string}"},"query-input":"required name=search_term_string"}],"inLanguage":"ja"}]}},"_links":{"self":[{"href":"https:\/\/silaliving.com\/ja\/wp-json\/wp\/v2\/pages\/733"}],"collection":[{"href":"https:\/\/silaliving.com\/ja\/wp-json\/wp\/v2\/pages"}],"about":[{"href":"https:\/\/silaliving.com\/ja\/wp-json\/wp\/v2\/types\/page"}],"author":[{"embeddable":true,"href":"https:\/\/silaliving.com\/ja\/wp-json\/wp\/v2\/users\/124"}],"replies":[{"embeddable":true,"href":"https:\/\/silaliving.com\/ja\/wp-json\/wp\/v2\/comments?post=733"}],"version-history":[{"count":0,"href":"https:\/\/silaliving.com\/ja\/wp-json\/wp\/v2\/pages\/733\/revisions"}],"up":[{"embeddable":true,"href":"https:\/\/silaliving.com\/ja\/wp-json\/wp\/v2\/pages\/714"}],"wp:featuredmedia":[{"embeddable":true,"href":"https:\/\/silaliving.com\/ja\/wp-json\/wp\/v2\/media\/3908"}],"wp:attachment":[{"href":"https:\/\/silaliving.com\/ja\/wp-json\/wp\/v2\/media?parent=733"}],"curies":[{"name":"wp","href":"https:\/\/api.w.org\/{rel}","templated":true}]}}