{"id":583,"date":"2020-03-18T03:59:50","date_gmt":"2020-03-18T03:59:50","guid":{"rendered":"http:\/\/sila-urban-living.ms.decms.asia\/?page_id=583"},"modified":"2020-06-12T03:53:38","modified_gmt":"2020-06-12T03:53:38","slug":"accomodation","status":"publish","type":"page","link":"https:\/\/silaliving.com\/vi\/accomodation\/","title":{"rendered":"H\u1ec6 TH\u1ed0NG PH\u00d2NG"},"content":{"rendered":"<p>T\u1ea1i SILA Urban Living, ch\u00fang t\u00f4i cung c\u1ea5p n\u01a1i \u1edf ph\u00f9 h\u1ee3p cho t\u1ea5t c\u1ea3 c\u00e1c lo\u1ea1i chuy\u1ebfn \u0111i. Cho d\u00f9 \u0111\u00f3 l\u00e0 m\u1ed9t chuy\u1ebfn du l\u1ecbch ngh\u1ec9 ng\u01a1i l\u00e3ng m\u1ea1n, m\u1ed9t chuy\u1ebfn c\u00f4ng t\u00e1c, m\u1ed9t chuy\u1ebfn \u0111i c\u00f9ng v\u1edbi b\u1ea1n b\u00e8 ho\u1eb7c m\u1ed9t k\u1ef3 ngh\u1ec9 gia \u0111\u00ecnh, c\u00e1c ph\u00f2ng Studios phong c\u00e1ch v\u00e0 c\u00e1c c\u0103n h\u1ed9 \u0111\u1eb3ng c\u1ea5p t\u1eeb M\u1ed9t \u0111\u1ebfn Hai ph\u00f2ng ng\u1ee7 r\u1ed9ng r\u00e3i ch\u1eafc ch\u1eafn s\u1ebd khi\u1ebfn b\u1ea1n c\u1ea3m th\u1ea5y nh\u01b0 \u1edf nh\u00e0. V\u1edbi m\u1ed9t gian b\u1ebfp, n\u1ed9i th\u1ea5t hi\u1ec7n \u0111\u1ea1i v\u00e0 c\u1eeda s\u1ed5 k\u00ednh su\u1ed1t t\u1eeb tr\u1ea7n \u0111\u1ebfn s\u00e0n trong t\u1ea5t c\u1ea3 c\u00e1c ph\u00f2ng, b\u1ea1n s\u1ebd \u0111\u01b0\u1ee3c t\u1eadn h\u01b0\u1edfng s\u1ef1 tho\u1ea3i m\u00e1i trong khung c\u1ea3nh Th\u00e0nh Ph\u1ed1 tuy\u1ec7t \u0111\u1eb9p c\u1ee7a m\u1ed9t S\u00e0i G\u00f2n quy\u1ebfn r\u0169 xung quanh b\u1ea1n.<\/p>\n","protected":false},"excerpt":{"rendered":"<p>T\u1ea1i SILA Urban Living, ch\u00fang t\u00f4i cung c\u1ea5p n\u01a1i \u1edf ph\u00f9 h\u1ee3p cho t\u1ea5t c\u1ea3 c\u00e1c lo\u1ea1i chuy\u1ebfn \u0111i. Cho d\u00f9 \u0111\u00f3 l\u00e0 m\u1ed9t chuy\u1ebfn du l\u1ecbch ngh\u1ec9 ng\u01a1i l\u00e3ng m\u1ea1n, m\u1ed9t chuy\u1ebfn c\u00f4ng t\u00e1c, m\u1ed9t chuy\u1ebfn \u0111i c\u00f9ng v\u1edbi b\u1ea1n b\u00e8 ho\u1eb7c m\u1ed9t k\u1ef3 ngh\u1ec9 gia \u0111\u00ecnh, c\u00e1c ph\u00f2ng Studios phong c\u00e1ch v\u00e0 c\u00e1c [&hellip;]<\/p>\n","protected":false},"author":124,"featured_media":30,"parent":0,"menu_order":0,"comment_status":"closed","ping_status":"closed","template":"template-rooms.php","meta":{"footnotes":""},"acf":[],"yoast_head":"<!-- This site is optimized with the Yoast SEO plugin v22.3 - https:\/\/yoast.com\/wordpress\/plugins\/seo\/ -->\n<title>H\u1ec6 TH\u1ed0NG PH\u00d2NG - SILA Urban Living<\/title>\n<meta name=\"robots\" content=\"index, follow, max-snippet:-1, max-image-preview:large, max-video-preview:-1\" \/>\n<link rel=\"canonical\" href=\"https:\/\/silaliving.com\/vi\/accomodation\/\" \/>\n<meta property=\"og:locale\" content=\"vi_VN\" \/>\n<meta property=\"og:type\" content=\"article\" \/>\n<meta property=\"og:title\" content=\"H\u1ec6 TH\u1ed0NG PH\u00d2NG - SILA Urban Living\" \/>\n<meta property=\"og:description\" content=\"T\u1ea1i SILA Urban Living, ch\u00fang t\u00f4i cung c\u1ea5p n\u01a1i \u1edf ph\u00f9 h\u1ee3p cho t\u1ea5t c\u1ea3 c\u00e1c lo\u1ea1i chuy\u1ebfn \u0111i. Cho d\u00f9 \u0111\u00f3 l\u00e0 m\u1ed9t chuy\u1ebfn du l\u1ecbch ngh\u1ec9 ng\u01a1i l\u00e3ng m\u1ea1n, m\u1ed9t chuy\u1ebfn c\u00f4ng t\u00e1c, m\u1ed9t chuy\u1ebfn \u0111i c\u00f9ng v\u1edbi b\u1ea1n b\u00e8 ho\u1eb7c m\u1ed9t k\u1ef3 ngh\u1ec9 gia \u0111\u00ecnh, c\u00e1c ph\u00f2ng Studios phong c\u00e1ch v\u00e0 c\u00e1c [&hellip;]\" \/>\n<meta property=\"og:url\" content=\"https:\/\/silaliving.com\/vi\/accomodation\/\" \/>\n<meta property=\"og:site_name\" content=\"SILA Urban Living\" \/>\n<meta property=\"article:modified_time\" content=\"2020-06-12T03:53:38+00:00\" \/>\n<meta property=\"og:image\" content=\"https:\/\/silaliving.com\/wp-content\/uploads\/sites\/78\/2020\/02\/ACC1.jpg.jpg\" \/>\n\t<meta property=\"og:image:width\" content=\"1200\" \/>\n\t<meta property=\"og:image:height\" content=\"799\" \/>\n\t<meta property=\"og:image:type\" content=\"image\/jpeg\" \/>\n<meta name=\"twitter:card\" content=\"summary_large_image\" \/>\n<meta name=\"twitter:label1\" content=\"Est. reading time\" \/>\n\t<meta name=\"twitter:data1\" content=\"1 minute\" \/>\n<script type=\"application\/ld+json\" class=\"yoast-schema-graph\">{\"@context\":\"https:\/\/schema.org\",\"@graph\":[{\"@type\":\"WebPage\",\"@id\":\"https:\/\/silaliving.com\/vi\/accomodation\/\",\"url\":\"https:\/\/silaliving.com\/vi\/accomodation\/\",\"name\":\"H\u1ec6 TH\u1ed0NG PH\u00d2NG - SILA Urban Living\",\"isPartOf\":{\"@id\":\"https:\/\/silaliving.com\/vi\/#website\"},\"primaryImageOfPage\":{\"@id\":\"https:\/\/silaliving.com\/vi\/accomodation\/#primaryimage\"},\"image\":{\"@id\":\"https:\/\/silaliving.com\/vi\/accomodation\/#primaryimage\"},\"thumbnailUrl\":\"https:\/\/silaliving.com\/wp-content\/uploads\/sites\/78\/2020\/02\/ACC1.jpg.jpg\",\"datePublished\":\"2020-03-18T03:59:50+00:00\",\"dateModified\":\"2020-06-12T03:53:38+00:00\",\"breadcrumb\":{\"@id\":\"https:\/\/silaliving.com\/vi\/accomodation\/#breadcrumb\"},\"inLanguage\":\"vi-VN\",\"potentialAction\":[{\"@type\":\"ReadAction\",\"target\":[\"https:\/\/silaliving.com\/vi\/accomodation\/\"]}]},{\"@type\":\"ImageObject\",\"inLanguage\":\"vi-VN\",\"@id\":\"https:\/\/silaliving.com\/vi\/accomodation\/#primaryimage\",\"url\":\"https:\/\/silaliving.com\/wp-content\/uploads\/sites\/78\/2020\/02\/ACC1.jpg.jpg\",\"contentUrl\":\"https:\/\/silaliving.com\/wp-content\/uploads\/sites\/78\/2020\/02\/ACC1.jpg.jpg\",\"width\":1200,\"height\":799},{\"@type\":\"BreadcrumbList\",\"@id\":\"https:\/\/silaliving.com\/vi\/accomodation\/#breadcrumb\",\"itemListElement\":[{\"@type\":\"ListItem\",\"position\":1,\"name\":\"Home\",\"item\":\"https:\/\/silaliving.com\/vi\/\"},{\"@type\":\"ListItem\",\"position\":2,\"name\":\"H\u1ec6 TH\u1ed0NG PH\u00d2NG\"}]},{\"@type\":\"WebSite\",\"@id\":\"https:\/\/silaliving.com\/vi\/#website\",\"url\":\"https:\/\/silaliving.com\/vi\/\",\"name\":\"SILA Urban Living\",\"description\":\"| Exceptional Comfort\",\"potentialAction\":[{\"@type\":\"SearchAction\",\"target\":{\"@type\":\"EntryPoint\",\"urlTemplate\":\"https:\/\/silaliving.com\/vi\/?s={search_term_string}\"},\"query-input\":\"required name=search_term_string\"}],\"inLanguage\":\"vi-VN\"}]}<\/script>\n<!-- \/ Yoast SEO plugin. -->","yoast_head_json":{"title":"H\u1ec6 TH\u1ed0NG PH\u00d2NG - SILA Urban Living","robots":{"index":"index","follow":"follow","max-snippet":"max-snippet:-1","max-image-preview":"max-image-preview:large","max-video-preview":"max-video-preview:-1"},"canonical":"https:\/\/silaliving.com\/vi\/accomodation\/","og_locale":"vi_VN","og_type":"article","og_title":"H\u1ec6 TH\u1ed0NG PH\u00d2NG - SILA Urban Living","og_description":"T\u1ea1i SILA Urban Living, ch\u00fang t\u00f4i cung c\u1ea5p n\u01a1i \u1edf ph\u00f9 h\u1ee3p cho t\u1ea5t c\u1ea3 c\u00e1c lo\u1ea1i chuy\u1ebfn \u0111i. Cho d\u00f9 \u0111\u00f3 l\u00e0 m\u1ed9t chuy\u1ebfn du l\u1ecbch ngh\u1ec9 ng\u01a1i l\u00e3ng m\u1ea1n, m\u1ed9t chuy\u1ebfn c\u00f4ng t\u00e1c, m\u1ed9t chuy\u1ebfn \u0111i c\u00f9ng v\u1edbi b\u1ea1n b\u00e8 ho\u1eb7c m\u1ed9t k\u1ef3 ngh\u1ec9 gia \u0111\u00ecnh, c\u00e1c ph\u00f2ng Studios phong c\u00e1ch v\u00e0 c\u00e1c [&hellip;]","og_url":"https:\/\/silaliving.com\/vi\/accomodation\/","og_site_name":"SILA Urban Living","article_modified_time":"2020-06-12T03:53:38+00:00","og_image":[{"width":1200,"height":799,"url":"https:\/\/silaliving.com\/wp-content\/uploads\/sites\/78\/2020\/02\/ACC1.jpg.jpg","type":"image\/jpeg"}],"twitter_card":"summary_large_image","twitter_misc":{"Est. reading time":"1 minute"},"schema":{"@context":"https:\/\/schema.org","@graph":[{"@type":"WebPage","@id":"https:\/\/silaliving.com\/vi\/accomodation\/","url":"https:\/\/silaliving.com\/vi\/accomodation\/","name":"H\u1ec6 TH\u1ed0NG PH\u00d2NG - SILA Urban Living","isPartOf":{"@id":"https:\/\/silaliving.com\/vi\/#website"},"primaryImageOfPage":{"@id":"https:\/\/silaliving.com\/vi\/accomodation\/#primaryimage"},"image":{"@id":"https:\/\/silaliving.com\/vi\/accomodation\/#primaryimage"},"thumbnailUrl":"https:\/\/silaliving.com\/wp-content\/uploads\/sites\/78\/2020\/02\/ACC1.jpg.jpg","datePublished":"2020-03-18T03:59:50+00:00","dateModified":"2020-06-12T03:53:38+00:00","breadcrumb":{"@id":"https:\/\/silaliving.com\/vi\/accomodation\/#breadcrumb"},"inLanguage":"vi-VN","potentialAction":[{"@type":"ReadAction","target":["https:\/\/silaliving.com\/vi\/accomodation\/"]}]},{"@type":"ImageObject","inLanguage":"vi-VN","@id":"https:\/\/silaliving.com\/vi\/accomodation\/#primaryimage","url":"https:\/\/silaliving.com\/wp-content\/uploads\/sites\/78\/2020\/02\/ACC1.jpg.jpg","contentUrl":"https:\/\/silaliving.com\/wp-content\/uploads\/sites\/78\/2020\/02\/ACC1.jpg.jpg","width":1200,"height":799},{"@type":"BreadcrumbList","@id":"https:\/\/silaliving.com\/vi\/accomodation\/#breadcrumb","itemListElement":[{"@type":"ListItem","position":1,"name":"Home","item":"https:\/\/silaliving.com\/vi\/"},{"@type":"ListItem","position":2,"name":"H\u1ec6 TH\u1ed0NG PH\u00d2NG"}]},{"@type":"WebSite","@id":"https:\/\/silaliving.com\/vi\/#website","url":"https:\/\/silaliving.com\/vi\/","name":"SILA Urban Living","description":"| Exceptional Comfort","potentialAction":[{"@type":"SearchAction","target":{"@type":"EntryPoint","urlTemplate":"https:\/\/silaliving.com\/vi\/?s={search_term_string}"},"query-input":"required name=search_term_string"}],"inLanguage":"vi-VN"}]}},"_links":{"self":[{"href":"https:\/\/silaliving.com\/vi\/wp-json\/wp\/v2\/pages\/583"}],"collection":[{"href":"https:\/\/silaliving.com\/vi\/wp-json\/wp\/v2\/pages"}],"about":[{"href":"https:\/\/silaliving.com\/vi\/wp-json\/wp\/v2\/types\/page"}],"author":[{"embeddable":true,"href":"https:\/\/silaliving.com\/vi\/wp-json\/wp\/v2\/users\/124"}],"replies":[{"embeddable":true,"href":"https:\/\/silaliving.com\/vi\/wp-json\/wp\/v2\/comments?post=583"}],"version-history":[{"count":0,"href":"https:\/\/silaliving.com\/vi\/wp-json\/wp\/v2\/pages\/583\/revisions"}],"wp:featuredmedia":[{"embeddable":true,"href":"https:\/\/silaliving.com\/vi\/wp-json\/wp\/v2\/media\/30"}],"wp:attachment":[{"href":"https:\/\/silaliving.com\/vi\/wp-json\/wp\/v2\/media?parent=583"}],"curies":[{"name":"wp","href":"https:\/\/api.w.org\/{rel}","templated":true}]}}