{"id":605,"date":"2020-03-18T04:05:42","date_gmt":"2020-03-18T04:05:42","guid":{"rendered":"http:\/\/sila-urban-living.ms.decms.asia\/?page_id=605"},"modified":"2020-06-26T04:28:14","modified_gmt":"2020-06-26T04:28:14","slug":"studio-executive","status":"publish","type":"page","link":"https:\/\/silaliving.com\/vi\/accomodation\/studio-executive\/","title":{"rendered":"C\u0102N H\u1ed8 STUDIO EXECUTIVE"},"content":{"rendered":"<p>C\u0103n h\u1ed9 Studio Executive r\u1ed9ng r\u00e3i h\u01a1n v\u1edbi 37m2 l\u00e0 m\u1ed9t l\u1ef1a ch\u1ecdn kh\u00e1c. Ho\u00e0n h\u1ea3o d\u00e0nh cho kh\u00e1ch h\u00e0ng \u0111\u1ed9c th\u00e2n ho\u1eb7c c\u00e1c c\u1eb7p \u0111\u00f4i, c\u0103n h\u1ed9 n\u00e0y cung c\u1ea5p TV m\u00e0n h\u00ecnh LED l\u1edbn, b\u1ebfp nh\u1ecf, b\u00e1t sen tr\u1ea7n v\u00e0 Wi-Fi mi\u1ec5n ph\u00ed. Kh\u00e1ch c\u00f3 th\u1ec3 ch\u1ecdn l\u1ef1a gi\u1eefa nhi\u1ec1u lo\u1ea1i gi\u01b0\u1eddng \u2013 gi\u01b0\u1eddng \u0111\u00f4i, hai gi\u01b0\u1eddng \u0111\u01a1n ho\u1eb7c hai gi\u01b0\u1eddng \u0111\u01a1n gh\u00e9p l\u1ea1i.<\/p>\n","protected":false},"excerpt":{"rendered":"<p>C\u0103n h\u1ed9 Studio Executive r\u1ed9ng r\u00e3i h\u01a1n v\u1edbi 37m2 l\u00e0 m\u1ed9t l\u1ef1a ch\u1ecdn kh\u00e1c. Ho\u00e0n h\u1ea3o d\u00e0nh cho kh\u00e1ch h\u00e0ng \u0111\u1ed9c th\u00e2n ho\u1eb7c c\u00e1c c\u1eb7p \u0111\u00f4i, c\u0103n h\u1ed9 n\u00e0y cung c\u1ea5p TV m\u00e0n h\u00ecnh LED l\u1edbn, b\u1ebfp nh\u1ecf, b\u00e1t sen tr\u1ea7n v\u00e0 Wi-Fi mi\u1ec5n ph\u00ed. Kh\u00e1ch c\u00f3 th\u1ec3 ch\u1ecdn l\u1ef1a gi\u1eefa nhi\u1ec1u lo\u1ea1i gi\u01b0\u1eddng \u2013 [&hellip;]<\/p>\n","protected":false},"author":124,"featured_media":1026,"parent":583,"menu_order":0,"comment_status":"closed","ping_status":"closed","template":"template-single-room.php","meta":{"footnotes":""},"acf":[],"yoast_head":"<!-- This site is optimized with the Yoast SEO plugin v22.3 - https:\/\/yoast.com\/wordpress\/plugins\/seo\/ -->\n<title>C\u0102N H\u1ed8 STUDIO EXECUTIVE - SILA Urban Living<\/title>\n<meta name=\"robots\" content=\"index, follow, max-snippet:-1, max-image-preview:large, max-video-preview:-1\" \/>\n<link rel=\"canonical\" href=\"https:\/\/silaliving.com\/vi\/accomodation\/studio-executive\/\" \/>\n<meta property=\"og:locale\" content=\"vi_VN\" \/>\n<meta property=\"og:type\" content=\"article\" \/>\n<meta property=\"og:title\" content=\"C\u0102N H\u1ed8 STUDIO EXECUTIVE - SILA Urban Living\" \/>\n<meta property=\"og:description\" content=\"C\u0103n h\u1ed9 Studio Executive r\u1ed9ng r\u00e3i h\u01a1n v\u1edbi 37m2 l\u00e0 m\u1ed9t l\u1ef1a ch\u1ecdn kh\u00e1c. Ho\u00e0n h\u1ea3o d\u00e0nh cho kh\u00e1ch h\u00e0ng \u0111\u1ed9c th\u00e2n ho\u1eb7c c\u00e1c c\u1eb7p \u0111\u00f4i, c\u0103n h\u1ed9 n\u00e0y cung c\u1ea5p TV m\u00e0n h\u00ecnh LED l\u1edbn, b\u1ebfp nh\u1ecf, b\u00e1t sen tr\u1ea7n v\u00e0 Wi-Fi mi\u1ec5n ph\u00ed. Kh\u00e1ch c\u00f3 th\u1ec3 ch\u1ecdn l\u1ef1a gi\u1eefa nhi\u1ec1u lo\u1ea1i gi\u01b0\u1eddng \u2013 [&hellip;]\" \/>\n<meta property=\"og:url\" content=\"https:\/\/silaliving.com\/vi\/accomodation\/studio-executive\/\" \/>\n<meta property=\"og:site_name\" content=\"SILA Urban Living\" \/>\n<meta property=\"article:modified_time\" content=\"2020-06-26T04:28:14+00:00\" \/>\n<meta property=\"og:image\" content=\"https:\/\/silaliving.com\/wp-content\/uploads\/sites\/78\/2020\/04\/STE1.jpg-scaled.jpg\" \/>\n\t<meta property=\"og:image:width\" content=\"2560\" \/>\n\t<meta property=\"og:image:height\" content=\"1735\" \/>\n\t<meta property=\"og:image:type\" content=\"image\/jpeg\" \/>\n<meta name=\"twitter:card\" content=\"summary_large_image\" \/>\n<meta name=\"twitter:label1\" content=\"Est. reading time\" \/>\n\t<meta name=\"twitter:data1\" content=\"1 minute\" \/>\n<script type=\"application\/ld+json\" class=\"yoast-schema-graph\">{\"@context\":\"https:\/\/schema.org\",\"@graph\":[{\"@type\":\"WebPage\",\"@id\":\"https:\/\/silaliving.com\/vi\/accomodation\/studio-executive\/\",\"url\":\"https:\/\/silaliving.com\/vi\/accomodation\/studio-executive\/\",\"name\":\"C\u0102N H\u1ed8 STUDIO EXECUTIVE - SILA Urban Living\",\"isPartOf\":{\"@id\":\"https:\/\/silaliving.com\/vi\/#website\"},\"primaryImageOfPage\":{\"@id\":\"https:\/\/silaliving.com\/vi\/accomodation\/studio-executive\/#primaryimage\"},\"image\":{\"@id\":\"https:\/\/silaliving.com\/vi\/accomodation\/studio-executive\/#primaryimage\"},\"thumbnailUrl\":\"https:\/\/silaliving.com\/wp-content\/uploads\/sites\/78\/2020\/04\/STE1.jpg-scaled.jpg\",\"datePublished\":\"2020-03-18T04:05:42+00:00\",\"dateModified\":\"2020-06-26T04:28:14+00:00\",\"breadcrumb\":{\"@id\":\"https:\/\/silaliving.com\/vi\/accomodation\/studio-executive\/#breadcrumb\"},\"inLanguage\":\"vi-VN\",\"potentialAction\":[{\"@type\":\"ReadAction\",\"target\":[\"https:\/\/silaliving.com\/vi\/accomodation\/studio-executive\/\"]}]},{\"@type\":\"ImageObject\",\"inLanguage\":\"vi-VN\",\"@id\":\"https:\/\/silaliving.com\/vi\/accomodation\/studio-executive\/#primaryimage\",\"url\":\"https:\/\/silaliving.com\/wp-content\/uploads\/sites\/78\/2020\/04\/STE1.jpg-scaled.jpg\",\"contentUrl\":\"https:\/\/silaliving.com\/wp-content\/uploads\/sites\/78\/2020\/04\/STE1.jpg-scaled.jpg\",\"width\":2560,\"height\":1735},{\"@type\":\"BreadcrumbList\",\"@id\":\"https:\/\/silaliving.com\/vi\/accomodation\/studio-executive\/#breadcrumb\",\"itemListElement\":[{\"@type\":\"ListItem\",\"position\":1,\"name\":\"Home\",\"item\":\"https:\/\/silaliving.com\/vi\/\"},{\"@type\":\"ListItem\",\"position\":2,\"name\":\"H\u1ec6 TH\u1ed0NG PH\u00d2NG\",\"item\":\"https:\/\/silaliving.com\/vi\/accomodation\/\"},{\"@type\":\"ListItem\",\"position\":3,\"name\":\"C\u0102N H\u1ed8 STUDIO EXECUTIVE\"}]},{\"@type\":\"WebSite\",\"@id\":\"https:\/\/silaliving.com\/vi\/#website\",\"url\":\"https:\/\/silaliving.com\/vi\/\",\"name\":\"SILA Urban Living\",\"description\":\"| Exceptional Comfort\",\"potentialAction\":[{\"@type\":\"SearchAction\",\"target\":{\"@type\":\"EntryPoint\",\"urlTemplate\":\"https:\/\/silaliving.com\/vi\/?s={search_term_string}\"},\"query-input\":\"required name=search_term_string\"}],\"inLanguage\":\"vi-VN\"}]}<\/script>\n<!-- \/ Yoast SEO plugin. -->","yoast_head_json":{"title":"C\u0102N H\u1ed8 STUDIO EXECUTIVE - SILA Urban Living","robots":{"index":"index","follow":"follow","max-snippet":"max-snippet:-1","max-image-preview":"max-image-preview:large","max-video-preview":"max-video-preview:-1"},"canonical":"https:\/\/silaliving.com\/vi\/accomodation\/studio-executive\/","og_locale":"vi_VN","og_type":"article","og_title":"C\u0102N H\u1ed8 STUDIO EXECUTIVE - SILA Urban Living","og_description":"C\u0103n h\u1ed9 Studio Executive r\u1ed9ng r\u00e3i h\u01a1n v\u1edbi 37m2 l\u00e0 m\u1ed9t l\u1ef1a ch\u1ecdn kh\u00e1c. Ho\u00e0n h\u1ea3o d\u00e0nh cho kh\u00e1ch h\u00e0ng \u0111\u1ed9c th\u00e2n ho\u1eb7c c\u00e1c c\u1eb7p \u0111\u00f4i, c\u0103n h\u1ed9 n\u00e0y cung c\u1ea5p TV m\u00e0n h\u00ecnh LED l\u1edbn, b\u1ebfp nh\u1ecf, b\u00e1t sen tr\u1ea7n v\u00e0 Wi-Fi mi\u1ec5n ph\u00ed. Kh\u00e1ch c\u00f3 th\u1ec3 ch\u1ecdn l\u1ef1a gi\u1eefa nhi\u1ec1u lo\u1ea1i gi\u01b0\u1eddng \u2013 [&hellip;]","og_url":"https:\/\/silaliving.com\/vi\/accomodation\/studio-executive\/","og_site_name":"SILA Urban Living","article_modified_time":"2020-06-26T04:28:14+00:00","og_image":[{"width":2560,"height":1735,"url":"https:\/\/silaliving.com\/wp-content\/uploads\/sites\/78\/2020\/04\/STE1.jpg-scaled.jpg","type":"image\/jpeg"}],"twitter_card":"summary_large_image","twitter_misc":{"Est. reading time":"1 minute"},"schema":{"@context":"https:\/\/schema.org","@graph":[{"@type":"WebPage","@id":"https:\/\/silaliving.com\/vi\/accomodation\/studio-executive\/","url":"https:\/\/silaliving.com\/vi\/accomodation\/studio-executive\/","name":"C\u0102N H\u1ed8 STUDIO EXECUTIVE - SILA Urban Living","isPartOf":{"@id":"https:\/\/silaliving.com\/vi\/#website"},"primaryImageOfPage":{"@id":"https:\/\/silaliving.com\/vi\/accomodation\/studio-executive\/#primaryimage"},"image":{"@id":"https:\/\/silaliving.com\/vi\/accomodation\/studio-executive\/#primaryimage"},"thumbnailUrl":"https:\/\/silaliving.com\/wp-content\/uploads\/sites\/78\/2020\/04\/STE1.jpg-scaled.jpg","datePublished":"2020-03-18T04:05:42+00:00","dateModified":"2020-06-26T04:28:14+00:00","breadcrumb":{"@id":"https:\/\/silaliving.com\/vi\/accomodation\/studio-executive\/#breadcrumb"},"inLanguage":"vi-VN","potentialAction":[{"@type":"ReadAction","target":["https:\/\/silaliving.com\/vi\/accomodation\/studio-executive\/"]}]},{"@type":"ImageObject","inLanguage":"vi-VN","@id":"https:\/\/silaliving.com\/vi\/accomodation\/studio-executive\/#primaryimage","url":"https:\/\/silaliving.com\/wp-content\/uploads\/sites\/78\/2020\/04\/STE1.jpg-scaled.jpg","contentUrl":"https:\/\/silaliving.com\/wp-content\/uploads\/sites\/78\/2020\/04\/STE1.jpg-scaled.jpg","width":2560,"height":1735},{"@type":"BreadcrumbList","@id":"https:\/\/silaliving.com\/vi\/accomodation\/studio-executive\/#breadcrumb","itemListElement":[{"@type":"ListItem","position":1,"name":"Home","item":"https:\/\/silaliving.com\/vi\/"},{"@type":"ListItem","position":2,"name":"H\u1ec6 TH\u1ed0NG PH\u00d2NG","item":"https:\/\/silaliving.com\/vi\/accomodation\/"},{"@type":"ListItem","position":3,"name":"C\u0102N H\u1ed8 STUDIO EXECUTIVE"}]},{"@type":"WebSite","@id":"https:\/\/silaliving.com\/vi\/#website","url":"https:\/\/silaliving.com\/vi\/","name":"SILA Urban Living","description":"| Exceptional Comfort","potentialAction":[{"@type":"SearchAction","target":{"@type":"EntryPoint","urlTemplate":"https:\/\/silaliving.com\/vi\/?s={search_term_string}"},"query-input":"required name=search_term_string"}],"inLanguage":"vi-VN"}]}},"_links":{"self":[{"href":"https:\/\/silaliving.com\/vi\/wp-json\/wp\/v2\/pages\/605"}],"collection":[{"href":"https:\/\/silaliving.com\/vi\/wp-json\/wp\/v2\/pages"}],"about":[{"href":"https:\/\/silaliving.com\/vi\/wp-json\/wp\/v2\/types\/page"}],"author":[{"embeddable":true,"href":"https:\/\/silaliving.com\/vi\/wp-json\/wp\/v2\/users\/124"}],"replies":[{"embeddable":true,"href":"https:\/\/silaliving.com\/vi\/wp-json\/wp\/v2\/comments?post=605"}],"version-history":[{"count":0,"href":"https:\/\/silaliving.com\/vi\/wp-json\/wp\/v2\/pages\/605\/revisions"}],"up":[{"embeddable":true,"href":"https:\/\/silaliving.com\/vi\/wp-json\/wp\/v2\/pages\/583"}],"wp:featuredmedia":[{"embeddable":true,"href":"https:\/\/silaliving.com\/vi\/wp-json\/wp\/v2\/media\/1026"}],"wp:attachment":[{"href":"https:\/\/silaliving.com\/vi\/wp-json\/wp\/v2\/media?parent=605"}],"curies":[{"name":"wp","href":"https:\/\/api.w.org\/{rel}","templated":true}]}}