{"id":642,"date":"2020-03-18T04:10:24","date_gmt":"2020-03-18T04:10:24","guid":{"rendered":"http:\/\/sila-urban-living.ms.decms.asia\/?page_id=642"},"modified":"2020-06-26T04:43:41","modified_gmt":"2020-06-26T04:43:41","slug":"one-bedroom-signature","status":"publish","type":"page","link":"https:\/\/silaliving.com\/vi\/accomodation\/one-bedroom-signature\/","title":{"rendered":"C\u0102N H\u1ed8 M\u1ed8T PH\u00d2NG NG\u1ee6 SIGNATURE"},"content":{"rendered":"<p>V\u1edbi di\u1ec7n t\u00edch 60m2, c\u0103n h\u1ed9 M\u1ed9t ph\u00f2ng ng\u1ee7 Signature l\u00e0 s\u1ef1 l\u1ef1a ch\u1ecdn ho\u00e0n h\u1ea3o cho k\u1ef3 ngh\u1ec9 tho\u1ea3i m\u00e1i h\u01a1n v\u00e0 d\u00e0i h\u01a1n. \u0110\u00e2y l\u00e0 lo\u1ea1i ph\u00f2ng l\u1edbn nh\u1ea5t trong s\u1ed1 c\u00e1c c\u0103n h\u1ed9 M\u1ed9t ph\u00f2ng ng\u1ee7, c\u0103n h\u1ed9 n\u00e0y c\u00f3 khu v\u1ef1c gi\u1ea3i tr\u00ed r\u1ed9ng l\u1edbn, \u0111\u01b0\u1ee3c trang b\u1ecb hai TV m\u00e0n h\u00ecnh LED l\u1edbn, b\u1ebfp nh\u1ecf, b\u00e1t sen tr\u1ea7n, Wi-Fi mi\u1ec5n ph\u00ed v\u00e0 m\u00e1y gi\u1eb7t-m\u00e1y s\u1ea5y.<\/p>\n","protected":false},"excerpt":{"rendered":"<p>V\u1edbi di\u1ec7n t\u00edch 60m2, c\u0103n h\u1ed9 M\u1ed9t ph\u00f2ng ng\u1ee7 Signature l\u00e0 s\u1ef1 l\u1ef1a ch\u1ecdn ho\u00e0n h\u1ea3o cho k\u1ef3 ngh\u1ec9 tho\u1ea3i m\u00e1i h\u01a1n v\u00e0 d\u00e0i h\u01a1n. \u0110\u00e2y l\u00e0 lo\u1ea1i ph\u00f2ng l\u1edbn nh\u1ea5t trong s\u1ed1 c\u00e1c c\u0103n h\u1ed9 M\u1ed9t ph\u00f2ng ng\u1ee7, c\u0103n h\u1ed9 n\u00e0y c\u00f3 khu v\u1ef1c gi\u1ea3i tr\u00ed r\u1ed9ng l\u1edbn, \u0111\u01b0\u1ee3c trang b\u1ecb hai TV m\u00e0n [&hellip;]<\/p>\n","protected":false},"author":124,"featured_media":81,"parent":583,"menu_order":0,"comment_status":"closed","ping_status":"closed","template":"template-single-room.php","meta":{"footnotes":""},"acf":[],"yoast_head":"<!-- This site is optimized with the Yoast SEO plugin v22.3 - https:\/\/yoast.com\/wordpress\/plugins\/seo\/ -->\n<title>C\u0102N H\u1ed8 M\u1ed8T PH\u00d2NG NG\u1ee6 SIGNATURE - SILA Urban Living<\/title>\n<meta name=\"robots\" content=\"index, follow, max-snippet:-1, max-image-preview:large, max-video-preview:-1\" \/>\n<link rel=\"canonical\" href=\"https:\/\/silaliving.com\/vi\/accomodation\/one-bedroom-signature\/\" \/>\n<meta property=\"og:locale\" content=\"vi_VN\" \/>\n<meta property=\"og:type\" content=\"article\" \/>\n<meta property=\"og:title\" content=\"C\u0102N H\u1ed8 M\u1ed8T PH\u00d2NG NG\u1ee6 SIGNATURE - SILA Urban Living\" \/>\n<meta property=\"og:description\" content=\"V\u1edbi di\u1ec7n t\u00edch 60m2, c\u0103n h\u1ed9 M\u1ed9t ph\u00f2ng ng\u1ee7 Signature l\u00e0 s\u1ef1 l\u1ef1a ch\u1ecdn ho\u00e0n h\u1ea3o cho k\u1ef3 ngh\u1ec9 tho\u1ea3i m\u00e1i h\u01a1n v\u00e0 d\u00e0i h\u01a1n. \u0110\u00e2y l\u00e0 lo\u1ea1i ph\u00f2ng l\u1edbn nh\u1ea5t trong s\u1ed1 c\u00e1c c\u0103n h\u1ed9 M\u1ed9t ph\u00f2ng ng\u1ee7, c\u0103n h\u1ed9 n\u00e0y c\u00f3 khu v\u1ef1c gi\u1ea3i tr\u00ed r\u1ed9ng l\u1edbn, \u0111\u01b0\u1ee3c trang b\u1ecb hai TV m\u00e0n [&hellip;]\" \/>\n<meta property=\"og:url\" content=\"https:\/\/silaliving.com\/vi\/accomodation\/one-bedroom-signature\/\" \/>\n<meta property=\"og:site_name\" content=\"SILA Urban Living\" \/>\n<meta property=\"article:modified_time\" content=\"2020-06-26T04:43:41+00:00\" \/>\n<meta property=\"og:image\" content=\"https:\/\/silaliving.com\/wp-content\/uploads\/sites\/78\/2020\/02\/1BRSIG1.jpg.jpg\" \/>\n\t<meta property=\"og:image:width\" content=\"1200\" \/>\n\t<meta property=\"og:image:height\" content=\"798\" \/>\n\t<meta property=\"og:image:type\" content=\"image\/jpeg\" \/>\n<meta name=\"twitter:card\" content=\"summary_large_image\" \/>\n<meta name=\"twitter:label1\" content=\"Est. reading time\" \/>\n\t<meta name=\"twitter:data1\" content=\"1 minute\" \/>\n<script type=\"application\/ld+json\" class=\"yoast-schema-graph\">{\"@context\":\"https:\/\/schema.org\",\"@graph\":[{\"@type\":\"WebPage\",\"@id\":\"https:\/\/silaliving.com\/vi\/accomodation\/one-bedroom-signature\/\",\"url\":\"https:\/\/silaliving.com\/vi\/accomodation\/one-bedroom-signature\/\",\"name\":\"C\u0102N H\u1ed8 M\u1ed8T PH\u00d2NG NG\u1ee6 SIGNATURE - SILA Urban Living\",\"isPartOf\":{\"@id\":\"https:\/\/silaliving.com\/vi\/#website\"},\"primaryImageOfPage\":{\"@id\":\"https:\/\/silaliving.com\/vi\/accomodation\/one-bedroom-signature\/#primaryimage\"},\"image\":{\"@id\":\"https:\/\/silaliving.com\/vi\/accomodation\/one-bedroom-signature\/#primaryimage\"},\"thumbnailUrl\":\"https:\/\/silaliving.com\/wp-content\/uploads\/sites\/78\/2020\/02\/1BRSIG1.jpg.jpg\",\"datePublished\":\"2020-03-18T04:10:24+00:00\",\"dateModified\":\"2020-06-26T04:43:41+00:00\",\"breadcrumb\":{\"@id\":\"https:\/\/silaliving.com\/vi\/accomodation\/one-bedroom-signature\/#breadcrumb\"},\"inLanguage\":\"vi-VN\",\"potentialAction\":[{\"@type\":\"ReadAction\",\"target\":[\"https:\/\/silaliving.com\/vi\/accomodation\/one-bedroom-signature\/\"]}]},{\"@type\":\"ImageObject\",\"inLanguage\":\"vi-VN\",\"@id\":\"https:\/\/silaliving.com\/vi\/accomodation\/one-bedroom-signature\/#primaryimage\",\"url\":\"https:\/\/silaliving.com\/wp-content\/uploads\/sites\/78\/2020\/02\/1BRSIG1.jpg.jpg\",\"contentUrl\":\"https:\/\/silaliving.com\/wp-content\/uploads\/sites\/78\/2020\/02\/1BRSIG1.jpg.jpg\",\"width\":1200,\"height\":798},{\"@type\":\"BreadcrumbList\",\"@id\":\"https:\/\/silaliving.com\/vi\/accomodation\/one-bedroom-signature\/#breadcrumb\",\"itemListElement\":[{\"@type\":\"ListItem\",\"position\":1,\"name\":\"Home\",\"item\":\"https:\/\/silaliving.com\/vi\/\"},{\"@type\":\"ListItem\",\"position\":2,\"name\":\"H\u1ec6 TH\u1ed0NG PH\u00d2NG\",\"item\":\"https:\/\/silaliving.com\/vi\/accomodation\/\"},{\"@type\":\"ListItem\",\"position\":3,\"name\":\"C\u0102N H\u1ed8 M\u1ed8T PH\u00d2NG NG\u1ee6 SIGNATURE\"}]},{\"@type\":\"WebSite\",\"@id\":\"https:\/\/silaliving.com\/vi\/#website\",\"url\":\"https:\/\/silaliving.com\/vi\/\",\"name\":\"SILA Urban Living\",\"description\":\"| Exceptional Comfort\",\"potentialAction\":[{\"@type\":\"SearchAction\",\"target\":{\"@type\":\"EntryPoint\",\"urlTemplate\":\"https:\/\/silaliving.com\/vi\/?s={search_term_string}\"},\"query-input\":\"required name=search_term_string\"}],\"inLanguage\":\"vi-VN\"}]}<\/script>\n<!-- \/ Yoast SEO plugin. -->","yoast_head_json":{"title":"C\u0102N H\u1ed8 M\u1ed8T PH\u00d2NG NG\u1ee6 SIGNATURE - SILA Urban Living","robots":{"index":"index","follow":"follow","max-snippet":"max-snippet:-1","max-image-preview":"max-image-preview:large","max-video-preview":"max-video-preview:-1"},"canonical":"https:\/\/silaliving.com\/vi\/accomodation\/one-bedroom-signature\/","og_locale":"vi_VN","og_type":"article","og_title":"C\u0102N H\u1ed8 M\u1ed8T PH\u00d2NG NG\u1ee6 SIGNATURE - SILA Urban Living","og_description":"V\u1edbi di\u1ec7n t\u00edch 60m2, c\u0103n h\u1ed9 M\u1ed9t ph\u00f2ng ng\u1ee7 Signature l\u00e0 s\u1ef1 l\u1ef1a ch\u1ecdn ho\u00e0n h\u1ea3o cho k\u1ef3 ngh\u1ec9 tho\u1ea3i m\u00e1i h\u01a1n v\u00e0 d\u00e0i h\u01a1n. \u0110\u00e2y l\u00e0 lo\u1ea1i ph\u00f2ng l\u1edbn nh\u1ea5t trong s\u1ed1 c\u00e1c c\u0103n h\u1ed9 M\u1ed9t ph\u00f2ng ng\u1ee7, c\u0103n h\u1ed9 n\u00e0y c\u00f3 khu v\u1ef1c gi\u1ea3i tr\u00ed r\u1ed9ng l\u1edbn, \u0111\u01b0\u1ee3c trang b\u1ecb hai TV m\u00e0n [&hellip;]","og_url":"https:\/\/silaliving.com\/vi\/accomodation\/one-bedroom-signature\/","og_site_name":"SILA Urban Living","article_modified_time":"2020-06-26T04:43:41+00:00","og_image":[{"width":1200,"height":798,"url":"https:\/\/silaliving.com\/wp-content\/uploads\/sites\/78\/2020\/02\/1BRSIG1.jpg.jpg","type":"image\/jpeg"}],"twitter_card":"summary_large_image","twitter_misc":{"Est. reading time":"1 minute"},"schema":{"@context":"https:\/\/schema.org","@graph":[{"@type":"WebPage","@id":"https:\/\/silaliving.com\/vi\/accomodation\/one-bedroom-signature\/","url":"https:\/\/silaliving.com\/vi\/accomodation\/one-bedroom-signature\/","name":"C\u0102N H\u1ed8 M\u1ed8T PH\u00d2NG NG\u1ee6 SIGNATURE - SILA Urban Living","isPartOf":{"@id":"https:\/\/silaliving.com\/vi\/#website"},"primaryImageOfPage":{"@id":"https:\/\/silaliving.com\/vi\/accomodation\/one-bedroom-signature\/#primaryimage"},"image":{"@id":"https:\/\/silaliving.com\/vi\/accomodation\/one-bedroom-signature\/#primaryimage"},"thumbnailUrl":"https:\/\/silaliving.com\/wp-content\/uploads\/sites\/78\/2020\/02\/1BRSIG1.jpg.jpg","datePublished":"2020-03-18T04:10:24+00:00","dateModified":"2020-06-26T04:43:41+00:00","breadcrumb":{"@id":"https:\/\/silaliving.com\/vi\/accomodation\/one-bedroom-signature\/#breadcrumb"},"inLanguage":"vi-VN","potentialAction":[{"@type":"ReadAction","target":["https:\/\/silaliving.com\/vi\/accomodation\/one-bedroom-signature\/"]}]},{"@type":"ImageObject","inLanguage":"vi-VN","@id":"https:\/\/silaliving.com\/vi\/accomodation\/one-bedroom-signature\/#primaryimage","url":"https:\/\/silaliving.com\/wp-content\/uploads\/sites\/78\/2020\/02\/1BRSIG1.jpg.jpg","contentUrl":"https:\/\/silaliving.com\/wp-content\/uploads\/sites\/78\/2020\/02\/1BRSIG1.jpg.jpg","width":1200,"height":798},{"@type":"BreadcrumbList","@id":"https:\/\/silaliving.com\/vi\/accomodation\/one-bedroom-signature\/#breadcrumb","itemListElement":[{"@type":"ListItem","position":1,"name":"Home","item":"https:\/\/silaliving.com\/vi\/"},{"@type":"ListItem","position":2,"name":"H\u1ec6 TH\u1ed0NG PH\u00d2NG","item":"https:\/\/silaliving.com\/vi\/accomodation\/"},{"@type":"ListItem","position":3,"name":"C\u0102N H\u1ed8 M\u1ed8T PH\u00d2NG NG\u1ee6 SIGNATURE"}]},{"@type":"WebSite","@id":"https:\/\/silaliving.com\/vi\/#website","url":"https:\/\/silaliving.com\/vi\/","name":"SILA Urban Living","description":"| Exceptional Comfort","potentialAction":[{"@type":"SearchAction","target":{"@type":"EntryPoint","urlTemplate":"https:\/\/silaliving.com\/vi\/?s={search_term_string}"},"query-input":"required name=search_term_string"}],"inLanguage":"vi-VN"}]}},"_links":{"self":[{"href":"https:\/\/silaliving.com\/vi\/wp-json\/wp\/v2\/pages\/642"}],"collection":[{"href":"https:\/\/silaliving.com\/vi\/wp-json\/wp\/v2\/pages"}],"about":[{"href":"https:\/\/silaliving.com\/vi\/wp-json\/wp\/v2\/types\/page"}],"author":[{"embeddable":true,"href":"https:\/\/silaliving.com\/vi\/wp-json\/wp\/v2\/users\/124"}],"replies":[{"embeddable":true,"href":"https:\/\/silaliving.com\/vi\/wp-json\/wp\/v2\/comments?post=642"}],"version-history":[{"count":0,"href":"https:\/\/silaliving.com\/vi\/wp-json\/wp\/v2\/pages\/642\/revisions"}],"up":[{"embeddable":true,"href":"https:\/\/silaliving.com\/vi\/wp-json\/wp\/v2\/pages\/583"}],"wp:featuredmedia":[{"embeddable":true,"href":"https:\/\/silaliving.com\/vi\/wp-json\/wp\/v2\/media\/81"}],"wp:attachment":[{"href":"https:\/\/silaliving.com\/vi\/wp-json\/wp\/v2\/media?parent=642"}],"curies":[{"name":"wp","href":"https:\/\/api.w.org\/{rel}","templated":true}]}}