{"id":655,"date":"2020-03-18T04:11:58","date_gmt":"2020-03-18T04:11:58","guid":{"rendered":"http:\/\/sila-urban-living.ms.decms.asia\/?page_id=655"},"modified":"2020-06-26T04:49:29","modified_gmt":"2020-06-26T04:49:29","slug":"two-bedroom-signature","status":"publish","type":"page","link":"https:\/\/silaliving.com\/vi\/accomodation\/two-bedroom-signature\/","title":{"rendered":"C\u0102N H\u1ed8 HAI PH\u00d2NG NG\u1ee6 SIGNATURE"},"content":{"rendered":"<p>N\u1ebfu b\u1ea1n \u0111i du l\u1ecbch c\u00f9ng v\u1edbi gia \u0111\u00ecnh, c\u1eb7p \u0111\u00f4i, ho\u1eb7c b\u1ea1n ch\u1ec9 mu\u1ed1n c\u00f3 th\u00eam kh\u00f4ng gian, c\u0103n h\u1ed9 Hai ph\u00f2ng ng\u1ee7 Signature l\u00e0 n\u01a1i l\u00fd t\u01b0\u1edfng cho nh\u1eefng k\u1ef3 ngh\u1ec9 tho\u1ea3i m\u00e1i nh\u1ea5t. V\u1edbi di\u1ec7n t\u00edch 67m2, c\u0103n h\u1ed9 tuy\u1ec7t \u0111\u1eb9p n\u00e0y l\u00e0 s\u1ef1 k\u1ebft h\u1ee3p tuy\u1ec7t v\u1eddi c\u1ee7a n\u1ed9i th\u1ea5t hi\u1ec7n \u0111\u1ea1i v\u00e0 n\u00e9t ki\u1ebfn tr\u00fac mang \u0111\u1eadm d\u1ea5u \u1ea5n ri\u00eang, mang \u0111\u1ebfn cho c\u0103n h\u1ed9 v\u1ebb \u0111\u1eb9p ho\u00e0n thi\u1ec7n v\u00e0 \u0111\u1eb7c s\u1eafc nh\u1ea5t t\u1ea1i SILA Urban Living. Ngo\u00e0i ra, c\u0103n h\u1ed9 c\u0169ng cung c\u1ea5p ba TV m\u00e0n h\u00ecnh LED l\u1edbn, b\u1ebfp nh\u1ecf, b\u00e1t sen tr\u1ea7n, Wi-Fi mi\u1ec5n ph\u00ed v\u00e0 m\u00e1y gi\u1eb7t-m\u00e1y s\u1ea5y.<\/p>\n","protected":false},"excerpt":{"rendered":"<p>N\u1ebfu b\u1ea1n \u0111i du l\u1ecbch c\u00f9ng v\u1edbi gia \u0111\u00ecnh, c\u1eb7p \u0111\u00f4i, ho\u1eb7c b\u1ea1n ch\u1ec9 mu\u1ed1n c\u00f3 th\u00eam kh\u00f4ng gian, c\u0103n h\u1ed9 Hai ph\u00f2ng ng\u1ee7 Signature l\u00e0 n\u01a1i l\u00fd t\u01b0\u1edfng cho nh\u1eefng k\u1ef3 ngh\u1ec9 tho\u1ea3i m\u00e1i nh\u1ea5t. V\u1edbi di\u1ec7n t\u00edch 67m2, c\u0103n h\u1ed9 tuy\u1ec7t \u0111\u1eb9p n\u00e0y l\u00e0 s\u1ef1 k\u1ebft h\u1ee3p tuy\u1ec7t v\u1eddi c\u1ee7a n\u1ed9i th\u1ea5t hi\u1ec7n [&hellip;]<\/p>\n","protected":false},"author":124,"featured_media":94,"parent":583,"menu_order":0,"comment_status":"closed","ping_status":"closed","template":"template-single-room.php","meta":{"footnotes":""},"acf":[],"yoast_head":"<!-- This site is optimized with the Yoast SEO plugin v22.3 - https:\/\/yoast.com\/wordpress\/plugins\/seo\/ -->\n<title>C\u0102N H\u1ed8 HAI PH\u00d2NG NG\u1ee6 SIGNATURE - SILA Urban Living<\/title>\n<meta name=\"robots\" content=\"index, follow, max-snippet:-1, max-image-preview:large, max-video-preview:-1\" \/>\n<link rel=\"canonical\" href=\"https:\/\/silaliving.com\/vi\/accomodation\/two-bedroom-signature\/\" \/>\n<meta property=\"og:locale\" content=\"vi_VN\" \/>\n<meta property=\"og:type\" content=\"article\" \/>\n<meta property=\"og:title\" content=\"C\u0102N H\u1ed8 HAI PH\u00d2NG NG\u1ee6 SIGNATURE - SILA Urban Living\" \/>\n<meta property=\"og:description\" content=\"N\u1ebfu b\u1ea1n \u0111i du l\u1ecbch c\u00f9ng v\u1edbi gia \u0111\u00ecnh, c\u1eb7p \u0111\u00f4i, ho\u1eb7c b\u1ea1n ch\u1ec9 mu\u1ed1n c\u00f3 th\u00eam kh\u00f4ng gian, c\u0103n h\u1ed9 Hai ph\u00f2ng ng\u1ee7 Signature l\u00e0 n\u01a1i l\u00fd t\u01b0\u1edfng cho nh\u1eefng k\u1ef3 ngh\u1ec9 tho\u1ea3i m\u00e1i nh\u1ea5t. V\u1edbi di\u1ec7n t\u00edch 67m2, c\u0103n h\u1ed9 tuy\u1ec7t \u0111\u1eb9p n\u00e0y l\u00e0 s\u1ef1 k\u1ebft h\u1ee3p tuy\u1ec7t v\u1eddi c\u1ee7a n\u1ed9i th\u1ea5t hi\u1ec7n [&hellip;]\" \/>\n<meta property=\"og:url\" content=\"https:\/\/silaliving.com\/vi\/accomodation\/two-bedroom-signature\/\" \/>\n<meta property=\"og:site_name\" content=\"SILA Urban Living\" \/>\n<meta property=\"article:modified_time\" content=\"2020-06-26T04:49:29+00:00\" \/>\n<meta property=\"og:image\" content=\"https:\/\/silaliving.com\/wp-content\/uploads\/sites\/78\/2020\/02\/2BRSIG1.jpg.jpg\" \/>\n\t<meta property=\"og:image:width\" content=\"1200\" \/>\n\t<meta property=\"og:image:height\" content=\"798\" \/>\n\t<meta property=\"og:image:type\" content=\"image\/jpeg\" \/>\n<meta name=\"twitter:card\" content=\"summary_large_image\" \/>\n<meta name=\"twitter:label1\" content=\"Est. reading time\" \/>\n\t<meta name=\"twitter:data1\" content=\"1 minute\" \/>\n<script type=\"application\/ld+json\" class=\"yoast-schema-graph\">{\"@context\":\"https:\/\/schema.org\",\"@graph\":[{\"@type\":\"WebPage\",\"@id\":\"https:\/\/silaliving.com\/vi\/accomodation\/two-bedroom-signature\/\",\"url\":\"https:\/\/silaliving.com\/vi\/accomodation\/two-bedroom-signature\/\",\"name\":\"C\u0102N H\u1ed8 HAI PH\u00d2NG NG\u1ee6 SIGNATURE - SILA Urban Living\",\"isPartOf\":{\"@id\":\"https:\/\/silaliving.com\/vi\/#website\"},\"primaryImageOfPage\":{\"@id\":\"https:\/\/silaliving.com\/vi\/accomodation\/two-bedroom-signature\/#primaryimage\"},\"image\":{\"@id\":\"https:\/\/silaliving.com\/vi\/accomodation\/two-bedroom-signature\/#primaryimage\"},\"thumbnailUrl\":\"https:\/\/silaliving.com\/wp-content\/uploads\/sites\/78\/2020\/02\/2BRSIG1.jpg.jpg\",\"datePublished\":\"2020-03-18T04:11:58+00:00\",\"dateModified\":\"2020-06-26T04:49:29+00:00\",\"breadcrumb\":{\"@id\":\"https:\/\/silaliving.com\/vi\/accomodation\/two-bedroom-signature\/#breadcrumb\"},\"inLanguage\":\"vi-VN\",\"potentialAction\":[{\"@type\":\"ReadAction\",\"target\":[\"https:\/\/silaliving.com\/vi\/accomodation\/two-bedroom-signature\/\"]}]},{\"@type\":\"ImageObject\",\"inLanguage\":\"vi-VN\",\"@id\":\"https:\/\/silaliving.com\/vi\/accomodation\/two-bedroom-signature\/#primaryimage\",\"url\":\"https:\/\/silaliving.com\/wp-content\/uploads\/sites\/78\/2020\/02\/2BRSIG1.jpg.jpg\",\"contentUrl\":\"https:\/\/silaliving.com\/wp-content\/uploads\/sites\/78\/2020\/02\/2BRSIG1.jpg.jpg\",\"width\":1200,\"height\":798},{\"@type\":\"BreadcrumbList\",\"@id\":\"https:\/\/silaliving.com\/vi\/accomodation\/two-bedroom-signature\/#breadcrumb\",\"itemListElement\":[{\"@type\":\"ListItem\",\"position\":1,\"name\":\"Home\",\"item\":\"https:\/\/silaliving.com\/vi\/\"},{\"@type\":\"ListItem\",\"position\":2,\"name\":\"H\u1ec6 TH\u1ed0NG PH\u00d2NG\",\"item\":\"https:\/\/silaliving.com\/vi\/accomodation\/\"},{\"@type\":\"ListItem\",\"position\":3,\"name\":\"C\u0102N H\u1ed8 HAI PH\u00d2NG NG\u1ee6 SIGNATURE\"}]},{\"@type\":\"WebSite\",\"@id\":\"https:\/\/silaliving.com\/vi\/#website\",\"url\":\"https:\/\/silaliving.com\/vi\/\",\"name\":\"SILA Urban Living\",\"description\":\"| Exceptional Comfort\",\"potentialAction\":[{\"@type\":\"SearchAction\",\"target\":{\"@type\":\"EntryPoint\",\"urlTemplate\":\"https:\/\/silaliving.com\/vi\/?s={search_term_string}\"},\"query-input\":\"required name=search_term_string\"}],\"inLanguage\":\"vi-VN\"}]}<\/script>\n<!-- \/ Yoast SEO plugin. -->","yoast_head_json":{"title":"C\u0102N H\u1ed8 HAI PH\u00d2NG NG\u1ee6 SIGNATURE - SILA Urban Living","robots":{"index":"index","follow":"follow","max-snippet":"max-snippet:-1","max-image-preview":"max-image-preview:large","max-video-preview":"max-video-preview:-1"},"canonical":"https:\/\/silaliving.com\/vi\/accomodation\/two-bedroom-signature\/","og_locale":"vi_VN","og_type":"article","og_title":"C\u0102N H\u1ed8 HAI PH\u00d2NG NG\u1ee6 SIGNATURE - SILA Urban Living","og_description":"N\u1ebfu b\u1ea1n \u0111i du l\u1ecbch c\u00f9ng v\u1edbi gia \u0111\u00ecnh, c\u1eb7p \u0111\u00f4i, ho\u1eb7c b\u1ea1n ch\u1ec9 mu\u1ed1n c\u00f3 th\u00eam kh\u00f4ng gian, c\u0103n h\u1ed9 Hai ph\u00f2ng ng\u1ee7 Signature l\u00e0 n\u01a1i l\u00fd t\u01b0\u1edfng cho nh\u1eefng k\u1ef3 ngh\u1ec9 tho\u1ea3i m\u00e1i nh\u1ea5t. V\u1edbi di\u1ec7n t\u00edch 67m2, c\u0103n h\u1ed9 tuy\u1ec7t \u0111\u1eb9p n\u00e0y l\u00e0 s\u1ef1 k\u1ebft h\u1ee3p tuy\u1ec7t v\u1eddi c\u1ee7a n\u1ed9i th\u1ea5t hi\u1ec7n [&hellip;]","og_url":"https:\/\/silaliving.com\/vi\/accomodation\/two-bedroom-signature\/","og_site_name":"SILA Urban Living","article_modified_time":"2020-06-26T04:49:29+00:00","og_image":[{"width":1200,"height":798,"url":"https:\/\/silaliving.com\/wp-content\/uploads\/sites\/78\/2020\/02\/2BRSIG1.jpg.jpg","type":"image\/jpeg"}],"twitter_card":"summary_large_image","twitter_misc":{"Est. reading time":"1 minute"},"schema":{"@context":"https:\/\/schema.org","@graph":[{"@type":"WebPage","@id":"https:\/\/silaliving.com\/vi\/accomodation\/two-bedroom-signature\/","url":"https:\/\/silaliving.com\/vi\/accomodation\/two-bedroom-signature\/","name":"C\u0102N H\u1ed8 HAI PH\u00d2NG NG\u1ee6 SIGNATURE - SILA Urban Living","isPartOf":{"@id":"https:\/\/silaliving.com\/vi\/#website"},"primaryImageOfPage":{"@id":"https:\/\/silaliving.com\/vi\/accomodation\/two-bedroom-signature\/#primaryimage"},"image":{"@id":"https:\/\/silaliving.com\/vi\/accomodation\/two-bedroom-signature\/#primaryimage"},"thumbnailUrl":"https:\/\/silaliving.com\/wp-content\/uploads\/sites\/78\/2020\/02\/2BRSIG1.jpg.jpg","datePublished":"2020-03-18T04:11:58+00:00","dateModified":"2020-06-26T04:49:29+00:00","breadcrumb":{"@id":"https:\/\/silaliving.com\/vi\/accomodation\/two-bedroom-signature\/#breadcrumb"},"inLanguage":"vi-VN","potentialAction":[{"@type":"ReadAction","target":["https:\/\/silaliving.com\/vi\/accomodation\/two-bedroom-signature\/"]}]},{"@type":"ImageObject","inLanguage":"vi-VN","@id":"https:\/\/silaliving.com\/vi\/accomodation\/two-bedroom-signature\/#primaryimage","url":"https:\/\/silaliving.com\/wp-content\/uploads\/sites\/78\/2020\/02\/2BRSIG1.jpg.jpg","contentUrl":"https:\/\/silaliving.com\/wp-content\/uploads\/sites\/78\/2020\/02\/2BRSIG1.jpg.jpg","width":1200,"height":798},{"@type":"BreadcrumbList","@id":"https:\/\/silaliving.com\/vi\/accomodation\/two-bedroom-signature\/#breadcrumb","itemListElement":[{"@type":"ListItem","position":1,"name":"Home","item":"https:\/\/silaliving.com\/vi\/"},{"@type":"ListItem","position":2,"name":"H\u1ec6 TH\u1ed0NG PH\u00d2NG","item":"https:\/\/silaliving.com\/vi\/accomodation\/"},{"@type":"ListItem","position":3,"name":"C\u0102N H\u1ed8 HAI PH\u00d2NG NG\u1ee6 SIGNATURE"}]},{"@type":"WebSite","@id":"https:\/\/silaliving.com\/vi\/#website","url":"https:\/\/silaliving.com\/vi\/","name":"SILA Urban Living","description":"| Exceptional Comfort","potentialAction":[{"@type":"SearchAction","target":{"@type":"EntryPoint","urlTemplate":"https:\/\/silaliving.com\/vi\/?s={search_term_string}"},"query-input":"required name=search_term_string"}],"inLanguage":"vi-VN"}]}},"_links":{"self":[{"href":"https:\/\/silaliving.com\/vi\/wp-json\/wp\/v2\/pages\/655"}],"collection":[{"href":"https:\/\/silaliving.com\/vi\/wp-json\/wp\/v2\/pages"}],"about":[{"href":"https:\/\/silaliving.com\/vi\/wp-json\/wp\/v2\/types\/page"}],"author":[{"embeddable":true,"href":"https:\/\/silaliving.com\/vi\/wp-json\/wp\/v2\/users\/124"}],"replies":[{"embeddable":true,"href":"https:\/\/silaliving.com\/vi\/wp-json\/wp\/v2\/comments?post=655"}],"version-history":[{"count":0,"href":"https:\/\/silaliving.com\/vi\/wp-json\/wp\/v2\/pages\/655\/revisions"}],"up":[{"embeddable":true,"href":"https:\/\/silaliving.com\/vi\/wp-json\/wp\/v2\/pages\/583"}],"wp:featuredmedia":[{"embeddable":true,"href":"https:\/\/silaliving.com\/vi\/wp-json\/wp\/v2\/media\/94"}],"wp:attachment":[{"href":"https:\/\/silaliving.com\/vi\/wp-json\/wp\/v2\/media?parent=655"}],"curies":[{"name":"wp","href":"https:\/\/api.w.org\/{rel}","templated":true}]}}