{"id":668,"date":"2020-03-18T04:13:20","date_gmt":"2020-03-18T04:13:20","guid":{"rendered":"http:\/\/sila-urban-living.ms.decms.asia\/?page_id=668"},"modified":"2020-06-26T04:50:11","modified_gmt":"2020-06-26T04:50:11","slug":"penthouse","status":"publish","type":"page","link":"https:\/\/silaliving.com\/vi\/accomodation\/penthouse\/","title":{"rendered":"C\u0102N H\u1ed8 T\u1ea6NG TH\u01af\u1ee2NG"},"content":{"rendered":"<p>C\u0103n h\u1ed9 924m2 n\u00e0y mang \u0111\u1ebfn c\u1ea3m gi\u00e1c v\u00f4 c\u00f9ng tr\u00e1ng l\u1ec7. V\u1edbi b\u1ed1n ph\u00f2ng ng\u1ee7 v\u00e0 m\u1ed7i ph\u00f2ng ng\u1ee7 c\u00f3 ph\u00f2ng t\u1eafm ri\u00eang, kh\u00f4ng gian m\u1edf, Penthouse \u0111\u01b0\u1ee3c thi\u1ebft k\u1ebf \u0111\u1ea7y phong c\u00e1ch v\u00e0 \u0111a n\u0103ng. V\u1edbi t\u1ea7m nh\u00ecn bao qu\u00e1t to\u00e0n c\u1ea3nh c\u1ee7a Th\u00e0nh Ph\u1ed1, b\u1ea1n c\u00f3 th\u1ec3 t\u1eadn h\u01b0\u1edfng m\u1ecdi th\u1ee9 m\u00e0 S\u00e0i G\u00f2n mang \u0111\u1ebfn t\u1eeb s\u1ef1 tho\u1ea3i m\u00e1i c\u1ee7a n\u01a1i \u1edf sang tr\u1ecdng n\u00e0y.<\/p>\n","protected":false},"excerpt":{"rendered":"<p>C\u0103n h\u1ed9 924m2 n\u00e0y mang \u0111\u1ebfn c\u1ea3m gi\u00e1c v\u00f4 c\u00f9ng tr\u00e1ng l\u1ec7. V\u1edbi b\u1ed1n ph\u00f2ng ng\u1ee7 v\u00e0 m\u1ed7i ph\u00f2ng ng\u1ee7 c\u00f3 ph\u00f2ng t\u1eafm ri\u00eang, kh\u00f4ng gian m\u1edf, Penthouse \u0111\u01b0\u1ee3c thi\u1ebft k\u1ebf \u0111\u1ea7y phong c\u00e1ch v\u00e0 \u0111a n\u0103ng. V\u1edbi t\u1ea7m nh\u00ecn bao qu\u00e1t to\u00e0n c\u1ea3nh c\u1ee7a Th\u00e0nh Ph\u1ed1, b\u1ea1n c\u00f3 th\u1ec3 t\u1eadn h\u01b0\u1edfng m\u1ecdi th\u1ee9 m\u00e0 [&hellip;]<\/p>\n","protected":false},"author":124,"featured_media":97,"parent":583,"menu_order":0,"comment_status":"closed","ping_status":"closed","template":"template-single-room.php","meta":{"footnotes":""},"acf":[],"yoast_head":"<!-- This site is optimized with the Yoast SEO plugin v22.3 - https:\/\/yoast.com\/wordpress\/plugins\/seo\/ -->\n<title>C\u0102N H\u1ed8 T\u1ea6NG TH\u01af\u1ee2NG - SILA Urban Living<\/title>\n<meta name=\"robots\" content=\"index, follow, max-snippet:-1, max-image-preview:large, max-video-preview:-1\" \/>\n<link rel=\"canonical\" href=\"https:\/\/silaliving.com\/vi\/accomodation\/penthouse\/\" \/>\n<meta property=\"og:locale\" content=\"vi_VN\" \/>\n<meta property=\"og:type\" content=\"article\" \/>\n<meta property=\"og:title\" content=\"C\u0102N H\u1ed8 T\u1ea6NG TH\u01af\u1ee2NG - SILA Urban Living\" \/>\n<meta property=\"og:description\" content=\"C\u0103n h\u1ed9 924m2 n\u00e0y mang \u0111\u1ebfn c\u1ea3m gi\u00e1c v\u00f4 c\u00f9ng tr\u00e1ng l\u1ec7. V\u1edbi b\u1ed1n ph\u00f2ng ng\u1ee7 v\u00e0 m\u1ed7i ph\u00f2ng ng\u1ee7 c\u00f3 ph\u00f2ng t\u1eafm ri\u00eang, kh\u00f4ng gian m\u1edf, Penthouse \u0111\u01b0\u1ee3c thi\u1ebft k\u1ebf \u0111\u1ea7y phong c\u00e1ch v\u00e0 \u0111a n\u0103ng. V\u1edbi t\u1ea7m nh\u00ecn bao qu\u00e1t to\u00e0n c\u1ea3nh c\u1ee7a Th\u00e0nh Ph\u1ed1, b\u1ea1n c\u00f3 th\u1ec3 t\u1eadn h\u01b0\u1edfng m\u1ecdi th\u1ee9 m\u00e0 [&hellip;]\" \/>\n<meta property=\"og:url\" content=\"https:\/\/silaliving.com\/vi\/accomodation\/penthouse\/\" \/>\n<meta property=\"og:site_name\" content=\"SILA Urban Living\" \/>\n<meta property=\"article:modified_time\" content=\"2020-06-26T04:50:11+00:00\" \/>\n<meta property=\"og:image\" content=\"https:\/\/silaliving.com\/wp-content\/uploads\/sites\/78\/2020\/02\/PH1.jpg.jpg\" \/>\n\t<meta property=\"og:image:width\" content=\"1200\" \/>\n\t<meta property=\"og:image:height\" content=\"798\" \/>\n\t<meta property=\"og:image:type\" content=\"image\/jpeg\" \/>\n<meta name=\"twitter:card\" content=\"summary_large_image\" \/>\n<meta name=\"twitter:label1\" content=\"Est. reading time\" \/>\n\t<meta name=\"twitter:data1\" content=\"1 minute\" \/>\n<script type=\"application\/ld+json\" class=\"yoast-schema-graph\">{\"@context\":\"https:\/\/schema.org\",\"@graph\":[{\"@type\":\"WebPage\",\"@id\":\"https:\/\/silaliving.com\/vi\/accomodation\/penthouse\/\",\"url\":\"https:\/\/silaliving.com\/vi\/accomodation\/penthouse\/\",\"name\":\"C\u0102N H\u1ed8 T\u1ea6NG TH\u01af\u1ee2NG - SILA Urban Living\",\"isPartOf\":{\"@id\":\"https:\/\/silaliving.com\/vi\/#website\"},\"primaryImageOfPage\":{\"@id\":\"https:\/\/silaliving.com\/vi\/accomodation\/penthouse\/#primaryimage\"},\"image\":{\"@id\":\"https:\/\/silaliving.com\/vi\/accomodation\/penthouse\/#primaryimage\"},\"thumbnailUrl\":\"https:\/\/silaliving.com\/wp-content\/uploads\/sites\/78\/2020\/02\/PH1.jpg.jpg\",\"datePublished\":\"2020-03-18T04:13:20+00:00\",\"dateModified\":\"2020-06-26T04:50:11+00:00\",\"breadcrumb\":{\"@id\":\"https:\/\/silaliving.com\/vi\/accomodation\/penthouse\/#breadcrumb\"},\"inLanguage\":\"vi-VN\",\"potentialAction\":[{\"@type\":\"ReadAction\",\"target\":[\"https:\/\/silaliving.com\/vi\/accomodation\/penthouse\/\"]}]},{\"@type\":\"ImageObject\",\"inLanguage\":\"vi-VN\",\"@id\":\"https:\/\/silaliving.com\/vi\/accomodation\/penthouse\/#primaryimage\",\"url\":\"https:\/\/silaliving.com\/wp-content\/uploads\/sites\/78\/2020\/02\/PH1.jpg.jpg\",\"contentUrl\":\"https:\/\/silaliving.com\/wp-content\/uploads\/sites\/78\/2020\/02\/PH1.jpg.jpg\",\"width\":1200,\"height\":798},{\"@type\":\"BreadcrumbList\",\"@id\":\"https:\/\/silaliving.com\/vi\/accomodation\/penthouse\/#breadcrumb\",\"itemListElement\":[{\"@type\":\"ListItem\",\"position\":1,\"name\":\"Home\",\"item\":\"https:\/\/silaliving.com\/vi\/\"},{\"@type\":\"ListItem\",\"position\":2,\"name\":\"H\u1ec6 TH\u1ed0NG PH\u00d2NG\",\"item\":\"https:\/\/silaliving.com\/vi\/accomodation\/\"},{\"@type\":\"ListItem\",\"position\":3,\"name\":\"C\u0102N H\u1ed8 T\u1ea6NG TH\u01af\u1ee2NG\"}]},{\"@type\":\"WebSite\",\"@id\":\"https:\/\/silaliving.com\/vi\/#website\",\"url\":\"https:\/\/silaliving.com\/vi\/\",\"name\":\"SILA Urban Living\",\"description\":\"| Exceptional Comfort\",\"potentialAction\":[{\"@type\":\"SearchAction\",\"target\":{\"@type\":\"EntryPoint\",\"urlTemplate\":\"https:\/\/silaliving.com\/vi\/?s={search_term_string}\"},\"query-input\":\"required name=search_term_string\"}],\"inLanguage\":\"vi-VN\"}]}<\/script>\n<!-- \/ Yoast SEO plugin. -->","yoast_head_json":{"title":"C\u0102N H\u1ed8 T\u1ea6NG TH\u01af\u1ee2NG - SILA Urban Living","robots":{"index":"index","follow":"follow","max-snippet":"max-snippet:-1","max-image-preview":"max-image-preview:large","max-video-preview":"max-video-preview:-1"},"canonical":"https:\/\/silaliving.com\/vi\/accomodation\/penthouse\/","og_locale":"vi_VN","og_type":"article","og_title":"C\u0102N H\u1ed8 T\u1ea6NG TH\u01af\u1ee2NG - SILA Urban Living","og_description":"C\u0103n h\u1ed9 924m2 n\u00e0y mang \u0111\u1ebfn c\u1ea3m gi\u00e1c v\u00f4 c\u00f9ng tr\u00e1ng l\u1ec7. V\u1edbi b\u1ed1n ph\u00f2ng ng\u1ee7 v\u00e0 m\u1ed7i ph\u00f2ng ng\u1ee7 c\u00f3 ph\u00f2ng t\u1eafm ri\u00eang, kh\u00f4ng gian m\u1edf, Penthouse \u0111\u01b0\u1ee3c thi\u1ebft k\u1ebf \u0111\u1ea7y phong c\u00e1ch v\u00e0 \u0111a n\u0103ng. V\u1edbi t\u1ea7m nh\u00ecn bao qu\u00e1t to\u00e0n c\u1ea3nh c\u1ee7a Th\u00e0nh Ph\u1ed1, b\u1ea1n c\u00f3 th\u1ec3 t\u1eadn h\u01b0\u1edfng m\u1ecdi th\u1ee9 m\u00e0 [&hellip;]","og_url":"https:\/\/silaliving.com\/vi\/accomodation\/penthouse\/","og_site_name":"SILA Urban Living","article_modified_time":"2020-06-26T04:50:11+00:00","og_image":[{"width":1200,"height":798,"url":"https:\/\/silaliving.com\/wp-content\/uploads\/sites\/78\/2020\/02\/PH1.jpg.jpg","type":"image\/jpeg"}],"twitter_card":"summary_large_image","twitter_misc":{"Est. reading time":"1 minute"},"schema":{"@context":"https:\/\/schema.org","@graph":[{"@type":"WebPage","@id":"https:\/\/silaliving.com\/vi\/accomodation\/penthouse\/","url":"https:\/\/silaliving.com\/vi\/accomodation\/penthouse\/","name":"C\u0102N H\u1ed8 T\u1ea6NG TH\u01af\u1ee2NG - SILA Urban Living","isPartOf":{"@id":"https:\/\/silaliving.com\/vi\/#website"},"primaryImageOfPage":{"@id":"https:\/\/silaliving.com\/vi\/accomodation\/penthouse\/#primaryimage"},"image":{"@id":"https:\/\/silaliving.com\/vi\/accomodation\/penthouse\/#primaryimage"},"thumbnailUrl":"https:\/\/silaliving.com\/wp-content\/uploads\/sites\/78\/2020\/02\/PH1.jpg.jpg","datePublished":"2020-03-18T04:13:20+00:00","dateModified":"2020-06-26T04:50:11+00:00","breadcrumb":{"@id":"https:\/\/silaliving.com\/vi\/accomodation\/penthouse\/#breadcrumb"},"inLanguage":"vi-VN","potentialAction":[{"@type":"ReadAction","target":["https:\/\/silaliving.com\/vi\/accomodation\/penthouse\/"]}]},{"@type":"ImageObject","inLanguage":"vi-VN","@id":"https:\/\/silaliving.com\/vi\/accomodation\/penthouse\/#primaryimage","url":"https:\/\/silaliving.com\/wp-content\/uploads\/sites\/78\/2020\/02\/PH1.jpg.jpg","contentUrl":"https:\/\/silaliving.com\/wp-content\/uploads\/sites\/78\/2020\/02\/PH1.jpg.jpg","width":1200,"height":798},{"@type":"BreadcrumbList","@id":"https:\/\/silaliving.com\/vi\/accomodation\/penthouse\/#breadcrumb","itemListElement":[{"@type":"ListItem","position":1,"name":"Home","item":"https:\/\/silaliving.com\/vi\/"},{"@type":"ListItem","position":2,"name":"H\u1ec6 TH\u1ed0NG PH\u00d2NG","item":"https:\/\/silaliving.com\/vi\/accomodation\/"},{"@type":"ListItem","position":3,"name":"C\u0102N H\u1ed8 T\u1ea6NG TH\u01af\u1ee2NG"}]},{"@type":"WebSite","@id":"https:\/\/silaliving.com\/vi\/#website","url":"https:\/\/silaliving.com\/vi\/","name":"SILA Urban Living","description":"| Exceptional Comfort","potentialAction":[{"@type":"SearchAction","target":{"@type":"EntryPoint","urlTemplate":"https:\/\/silaliving.com\/vi\/?s={search_term_string}"},"query-input":"required name=search_term_string"}],"inLanguage":"vi-VN"}]}},"_links":{"self":[{"href":"https:\/\/silaliving.com\/vi\/wp-json\/wp\/v2\/pages\/668"}],"collection":[{"href":"https:\/\/silaliving.com\/vi\/wp-json\/wp\/v2\/pages"}],"about":[{"href":"https:\/\/silaliving.com\/vi\/wp-json\/wp\/v2\/types\/page"}],"author":[{"embeddable":true,"href":"https:\/\/silaliving.com\/vi\/wp-json\/wp\/v2\/users\/124"}],"replies":[{"embeddable":true,"href":"https:\/\/silaliving.com\/vi\/wp-json\/wp\/v2\/comments?post=668"}],"version-history":[{"count":0,"href":"https:\/\/silaliving.com\/vi\/wp-json\/wp\/v2\/pages\/668\/revisions"}],"up":[{"embeddable":true,"href":"https:\/\/silaliving.com\/vi\/wp-json\/wp\/v2\/pages\/583"}],"wp:featuredmedia":[{"embeddable":true,"href":"https:\/\/silaliving.com\/vi\/wp-json\/wp\/v2\/media\/97"}],"wp:attachment":[{"href":"https:\/\/silaliving.com\/vi\/wp-json\/wp\/v2\/media?parent=668"}],"curies":[{"name":"wp","href":"https:\/\/api.w.org\/{rel}","templated":true}]}}