{"id":703,"date":"2020-03-18T04:19:02","date_gmt":"2020-03-18T04:19:02","guid":{"rendered":"http:\/\/sila-urban-living.ms.decms.asia\/?page_id=703"},"modified":"2026-01-22T07:39:07","modified_gmt":"2026-01-22T07:39:07","slug":"restaurant-bar","status":"publish","type":"page","link":"https:\/\/silaliving.com\/vi\/restaurant-bar\/","title":{"rendered":"NH\u00c0 H\u00c0NG &amp; BAR"},"content":{"rendered":"<p>K\u1ebft h\u1ee3p gi\u1eefa \u1ea8m th\u1ef1c Ph\u00e1p truy\u1ec1n th\u1ed1ng v\u1edbi kh\u00f4ng gian hi\u1ec7n \u0111\u1ea1i c\u1ee7a kh\u00e1ch s\u1ea1n th\u1eddi th\u01b0\u1ee3ng nh\u1ea5t S\u00e0i G\u00f2n, <em><strong>Cocotte Bistro<\/strong><\/em> h\u01b0\u1edbng \u0111\u1ebfn vi\u1ec7c l\u00e0m h\u00e0i l\u00f2ng v\u00e0 k\u00edch th\u00edch v\u1ecb gi\u00e1c c\u1ee7a nh\u1eefng ng\u01b0\u1eddi s\u00e0nh \u1ea9m th\u1ef1c kh\u00f3 t\u00ednh nh\u1ea5t.<\/p>\n<p>N\u1eb1m \u1edf t\u1ea7ng tr\u1ec7t, qu\u00fd kh\u00e1ch c\u00f3 th\u1ec3 l\u01b0a ch\u1ecdn ch\u1ed7 ng\u1ed3i b\u00ean h\u1ed3 b\u01a1i, khu v\u1ef1c y\u00ean t\u0129nh trong nh\u00e0 ho\u1eb7c kh\u00f4ng gian ngo\u00e0i tr\u1eddi, ho\u00e0n h\u1ea3o \u0111\u1ec3 ng\u1eafm nh\u00ecn cu\u1ed9c s\u1ed1ng \u0111\u01b0\u1eddng ph\u1ed1.<\/p>\n<p>M\u1edf c\u1eeda t\u1eeb 06:30 s\u00e1ng cho b\u1eefa s\u00e1ng ngon mi\u1ec7ng, ph\u1ee5c v\u1ee5 su\u1ed1t c\u1ea3 ng\u00e0y cho th\u1ef1c \u0111\u01a1n b\u1eefa tr\u01b0a \u0111\u01b0\u1ee3c c\u1eadp nh\u1eadt th\u01b0\u1eddng xuy\u00ean v\u00e0 m\u1ed9t th\u1ef1c \u0111\u01a1n \u0111\u1ea7y \u0111\u1ee7 lu\u00f4n s\u1eb5n s\u00e0ng \u0111\u1ebfn 10:00 t\u1ed1i (g\u1ecdi m\u00f3n tr\u01b0\u1edbc 09:30 t\u1ed1i) cho c\u1ea3 nh\u1eefng b\u1eefa t\u1ed1i mu\u1ed9n nh\u1ea5t.<\/p>\n","protected":false},"excerpt":{"rendered":"<p>K\u1ebft h\u1ee3p gi\u1eefa \u1ea8m th\u1ef1c Ph\u00e1p truy\u1ec1n th\u1ed1ng v\u1edbi kh\u00f4ng gian hi\u1ec7n \u0111\u1ea1i c\u1ee7a kh\u00e1ch s\u1ea1n th\u1eddi th\u01b0\u1ee3ng nh\u1ea5t S\u00e0i G\u00f2n, Cocotte Bistro h\u01b0\u1edbng \u0111\u1ebfn vi\u1ec7c l\u00e0m h\u00e0i l\u00f2ng v\u00e0 k\u00edch th\u00edch v\u1ecb gi\u00e1c c\u1ee7a nh\u1eefng ng\u01b0\u1eddi s\u00e0nh \u1ea9m th\u1ef1c kh\u00f3 t\u00ednh nh\u1ea5t. N\u1eb1m \u1edf t\u1ea7ng tr\u1ec7t, qu\u00fd kh\u00e1ch c\u00f3 th\u1ec3 l\u01b0a ch\u1ecdn ch\u1ed7 ng\u1ed3i [&hellip;]<\/p>\n","protected":false},"author":124,"featured_media":3932,"parent":0,"menu_order":0,"comment_status":"closed","ping_status":"closed","template":"template-restaurants.php","meta":{"footnotes":""},"acf":[],"yoast_head":"<!-- This site is optimized with the Yoast SEO plugin v22.3 - https:\/\/yoast.com\/wordpress\/plugins\/seo\/ -->\n<title>NH\u00c0 H\u00c0NG &amp; BAR - SILA Urban Living<\/title>\n<meta name=\"robots\" content=\"index, follow, max-snippet:-1, max-image-preview:large, max-video-preview:-1\" \/>\n<link rel=\"canonical\" href=\"https:\/\/silaliving.com\/vi\/restaurant-bar\/\" \/>\n<meta property=\"og:locale\" content=\"vi_VN\" \/>\n<meta property=\"og:type\" content=\"article\" \/>\n<meta property=\"og:title\" content=\"NH\u00c0 H\u00c0NG &amp; BAR - SILA Urban Living\" \/>\n<meta property=\"og:description\" content=\"K\u1ebft h\u1ee3p gi\u1eefa \u1ea8m th\u1ef1c Ph\u00e1p truy\u1ec1n th\u1ed1ng v\u1edbi kh\u00f4ng gian hi\u1ec7n \u0111\u1ea1i c\u1ee7a kh\u00e1ch s\u1ea1n th\u1eddi th\u01b0\u1ee3ng nh\u1ea5t S\u00e0i G\u00f2n, Cocotte Bistro h\u01b0\u1edbng \u0111\u1ebfn vi\u1ec7c l\u00e0m h\u00e0i l\u00f2ng v\u00e0 k\u00edch th\u00edch v\u1ecb gi\u00e1c c\u1ee7a nh\u1eefng ng\u01b0\u1eddi s\u00e0nh \u1ea9m th\u1ef1c kh\u00f3 t\u00ednh nh\u1ea5t. N\u1eb1m \u1edf t\u1ea7ng tr\u1ec7t, qu\u00fd kh\u00e1ch c\u00f3 th\u1ec3 l\u01b0a ch\u1ecdn ch\u1ed7 ng\u1ed3i [&hellip;]\" \/>\n<meta property=\"og:url\" content=\"https:\/\/silaliving.com\/vi\/restaurant-bar\/\" \/>\n<meta property=\"og:site_name\" content=\"SILA Urban Living\" \/>\n<meta property=\"article:modified_time\" content=\"2026-01-22T07:39:07+00:00\" \/>\n<meta property=\"og:image\" content=\"https:\/\/silaliving.com\/wp-content\/uploads\/sites\/78\/2024\/05\/DSCF4620.jpg\" \/>\n\t<meta property=\"og:image:width\" content=\"1800\" \/>\n\t<meta property=\"og:image:height\" content=\"1200\" \/>\n\t<meta property=\"og:image:type\" content=\"image\/jpeg\" \/>\n<meta name=\"twitter:card\" content=\"summary_large_image\" \/>\n<meta name=\"twitter:label1\" content=\"Est. reading time\" \/>\n\t<meta name=\"twitter:data1\" content=\"1 minute\" \/>\n<script type=\"application\/ld+json\" class=\"yoast-schema-graph\">{\"@context\":\"https:\/\/schema.org\",\"@graph\":[{\"@type\":\"WebPage\",\"@id\":\"https:\/\/silaliving.com\/vi\/restaurant-bar\/\",\"url\":\"https:\/\/silaliving.com\/vi\/restaurant-bar\/\",\"name\":\"NH\u00c0 H\u00c0NG &amp; BAR - SILA Urban Living\",\"isPartOf\":{\"@id\":\"https:\/\/silaliving.com\/vi\/#website\"},\"primaryImageOfPage\":{\"@id\":\"https:\/\/silaliving.com\/vi\/restaurant-bar\/#primaryimage\"},\"image\":{\"@id\":\"https:\/\/silaliving.com\/vi\/restaurant-bar\/#primaryimage\"},\"thumbnailUrl\":\"https:\/\/silaliving.com\/wp-content\/uploads\/sites\/78\/2024\/05\/DSCF4620.jpg\",\"datePublished\":\"2020-03-18T04:19:02+00:00\",\"dateModified\":\"2026-01-22T07:39:07+00:00\",\"breadcrumb\":{\"@id\":\"https:\/\/silaliving.com\/vi\/restaurant-bar\/#breadcrumb\"},\"inLanguage\":\"vi-VN\",\"potentialAction\":[{\"@type\":\"ReadAction\",\"target\":[\"https:\/\/silaliving.com\/vi\/restaurant-bar\/\"]}]},{\"@type\":\"ImageObject\",\"inLanguage\":\"vi-VN\",\"@id\":\"https:\/\/silaliving.com\/vi\/restaurant-bar\/#primaryimage\",\"url\":\"https:\/\/silaliving.com\/wp-content\/uploads\/sites\/78\/2024\/05\/DSCF4620.jpg\",\"contentUrl\":\"https:\/\/silaliving.com\/wp-content\/uploads\/sites\/78\/2024\/05\/DSCF4620.jpg\",\"width\":1800,\"height\":1200},{\"@type\":\"BreadcrumbList\",\"@id\":\"https:\/\/silaliving.com\/vi\/restaurant-bar\/#breadcrumb\",\"itemListElement\":[{\"@type\":\"ListItem\",\"position\":1,\"name\":\"Home\",\"item\":\"https:\/\/silaliving.com\/vi\/\"},{\"@type\":\"ListItem\",\"position\":2,\"name\":\"NH\u00c0 H\u00c0NG &amp; BAR\"}]},{\"@type\":\"WebSite\",\"@id\":\"https:\/\/silaliving.com\/vi\/#website\",\"url\":\"https:\/\/silaliving.com\/vi\/\",\"name\":\"SILA Urban Living\",\"description\":\"| Exceptional Comfort\",\"potentialAction\":[{\"@type\":\"SearchAction\",\"target\":{\"@type\":\"EntryPoint\",\"urlTemplate\":\"https:\/\/silaliving.com\/vi\/?s={search_term_string}\"},\"query-input\":\"required name=search_term_string\"}],\"inLanguage\":\"vi-VN\"}]}<\/script>\n<!-- \/ Yoast SEO plugin. -->","yoast_head_json":{"title":"NH\u00c0 H\u00c0NG &amp; BAR - SILA Urban Living","robots":{"index":"index","follow":"follow","max-snippet":"max-snippet:-1","max-image-preview":"max-image-preview:large","max-video-preview":"max-video-preview:-1"},"canonical":"https:\/\/silaliving.com\/vi\/restaurant-bar\/","og_locale":"vi_VN","og_type":"article","og_title":"NH\u00c0 H\u00c0NG &amp; BAR - SILA Urban Living","og_description":"K\u1ebft h\u1ee3p gi\u1eefa \u1ea8m th\u1ef1c Ph\u00e1p truy\u1ec1n th\u1ed1ng v\u1edbi kh\u00f4ng gian hi\u1ec7n \u0111\u1ea1i c\u1ee7a kh\u00e1ch s\u1ea1n th\u1eddi th\u01b0\u1ee3ng nh\u1ea5t S\u00e0i G\u00f2n, Cocotte Bistro h\u01b0\u1edbng \u0111\u1ebfn vi\u1ec7c l\u00e0m h\u00e0i l\u00f2ng v\u00e0 k\u00edch th\u00edch v\u1ecb gi\u00e1c c\u1ee7a nh\u1eefng ng\u01b0\u1eddi s\u00e0nh \u1ea9m th\u1ef1c kh\u00f3 t\u00ednh nh\u1ea5t. N\u1eb1m \u1edf t\u1ea7ng tr\u1ec7t, qu\u00fd kh\u00e1ch c\u00f3 th\u1ec3 l\u01b0a ch\u1ecdn ch\u1ed7 ng\u1ed3i [&hellip;]","og_url":"https:\/\/silaliving.com\/vi\/restaurant-bar\/","og_site_name":"SILA Urban Living","article_modified_time":"2026-01-22T07:39:07+00:00","og_image":[{"width":1800,"height":1200,"url":"https:\/\/silaliving.com\/wp-content\/uploads\/sites\/78\/2024\/05\/DSCF4620.jpg","type":"image\/jpeg"}],"twitter_card":"summary_large_image","twitter_misc":{"Est. reading time":"1 minute"},"schema":{"@context":"https:\/\/schema.org","@graph":[{"@type":"WebPage","@id":"https:\/\/silaliving.com\/vi\/restaurant-bar\/","url":"https:\/\/silaliving.com\/vi\/restaurant-bar\/","name":"NH\u00c0 H\u00c0NG &amp; BAR - SILA Urban Living","isPartOf":{"@id":"https:\/\/silaliving.com\/vi\/#website"},"primaryImageOfPage":{"@id":"https:\/\/silaliving.com\/vi\/restaurant-bar\/#primaryimage"},"image":{"@id":"https:\/\/silaliving.com\/vi\/restaurant-bar\/#primaryimage"},"thumbnailUrl":"https:\/\/silaliving.com\/wp-content\/uploads\/sites\/78\/2024\/05\/DSCF4620.jpg","datePublished":"2020-03-18T04:19:02+00:00","dateModified":"2026-01-22T07:39:07+00:00","breadcrumb":{"@id":"https:\/\/silaliving.com\/vi\/restaurant-bar\/#breadcrumb"},"inLanguage":"vi-VN","potentialAction":[{"@type":"ReadAction","target":["https:\/\/silaliving.com\/vi\/restaurant-bar\/"]}]},{"@type":"ImageObject","inLanguage":"vi-VN","@id":"https:\/\/silaliving.com\/vi\/restaurant-bar\/#primaryimage","url":"https:\/\/silaliving.com\/wp-content\/uploads\/sites\/78\/2024\/05\/DSCF4620.jpg","contentUrl":"https:\/\/silaliving.com\/wp-content\/uploads\/sites\/78\/2024\/05\/DSCF4620.jpg","width":1800,"height":1200},{"@type":"BreadcrumbList","@id":"https:\/\/silaliving.com\/vi\/restaurant-bar\/#breadcrumb","itemListElement":[{"@type":"ListItem","position":1,"name":"Home","item":"https:\/\/silaliving.com\/vi\/"},{"@type":"ListItem","position":2,"name":"NH\u00c0 H\u00c0NG &amp; BAR"}]},{"@type":"WebSite","@id":"https:\/\/silaliving.com\/vi\/#website","url":"https:\/\/silaliving.com\/vi\/","name":"SILA Urban Living","description":"| Exceptional Comfort","potentialAction":[{"@type":"SearchAction","target":{"@type":"EntryPoint","urlTemplate":"https:\/\/silaliving.com\/vi\/?s={search_term_string}"},"query-input":"required name=search_term_string"}],"inLanguage":"vi-VN"}]}},"_links":{"self":[{"href":"https:\/\/silaliving.com\/vi\/wp-json\/wp\/v2\/pages\/703"}],"collection":[{"href":"https:\/\/silaliving.com\/vi\/wp-json\/wp\/v2\/pages"}],"about":[{"href":"https:\/\/silaliving.com\/vi\/wp-json\/wp\/v2\/types\/page"}],"author":[{"embeddable":true,"href":"https:\/\/silaliving.com\/vi\/wp-json\/wp\/v2\/users\/124"}],"replies":[{"embeddable":true,"href":"https:\/\/silaliving.com\/vi\/wp-json\/wp\/v2\/comments?post=703"}],"version-history":[{"count":0,"href":"https:\/\/silaliving.com\/vi\/wp-json\/wp\/v2\/pages\/703\/revisions"}],"wp:featuredmedia":[{"embeddable":true,"href":"https:\/\/silaliving.com\/vi\/wp-json\/wp\/v2\/media\/3932"}],"wp:attachment":[{"href":"https:\/\/silaliving.com\/vi\/wp-json\/wp\/v2\/media?parent=703"}],"curies":[{"name":"wp","href":"https:\/\/api.w.org\/{rel}","templated":true}]}}