{"id":717,"date":"2020-03-18T04:20:38","date_gmt":"2020-03-18T04:20:38","guid":{"rendered":"http:\/\/sila-urban-living.ms.decms.asia\/?page_id=717"},"modified":"2022-09-28T09:44:56","modified_gmt":"2022-09-28T09:44:56","slug":"semi-buffet-breakfast","status":"publish","type":"page","link":"https:\/\/silaliving.com\/vi\/restaurant-bar\/semi-buffet-breakfast\/","title":{"rendered":"B\u1eeeA S\u00c1NG"},"content":{"rendered":"<p>M\u1ed7i bu\u1ed5i s\u00e1ng t\u1eeb l\u00fac 6:30, ch\u00fang t\u00f4i chu\u1ea9n b\u1ecb m\u1ed9t b\u1eefa s\u00e1ng ngon mi\u1ec7ng cho nh\u1eefng ai mu\u1ed1n b\u1eaft \u0111\u1ea7u ngay m\u1ed9t ng\u00e0y m\u1edbi. Qu\u00fd kh\u00e1ch c\u00f3 th\u1ec3 th\u01b0\u1edfng th\u1ee9c r\u1ea5t nhi\u1ec1u l\u1ef1a ch\u1ecdn c\u1ee7a c\u1ea3 h\u01b0\u01a1ng v\u1ecb \u1ea9m th\u1ef1c ph\u01b0\u01a1ng T\u00e2y v\u00e0 c\u00e1c m\u00f3n \u0103n \u0111\u1ecba ph\u01b0\u01a1ng. T\u1eeb m\u00f3n tr\u1ee9ng tr\u00e1ng ki\u1ec3u Ph\u00e1p \u0111\u1ebfn t\u00f4 ph\u1edf n\u00f3ng h\u1ed5i, ch\u00fang t\u00f4i c\u00f3 th\u1ec3 \u0111\u00e1p \u1ee9ng kh\u1ea9u v\u1ecb c\u1ee7a t\u1ea5t c\u1ea3 m\u1ecdi ng\u01b0\u1eddi.<\/p>\n","protected":false},"excerpt":{"rendered":"<p>M\u1ed7i bu\u1ed5i s\u00e1ng t\u1eeb l\u00fac 6:30, ch\u00fang t\u00f4i chu\u1ea9n b\u1ecb m\u1ed9t b\u1eefa s\u00e1ng ngon mi\u1ec7ng cho nh\u1eefng ai mu\u1ed1n b\u1eaft \u0111\u1ea7u ngay m\u1ed9t ng\u00e0y m\u1edbi. Qu\u00fd kh\u00e1ch c\u00f3 th\u1ec3 th\u01b0\u1edfng th\u1ee9c r\u1ea5t nhi\u1ec1u l\u1ef1a ch\u1ecdn c\u1ee7a c\u1ea3 h\u01b0\u01a1ng v\u1ecb \u1ea9m th\u1ef1c ph\u01b0\u01a1ng T\u00e2y v\u00e0 c\u00e1c m\u00f3n \u0103n \u0111\u1ecba ph\u01b0\u01a1ng. T\u1eeb m\u00f3n tr\u1ee9ng tr\u00e1ng ki\u1ec3u Ph\u00e1p [&hellip;]<\/p>\n","protected":false},"author":124,"featured_media":3450,"parent":703,"menu_order":0,"comment_status":"closed","ping_status":"closed","template":"template-sigle-restaurant.php","meta":{"footnotes":""},"acf":[],"yoast_head":"<!-- This site is optimized with the Yoast SEO plugin v22.3 - https:\/\/yoast.com\/wordpress\/plugins\/seo\/ -->\n<title>B\u1eeeA S\u00c1NG - SILA Urban Living<\/title>\n<meta name=\"robots\" content=\"index, follow, max-snippet:-1, max-image-preview:large, max-video-preview:-1\" \/>\n<link rel=\"canonical\" href=\"https:\/\/silaliving.com\/vi\/restaurant-bar\/semi-buffet-breakfast\/\" \/>\n<meta property=\"og:locale\" content=\"vi_VN\" \/>\n<meta property=\"og:type\" content=\"article\" \/>\n<meta property=\"og:title\" content=\"B\u1eeeA S\u00c1NG - SILA Urban Living\" \/>\n<meta property=\"og:description\" content=\"M\u1ed7i bu\u1ed5i s\u00e1ng t\u1eeb l\u00fac 6:30, ch\u00fang t\u00f4i chu\u1ea9n b\u1ecb m\u1ed9t b\u1eefa s\u00e1ng ngon mi\u1ec7ng cho nh\u1eefng ai mu\u1ed1n b\u1eaft \u0111\u1ea7u ngay m\u1ed9t ng\u00e0y m\u1edbi. Qu\u00fd kh\u00e1ch c\u00f3 th\u1ec3 th\u01b0\u1edfng th\u1ee9c r\u1ea5t nhi\u1ec1u l\u1ef1a ch\u1ecdn c\u1ee7a c\u1ea3 h\u01b0\u01a1ng v\u1ecb \u1ea9m th\u1ef1c ph\u01b0\u01a1ng T\u00e2y v\u00e0 c\u00e1c m\u00f3n \u0103n \u0111\u1ecba ph\u01b0\u01a1ng. T\u1eeb m\u00f3n tr\u1ee9ng tr\u00e1ng ki\u1ec3u Ph\u00e1p [&hellip;]\" \/>\n<meta property=\"og:url\" content=\"https:\/\/silaliving.com\/vi\/restaurant-bar\/semi-buffet-breakfast\/\" \/>\n<meta property=\"og:site_name\" content=\"SILA Urban Living\" \/>\n<meta property=\"article:modified_time\" content=\"2022-09-28T09:44:56+00:00\" \/>\n<meta property=\"og:image\" content=\"https:\/\/silaliving.com\/wp-content\/uploads\/sites\/78\/2021\/04\/Continental-BF.jpg\" \/>\n\t<meta property=\"og:image:width\" content=\"1603\" \/>\n\t<meta property=\"og:image:height\" content=\"1200\" \/>\n\t<meta property=\"og:image:type\" content=\"image\/jpeg\" \/>\n<meta name=\"twitter:card\" content=\"summary_large_image\" \/>\n<meta name=\"twitter:label1\" content=\"Est. reading time\" \/>\n\t<meta name=\"twitter:data1\" content=\"1 minute\" \/>\n<script type=\"application\/ld+json\" class=\"yoast-schema-graph\">{\"@context\":\"https:\/\/schema.org\",\"@graph\":[{\"@type\":\"WebPage\",\"@id\":\"https:\/\/silaliving.com\/vi\/restaurant-bar\/semi-buffet-breakfast\/\",\"url\":\"https:\/\/silaliving.com\/vi\/restaurant-bar\/semi-buffet-breakfast\/\",\"name\":\"B\u1eeeA S\u00c1NG - SILA Urban Living\",\"isPartOf\":{\"@id\":\"https:\/\/silaliving.com\/vi\/#website\"},\"primaryImageOfPage\":{\"@id\":\"https:\/\/silaliving.com\/vi\/restaurant-bar\/semi-buffet-breakfast\/#primaryimage\"},\"image\":{\"@id\":\"https:\/\/silaliving.com\/vi\/restaurant-bar\/semi-buffet-breakfast\/#primaryimage\"},\"thumbnailUrl\":\"https:\/\/silaliving.com\/wp-content\/uploads\/sites\/78\/2021\/04\/Continental-BF.jpg\",\"datePublished\":\"2020-03-18T04:20:38+00:00\",\"dateModified\":\"2022-09-28T09:44:56+00:00\",\"breadcrumb\":{\"@id\":\"https:\/\/silaliving.com\/vi\/restaurant-bar\/semi-buffet-breakfast\/#breadcrumb\"},\"inLanguage\":\"vi-VN\",\"potentialAction\":[{\"@type\":\"ReadAction\",\"target\":[\"https:\/\/silaliving.com\/vi\/restaurant-bar\/semi-buffet-breakfast\/\"]}]},{\"@type\":\"ImageObject\",\"inLanguage\":\"vi-VN\",\"@id\":\"https:\/\/silaliving.com\/vi\/restaurant-bar\/semi-buffet-breakfast\/#primaryimage\",\"url\":\"https:\/\/silaliving.com\/wp-content\/uploads\/sites\/78\/2021\/04\/Continental-BF.jpg\",\"contentUrl\":\"https:\/\/silaliving.com\/wp-content\/uploads\/sites\/78\/2021\/04\/Continental-BF.jpg\",\"width\":1603,\"height\":1200},{\"@type\":\"BreadcrumbList\",\"@id\":\"https:\/\/silaliving.com\/vi\/restaurant-bar\/semi-buffet-breakfast\/#breadcrumb\",\"itemListElement\":[{\"@type\":\"ListItem\",\"position\":1,\"name\":\"Home\",\"item\":\"https:\/\/silaliving.com\/vi\/\"},{\"@type\":\"ListItem\",\"position\":2,\"name\":\"NH\u00c0 H\u00c0NG &amp; BAR\",\"item\":\"https:\/\/silaliving.com\/vi\/restaurant-bar\/\"},{\"@type\":\"ListItem\",\"position\":3,\"name\":\"B\u1eeeA S\u00c1NG\"}]},{\"@type\":\"WebSite\",\"@id\":\"https:\/\/silaliving.com\/vi\/#website\",\"url\":\"https:\/\/silaliving.com\/vi\/\",\"name\":\"SILA Urban Living\",\"description\":\"| Exceptional Comfort\",\"potentialAction\":[{\"@type\":\"SearchAction\",\"target\":{\"@type\":\"EntryPoint\",\"urlTemplate\":\"https:\/\/silaliving.com\/vi\/?s={search_term_string}\"},\"query-input\":\"required name=search_term_string\"}],\"inLanguage\":\"vi-VN\"}]}<\/script>\n<!-- \/ Yoast SEO plugin. -->","yoast_head_json":{"title":"B\u1eeeA S\u00c1NG - SILA Urban Living","robots":{"index":"index","follow":"follow","max-snippet":"max-snippet:-1","max-image-preview":"max-image-preview:large","max-video-preview":"max-video-preview:-1"},"canonical":"https:\/\/silaliving.com\/vi\/restaurant-bar\/semi-buffet-breakfast\/","og_locale":"vi_VN","og_type":"article","og_title":"B\u1eeeA S\u00c1NG - SILA Urban Living","og_description":"M\u1ed7i bu\u1ed5i s\u00e1ng t\u1eeb l\u00fac 6:30, ch\u00fang t\u00f4i chu\u1ea9n b\u1ecb m\u1ed9t b\u1eefa s\u00e1ng ngon mi\u1ec7ng cho nh\u1eefng ai mu\u1ed1n b\u1eaft \u0111\u1ea7u ngay m\u1ed9t ng\u00e0y m\u1edbi. Qu\u00fd kh\u00e1ch c\u00f3 th\u1ec3 th\u01b0\u1edfng th\u1ee9c r\u1ea5t nhi\u1ec1u l\u1ef1a ch\u1ecdn c\u1ee7a c\u1ea3 h\u01b0\u01a1ng v\u1ecb \u1ea9m th\u1ef1c ph\u01b0\u01a1ng T\u00e2y v\u00e0 c\u00e1c m\u00f3n \u0103n \u0111\u1ecba ph\u01b0\u01a1ng. T\u1eeb m\u00f3n tr\u1ee9ng tr\u00e1ng ki\u1ec3u Ph\u00e1p [&hellip;]","og_url":"https:\/\/silaliving.com\/vi\/restaurant-bar\/semi-buffet-breakfast\/","og_site_name":"SILA Urban Living","article_modified_time":"2022-09-28T09:44:56+00:00","og_image":[{"width":1603,"height":1200,"url":"https:\/\/silaliving.com\/wp-content\/uploads\/sites\/78\/2021\/04\/Continental-BF.jpg","type":"image\/jpeg"}],"twitter_card":"summary_large_image","twitter_misc":{"Est. reading time":"1 minute"},"schema":{"@context":"https:\/\/schema.org","@graph":[{"@type":"WebPage","@id":"https:\/\/silaliving.com\/vi\/restaurant-bar\/semi-buffet-breakfast\/","url":"https:\/\/silaliving.com\/vi\/restaurant-bar\/semi-buffet-breakfast\/","name":"B\u1eeeA S\u00c1NG - SILA Urban Living","isPartOf":{"@id":"https:\/\/silaliving.com\/vi\/#website"},"primaryImageOfPage":{"@id":"https:\/\/silaliving.com\/vi\/restaurant-bar\/semi-buffet-breakfast\/#primaryimage"},"image":{"@id":"https:\/\/silaliving.com\/vi\/restaurant-bar\/semi-buffet-breakfast\/#primaryimage"},"thumbnailUrl":"https:\/\/silaliving.com\/wp-content\/uploads\/sites\/78\/2021\/04\/Continental-BF.jpg","datePublished":"2020-03-18T04:20:38+00:00","dateModified":"2022-09-28T09:44:56+00:00","breadcrumb":{"@id":"https:\/\/silaliving.com\/vi\/restaurant-bar\/semi-buffet-breakfast\/#breadcrumb"},"inLanguage":"vi-VN","potentialAction":[{"@type":"ReadAction","target":["https:\/\/silaliving.com\/vi\/restaurant-bar\/semi-buffet-breakfast\/"]}]},{"@type":"ImageObject","inLanguage":"vi-VN","@id":"https:\/\/silaliving.com\/vi\/restaurant-bar\/semi-buffet-breakfast\/#primaryimage","url":"https:\/\/silaliving.com\/wp-content\/uploads\/sites\/78\/2021\/04\/Continental-BF.jpg","contentUrl":"https:\/\/silaliving.com\/wp-content\/uploads\/sites\/78\/2021\/04\/Continental-BF.jpg","width":1603,"height":1200},{"@type":"BreadcrumbList","@id":"https:\/\/silaliving.com\/vi\/restaurant-bar\/semi-buffet-breakfast\/#breadcrumb","itemListElement":[{"@type":"ListItem","position":1,"name":"Home","item":"https:\/\/silaliving.com\/vi\/"},{"@type":"ListItem","position":2,"name":"NH\u00c0 H\u00c0NG &amp; BAR","item":"https:\/\/silaliving.com\/vi\/restaurant-bar\/"},{"@type":"ListItem","position":3,"name":"B\u1eeeA S\u00c1NG"}]},{"@type":"WebSite","@id":"https:\/\/silaliving.com\/vi\/#website","url":"https:\/\/silaliving.com\/vi\/","name":"SILA Urban Living","description":"| Exceptional Comfort","potentialAction":[{"@type":"SearchAction","target":{"@type":"EntryPoint","urlTemplate":"https:\/\/silaliving.com\/vi\/?s={search_term_string}"},"query-input":"required name=search_term_string"}],"inLanguage":"vi-VN"}]}},"_links":{"self":[{"href":"https:\/\/silaliving.com\/vi\/wp-json\/wp\/v2\/pages\/717"}],"collection":[{"href":"https:\/\/silaliving.com\/vi\/wp-json\/wp\/v2\/pages"}],"about":[{"href":"https:\/\/silaliving.com\/vi\/wp-json\/wp\/v2\/types\/page"}],"author":[{"embeddable":true,"href":"https:\/\/silaliving.com\/vi\/wp-json\/wp\/v2\/users\/124"}],"replies":[{"embeddable":true,"href":"https:\/\/silaliving.com\/vi\/wp-json\/wp\/v2\/comments?post=717"}],"version-history":[{"count":0,"href":"https:\/\/silaliving.com\/vi\/wp-json\/wp\/v2\/pages\/717\/revisions"}],"up":[{"embeddable":true,"href":"https:\/\/silaliving.com\/vi\/wp-json\/wp\/v2\/pages\/703"}],"wp:featuredmedia":[{"embeddable":true,"href":"https:\/\/silaliving.com\/vi\/wp-json\/wp\/v2\/media\/3450"}],"wp:attachment":[{"href":"https:\/\/silaliving.com\/vi\/wp-json\/wp\/v2\/media?parent=717"}],"curies":[{"name":"wp","href":"https:\/\/api.w.org\/{rel}","templated":true}]}}