{"id":748,"date":"2020-03-18T04:28:25","date_gmt":"2020-03-18T04:28:25","guid":{"rendered":"http:\/\/sila-urban-living.ms.decms.asia\/?page_id=748"},"modified":"2020-06-25T17:22:54","modified_gmt":"2020-06-25T17:22:54","slug":"phai-den","status":"publish","type":"page","link":"https:\/\/silaliving.com\/vi\/phai-den\/","title":{"rendered":"KH\u00c1M PH\u00c1"},"content":{"rendered":"<p>B\u1ea1n s\u1ebd \u1ea5n t\u01b0\u1ee3ng v\u1edbi v\u1ecb tr\u00ed l\u00fd t\u01b0\u1edfng ngay khi t\u1edbi SILA Urban Living.<\/p>\n<p>T\u1ecda l\u1ea1c ngay c\u1ea1nh trung t\u00e2m Qu\u1eadn 1 &#8211; khu v\u1ef1c nh\u1ed9n nh\u1ecbp c\u1ee7a Th\u00e0nh Ph\u1ed1 H\u1ed3 Ch\u00ed Minh v\u00e0 g\u1ea7n s\u00e2n bay T\u00e2n S\u01a1n Nh\u1ea5t, SILA Urban Living mang \u0111\u1ebfn s\u1ef1 ti\u1ec7n l\u1ee3i v\u00e0 h\u01b0\u01a1ng v\u1ecb th\u1ef1c s\u1ef1 c\u1ee7a m\u1ed9t S\u00e0i G\u00f2n \u0111\u00edch th\u1ef1c. N\u1eb1m t\u1ea1i Qu\u1eadn 3, ch\u1ec9 c\u00e1ch c\u00e1c th\u01b0\u01a1ng m\u1ea1i trung t\u00e2m kh\u00f4ng qu\u00e1 xa v\u00e0 b\u1ea1n c\u00f3 th\u1ec3 \u0111i b\u1ed9 \u0111\u1ebfn m\u1ed9t s\u1ed1 \u0111i\u1ec3m tham quan mang t\u00ednh bi\u1ec3u t\u01b0\u1ee3ng nh\u1ea5t c\u1ee7a Th\u00e0nh Ph\u1ed1 bao g\u1ed3m B\u1ea3o T\u00e0ng Ch\u1ee9ng T\u00edch Chi\u1ebfn Tranh, Dinh Th\u1ed1ng Nh\u1ea5t, Nh\u00e0 Th\u1edd \u0110\u1ee9c B\u00e0, S\u1edf Th\u00fa Th\u00e0nh Ph\u1ed1 v\u00e0 m\u1ed9t trong nh\u1eefng kho b\u00e1u thu\u1ed9c \u0111\u1ecba tuy\u1ec7t v\u1eddi c\u1ee7a Th\u00e0nh Ph\u1ed1 \u0111\u00f3 l\u00e0 n\u01a1i \u1edf c\u1ee7a T\u1ed5ng Gi\u00e1m M\u1ee5c.<\/p>\n<p>N\u1ebfu b\u1ea1n c\u00f3 k\u1ebf ho\u1ea1ch \u1edf l\u1ea1i l\u00e2u h\u01a1n v\u00e0 mu\u1ed1n \u0111\u1eafm m\u00ecnh trong cu\u1ed9c s\u1ed1ng h\u00e0ng ng\u00e0y, c\u00f3 r\u1ea5t nhi\u1ec1u n\u01a1i \u0111\u1ec3 kh\u00e1m ph\u00e1. V\u1edbi t\u1ed5 h\u1ee3p c\u00e1c c\u1eeda h\u00e0ng, qu\u00e1n c\u00e0 ph\u00ea th\u1eddi th\u01b0\u1ee3ng, qu\u00e1n \u0103n \u0111\u1ecba ph\u01b0\u01a1ng v\u00e0 qu\u1ed1c t\u1ebf v\u00e0 cu\u1ed9c s\u1ed1ng v\u1ec1 \u0111\u00eam tuy\u1ec7t v\u1eddi nh\u1ea5t ch\u1ec9 c\u00e1ch \u0111\u00f3 v\u00e0i ph\u00fat, b\u1ea1n s\u1ebd c\u1ea3m th\u1ea5y m\u00ecnh nh\u01b0 m\u1ed9t ng\u01b0\u1eddi d\u00e2n \u0111\u1ecba ph\u01b0\u01a1ng th\u1ef1c th\u1ee5. V\u1ecb tr\u00ed thu\u1eadn ti\u1ec7n g\u1ea7n h\u1ea7u h\u1ebft c\u00e1c \u0111\u1ecba danh du l\u1ecbch c\u1ee7a S\u00e0i G\u00f2n, b\u1ec7nh vi\u1ec7n v\u00e0 l\u00e3nh s\u1ef1 qu\u00e1n, SILA Urban Living l\u00e0 m\u1ed9t l\u1ef1a ch\u1ecdn tuy\u1ec7t v\u1eddi cho c\u00e1c gia \u0111\u00ecnh, kh\u00e1ch doanh nh\u00e2n v\u00e0 kh\u00e1ch du l\u1ecbch.<\/p>\n<p><img decoding=\"async\" class=\"size-full wp-image-2229 aligncenter\" src=\"https:\/\/sila-urban-living.ms.decms.asia\/wp-content\/uploads\/sites\/78\/2020\/06\/Let-the-journey-begin_Vietnamese-copy.jpg\" alt=\"\" width=\"95%\" height=\"auto\" srcset=\"https:\/\/silaliving.com\/wp-content\/uploads\/sites\/78\/2020\/06\/Let-the-journey-begin_Vietnamese-copy.jpg 1200w, https:\/\/silaliving.com\/wp-content\/uploads\/sites\/78\/2020\/06\/Let-the-journey-begin_Vietnamese-copy-300x178.jpg 300w, https:\/\/silaliving.com\/wp-content\/uploads\/sites\/78\/2020\/06\/Let-the-journey-begin_Vietnamese-copy-1024x608.jpg 1024w, https:\/\/silaliving.com\/wp-content\/uploads\/sites\/78\/2020\/06\/Let-the-journey-begin_Vietnamese-copy-768x456.jpg 768w\" sizes=\"(max-width: 1200px) 100vw, 1200px\" \/><\/p>\n<p style=\"text-align: center;\"><a href=\"https:\/\/sila-urban-living.ms.decms.asia\/wp-content\/uploads\/sites\/78\/2020\/06\/Let-the-journey-begin_Vietnamese.pdf\">T\u1ea2I B\u1ea2N \u0110\u1ed2<\/a><\/p>\n","protected":false},"excerpt":{"rendered":"<p>B\u1ea1n s\u1ebd \u1ea5n t\u01b0\u1ee3ng v\u1edbi v\u1ecb tr\u00ed l\u00fd t\u01b0\u1edfng ngay khi t\u1edbi SILA Urban Living. T\u1ecda l\u1ea1c ngay c\u1ea1nh trung t\u00e2m Qu\u1eadn 1 &#8211; khu v\u1ef1c nh\u1ed9n nh\u1ecbp c\u1ee7a Th\u00e0nh Ph\u1ed1 H\u1ed3 Ch\u00ed Minh v\u00e0 g\u1ea7n s\u00e2n bay T\u00e2n S\u01a1n Nh\u1ea5t, SILA Urban Living mang \u0111\u1ebfn s\u1ef1 ti\u1ec7n l\u1ee3i v\u00e0 h\u01b0\u01a1ng v\u1ecb th\u1ef1c s\u1ef1 c\u1ee7a [&hellip;]<\/p>\n","protected":false},"author":124,"featured_media":200,"parent":0,"menu_order":0,"comment_status":"closed","ping_status":"closed","template":"","meta":{"footnotes":""},"acf":[],"yoast_head":"<!-- This site is optimized with the Yoast SEO plugin v22.3 - https:\/\/yoast.com\/wordpress\/plugins\/seo\/ -->\n<title>KH\u00c1M PH\u00c1 - SILA Urban Living<\/title>\n<meta name=\"robots\" content=\"index, follow, max-snippet:-1, max-image-preview:large, max-video-preview:-1\" \/>\n<link rel=\"canonical\" href=\"https:\/\/silaliving.com\/vi\/phai-den\/\" \/>\n<meta property=\"og:locale\" content=\"vi_VN\" \/>\n<meta property=\"og:type\" content=\"article\" \/>\n<meta property=\"og:title\" content=\"KH\u00c1M PH\u00c1 - SILA Urban Living\" \/>\n<meta property=\"og:description\" content=\"B\u1ea1n s\u1ebd \u1ea5n t\u01b0\u1ee3ng v\u1edbi v\u1ecb tr\u00ed l\u00fd t\u01b0\u1edfng ngay khi t\u1edbi SILA Urban Living. T\u1ecda l\u1ea1c ngay c\u1ea1nh trung t\u00e2m Qu\u1eadn 1 &#8211; khu v\u1ef1c nh\u1ed9n nh\u1ecbp c\u1ee7a Th\u00e0nh Ph\u1ed1 H\u1ed3 Ch\u00ed Minh v\u00e0 g\u1ea7n s\u00e2n bay T\u00e2n S\u01a1n Nh\u1ea5t, SILA Urban Living mang \u0111\u1ebfn s\u1ef1 ti\u1ec7n l\u1ee3i v\u00e0 h\u01b0\u01a1ng v\u1ecb th\u1ef1c s\u1ef1 c\u1ee7a [&hellip;]\" \/>\n<meta property=\"og:url\" content=\"https:\/\/silaliving.com\/vi\/phai-den\/\" \/>\n<meta property=\"og:site_name\" content=\"SILA Urban Living\" \/>\n<meta property=\"article:modified_time\" content=\"2020-06-25T17:22:54+00:00\" \/>\n<meta property=\"og:image\" content=\"https:\/\/silaliving.com\/wp-content\/uploads\/sites\/78\/2020\/02\/EXP1.jpg.jpg\" \/>\n\t<meta property=\"og:image:width\" content=\"800\" \/>\n\t<meta property=\"og:image:height\" content=\"522\" \/>\n\t<meta property=\"og:image:type\" content=\"image\/jpeg\" \/>\n<meta name=\"twitter:card\" content=\"summary_large_image\" \/>\n<meta name=\"twitter:label1\" content=\"Est. reading time\" \/>\n\t<meta name=\"twitter:data1\" content=\"2 minutes\" \/>\n<script type=\"application\/ld+json\" class=\"yoast-schema-graph\">{\"@context\":\"https:\/\/schema.org\",\"@graph\":[{\"@type\":\"WebPage\",\"@id\":\"https:\/\/silaliving.com\/vi\/phai-den\/\",\"url\":\"https:\/\/silaliving.com\/vi\/phai-den\/\",\"name\":\"KH\u00c1M PH\u00c1 - SILA Urban Living\",\"isPartOf\":{\"@id\":\"https:\/\/silaliving.com\/vi\/#website\"},\"primaryImageOfPage\":{\"@id\":\"https:\/\/silaliving.com\/vi\/phai-den\/#primaryimage\"},\"image\":{\"@id\":\"https:\/\/silaliving.com\/vi\/phai-den\/#primaryimage\"},\"thumbnailUrl\":\"https:\/\/silaliving.com\/wp-content\/uploads\/sites\/78\/2020\/02\/EXP1.jpg.jpg\",\"datePublished\":\"2020-03-18T04:28:25+00:00\",\"dateModified\":\"2020-06-25T17:22:54+00:00\",\"breadcrumb\":{\"@id\":\"https:\/\/silaliving.com\/vi\/phai-den\/#breadcrumb\"},\"inLanguage\":\"vi-VN\",\"potentialAction\":[{\"@type\":\"ReadAction\",\"target\":[\"https:\/\/silaliving.com\/vi\/phai-den\/\"]}]},{\"@type\":\"ImageObject\",\"inLanguage\":\"vi-VN\",\"@id\":\"https:\/\/silaliving.com\/vi\/phai-den\/#primaryimage\",\"url\":\"https:\/\/silaliving.com\/wp-content\/uploads\/sites\/78\/2020\/02\/EXP1.jpg.jpg\",\"contentUrl\":\"https:\/\/silaliving.com\/wp-content\/uploads\/sites\/78\/2020\/02\/EXP1.jpg.jpg\",\"width\":800,\"height\":522},{\"@type\":\"BreadcrumbList\",\"@id\":\"https:\/\/silaliving.com\/vi\/phai-den\/#breadcrumb\",\"itemListElement\":[{\"@type\":\"ListItem\",\"position\":1,\"name\":\"Home\",\"item\":\"https:\/\/silaliving.com\/vi\/\"},{\"@type\":\"ListItem\",\"position\":2,\"name\":\"KH\u00c1M PH\u00c1\"}]},{\"@type\":\"WebSite\",\"@id\":\"https:\/\/silaliving.com\/vi\/#website\",\"url\":\"https:\/\/silaliving.com\/vi\/\",\"name\":\"SILA Urban Living\",\"description\":\"| Exceptional Comfort\",\"potentialAction\":[{\"@type\":\"SearchAction\",\"target\":{\"@type\":\"EntryPoint\",\"urlTemplate\":\"https:\/\/silaliving.com\/vi\/?s={search_term_string}\"},\"query-input\":\"required name=search_term_string\"}],\"inLanguage\":\"vi-VN\"}]}<\/script>\n<!-- \/ Yoast SEO plugin. -->","yoast_head_json":{"title":"KH\u00c1M PH\u00c1 - SILA Urban Living","robots":{"index":"index","follow":"follow","max-snippet":"max-snippet:-1","max-image-preview":"max-image-preview:large","max-video-preview":"max-video-preview:-1"},"canonical":"https:\/\/silaliving.com\/vi\/phai-den\/","og_locale":"vi_VN","og_type":"article","og_title":"KH\u00c1M PH\u00c1 - SILA Urban Living","og_description":"B\u1ea1n s\u1ebd \u1ea5n t\u01b0\u1ee3ng v\u1edbi v\u1ecb tr\u00ed l\u00fd t\u01b0\u1edfng ngay khi t\u1edbi SILA Urban Living. T\u1ecda l\u1ea1c ngay c\u1ea1nh trung t\u00e2m Qu\u1eadn 1 &#8211; khu v\u1ef1c nh\u1ed9n nh\u1ecbp c\u1ee7a Th\u00e0nh Ph\u1ed1 H\u1ed3 Ch\u00ed Minh v\u00e0 g\u1ea7n s\u00e2n bay T\u00e2n S\u01a1n Nh\u1ea5t, SILA Urban Living mang \u0111\u1ebfn s\u1ef1 ti\u1ec7n l\u1ee3i v\u00e0 h\u01b0\u01a1ng v\u1ecb th\u1ef1c s\u1ef1 c\u1ee7a [&hellip;]","og_url":"https:\/\/silaliving.com\/vi\/phai-den\/","og_site_name":"SILA Urban Living","article_modified_time":"2020-06-25T17:22:54+00:00","og_image":[{"width":800,"height":522,"url":"https:\/\/silaliving.com\/wp-content\/uploads\/sites\/78\/2020\/02\/EXP1.jpg.jpg","type":"image\/jpeg"}],"twitter_card":"summary_large_image","twitter_misc":{"Est. reading time":"2 minutes"},"schema":{"@context":"https:\/\/schema.org","@graph":[{"@type":"WebPage","@id":"https:\/\/silaliving.com\/vi\/phai-den\/","url":"https:\/\/silaliving.com\/vi\/phai-den\/","name":"KH\u00c1M PH\u00c1 - SILA Urban Living","isPartOf":{"@id":"https:\/\/silaliving.com\/vi\/#website"},"primaryImageOfPage":{"@id":"https:\/\/silaliving.com\/vi\/phai-den\/#primaryimage"},"image":{"@id":"https:\/\/silaliving.com\/vi\/phai-den\/#primaryimage"},"thumbnailUrl":"https:\/\/silaliving.com\/wp-content\/uploads\/sites\/78\/2020\/02\/EXP1.jpg.jpg","datePublished":"2020-03-18T04:28:25+00:00","dateModified":"2020-06-25T17:22:54+00:00","breadcrumb":{"@id":"https:\/\/silaliving.com\/vi\/phai-den\/#breadcrumb"},"inLanguage":"vi-VN","potentialAction":[{"@type":"ReadAction","target":["https:\/\/silaliving.com\/vi\/phai-den\/"]}]},{"@type":"ImageObject","inLanguage":"vi-VN","@id":"https:\/\/silaliving.com\/vi\/phai-den\/#primaryimage","url":"https:\/\/silaliving.com\/wp-content\/uploads\/sites\/78\/2020\/02\/EXP1.jpg.jpg","contentUrl":"https:\/\/silaliving.com\/wp-content\/uploads\/sites\/78\/2020\/02\/EXP1.jpg.jpg","width":800,"height":522},{"@type":"BreadcrumbList","@id":"https:\/\/silaliving.com\/vi\/phai-den\/#breadcrumb","itemListElement":[{"@type":"ListItem","position":1,"name":"Home","item":"https:\/\/silaliving.com\/vi\/"},{"@type":"ListItem","position":2,"name":"KH\u00c1M PH\u00c1"}]},{"@type":"WebSite","@id":"https:\/\/silaliving.com\/vi\/#website","url":"https:\/\/silaliving.com\/vi\/","name":"SILA Urban Living","description":"| Exceptional Comfort","potentialAction":[{"@type":"SearchAction","target":{"@type":"EntryPoint","urlTemplate":"https:\/\/silaliving.com\/vi\/?s={search_term_string}"},"query-input":"required name=search_term_string"}],"inLanguage":"vi-VN"}]}},"_links":{"self":[{"href":"https:\/\/silaliving.com\/vi\/wp-json\/wp\/v2\/pages\/748"}],"collection":[{"href":"https:\/\/silaliving.com\/vi\/wp-json\/wp\/v2\/pages"}],"about":[{"href":"https:\/\/silaliving.com\/vi\/wp-json\/wp\/v2\/types\/page"}],"author":[{"embeddable":true,"href":"https:\/\/silaliving.com\/vi\/wp-json\/wp\/v2\/users\/124"}],"replies":[{"embeddable":true,"href":"https:\/\/silaliving.com\/vi\/wp-json\/wp\/v2\/comments?post=748"}],"version-history":[{"count":0,"href":"https:\/\/silaliving.com\/vi\/wp-json\/wp\/v2\/pages\/748\/revisions"}],"wp:featuredmedia":[{"embeddable":true,"href":"https:\/\/silaliving.com\/vi\/wp-json\/wp\/v2\/media\/200"}],"wp:attachment":[{"href":"https:\/\/silaliving.com\/vi\/wp-json\/wp\/v2\/media?parent=748"}],"curies":[{"name":"wp","href":"https:\/\/api.w.org\/{rel}","templated":true}]}}