{"id":761,"date":"2020-03-18T04:30:50","date_gmt":"2020-03-18T04:30:50","guid":{"rendered":"http:\/\/sila-urban-living.ms.decms.asia\/?page_id=761"},"modified":"2022-12-28T07:36:19","modified_gmt":"2022-12-28T07:36:19","slug":"diem-noi-bat","status":"publish","type":"page","link":"https:\/\/silaliving.com\/vi\/diem-noi-bat\/","title":{"rendered":"TH\u00d4NG TIN M\u1edaI NH\u1ea4T"},"content":{"rendered":"<p>Nh\u1ecbp s\u1ed1ng S\u00e0i G\u00f2n lu\u00f4n thay \u0111\u1ed5i. Trong th\u1eddi gian l\u01b0u tr\u00fa t\u1ea1i SILA Urban Living, ch\u00fang t\u00f4i h\u1ee9a s\u1ebd c\u1eadp nh\u1eadt cho b\u1ea1n c\u00e1c ho\u1ea1t \u0111\u1ed9ng, ch\u01b0\u01a1ng tr\u00ecnh khuy\u1ebfn m\u00e3i c\u0169ng nh\u01b0 l\u00e0 s\u1ef1 ki\u1ec7n m\u1edbi nh\u1ea5t di\u1ec5n ra trong c\u1ed9ng \u0111\u1ed3ng.<\/p>\n","protected":false},"excerpt":{"rendered":"<p>Nh\u1ecbp s\u1ed1ng S\u00e0i G\u00f2n lu\u00f4n thay \u0111\u1ed5i. Trong th\u1eddi gian l\u01b0u tr\u00fa t\u1ea1i SILA Urban Living, ch\u00fang t\u00f4i h\u1ee9a s\u1ebd c\u1eadp nh\u1eadt cho b\u1ea1n c\u00e1c ho\u1ea1t \u0111\u1ed9ng, ch\u01b0\u01a1ng tr\u00ecnh khuy\u1ebfn m\u00e3i c\u0169ng nh\u01b0 l\u00e0 s\u1ef1 ki\u1ec7n m\u1edbi nh\u1ea5t di\u1ec5n ra trong c\u1ed9ng \u0111\u1ed3ng.<\/p>\n","protected":false},"author":124,"featured_media":217,"parent":0,"menu_order":0,"comment_status":"closed","ping_status":"closed","template":"template-events.php","meta":{"footnotes":""},"acf":[],"yoast_head":"<!-- This site is optimized with the Yoast SEO plugin v22.3 - https:\/\/yoast.com\/wordpress\/plugins\/seo\/ -->\n<title>TH\u00d4NG TIN M\u1edaI NH\u1ea4T - SILA Urban Living<\/title>\n<meta name=\"robots\" content=\"index, follow, max-snippet:-1, max-image-preview:large, max-video-preview:-1\" \/>\n<link rel=\"canonical\" href=\"https:\/\/silaliving.com\/vi\/diem-noi-bat\/\" \/>\n<meta property=\"og:locale\" content=\"vi_VN\" \/>\n<meta property=\"og:type\" content=\"article\" \/>\n<meta property=\"og:title\" content=\"TH\u00d4NG TIN M\u1edaI NH\u1ea4T - SILA Urban Living\" \/>\n<meta property=\"og:description\" content=\"Nh\u1ecbp s\u1ed1ng S\u00e0i G\u00f2n lu\u00f4n thay \u0111\u1ed5i. Trong th\u1eddi gian l\u01b0u tr\u00fa t\u1ea1i SILA Urban Living, ch\u00fang t\u00f4i h\u1ee9a s\u1ebd c\u1eadp nh\u1eadt cho b\u1ea1n c\u00e1c ho\u1ea1t \u0111\u1ed9ng, ch\u01b0\u01a1ng tr\u00ecnh khuy\u1ebfn m\u00e3i c\u0169ng nh\u01b0 l\u00e0 s\u1ef1 ki\u1ec7n m\u1edbi nh\u1ea5t di\u1ec5n ra trong c\u1ed9ng \u0111\u1ed3ng.\" \/>\n<meta property=\"og:url\" content=\"https:\/\/silaliving.com\/vi\/diem-noi-bat\/\" \/>\n<meta property=\"og:site_name\" content=\"SILA Urban Living\" \/>\n<meta property=\"article:modified_time\" content=\"2022-12-28T07:36:19+00:00\" \/>\n<meta property=\"og:image\" content=\"https:\/\/silaliving.com\/wp-content\/uploads\/sites\/78\/2020\/02\/HL1.jpg.jpg\" \/>\n\t<meta property=\"og:image:width\" content=\"1200\" \/>\n\t<meta property=\"og:image:height\" content=\"798\" \/>\n\t<meta property=\"og:image:type\" content=\"image\/jpeg\" \/>\n<meta name=\"twitter:card\" content=\"summary_large_image\" \/>\n<script type=\"application\/ld+json\" class=\"yoast-schema-graph\">{\"@context\":\"https:\/\/schema.org\",\"@graph\":[{\"@type\":\"WebPage\",\"@id\":\"https:\/\/silaliving.com\/vi\/diem-noi-bat\/\",\"url\":\"https:\/\/silaliving.com\/vi\/diem-noi-bat\/\",\"name\":\"TH\u00d4NG TIN M\u1edaI NH\u1ea4T - SILA Urban Living\",\"isPartOf\":{\"@id\":\"https:\/\/silaliving.com\/vi\/#website\"},\"primaryImageOfPage\":{\"@id\":\"https:\/\/silaliving.com\/vi\/diem-noi-bat\/#primaryimage\"},\"image\":{\"@id\":\"https:\/\/silaliving.com\/vi\/diem-noi-bat\/#primaryimage\"},\"thumbnailUrl\":\"https:\/\/silaliving.com\/wp-content\/uploads\/sites\/78\/2020\/02\/HL1.jpg.jpg\",\"datePublished\":\"2020-03-18T04:30:50+00:00\",\"dateModified\":\"2022-12-28T07:36:19+00:00\",\"breadcrumb\":{\"@id\":\"https:\/\/silaliving.com\/vi\/diem-noi-bat\/#breadcrumb\"},\"inLanguage\":\"vi-VN\",\"potentialAction\":[{\"@type\":\"ReadAction\",\"target\":[\"https:\/\/silaliving.com\/vi\/diem-noi-bat\/\"]}]},{\"@type\":\"ImageObject\",\"inLanguage\":\"vi-VN\",\"@id\":\"https:\/\/silaliving.com\/vi\/diem-noi-bat\/#primaryimage\",\"url\":\"https:\/\/silaliving.com\/wp-content\/uploads\/sites\/78\/2020\/02\/HL1.jpg.jpg\",\"contentUrl\":\"https:\/\/silaliving.com\/wp-content\/uploads\/sites\/78\/2020\/02\/HL1.jpg.jpg\",\"width\":1200,\"height\":798},{\"@type\":\"BreadcrumbList\",\"@id\":\"https:\/\/silaliving.com\/vi\/diem-noi-bat\/#breadcrumb\",\"itemListElement\":[{\"@type\":\"ListItem\",\"position\":1,\"name\":\"Home\",\"item\":\"https:\/\/silaliving.com\/vi\/\"},{\"@type\":\"ListItem\",\"position\":2,\"name\":\"TH\u00d4NG TIN M\u1edaI NH\u1ea4T\"}]},{\"@type\":\"WebSite\",\"@id\":\"https:\/\/silaliving.com\/vi\/#website\",\"url\":\"https:\/\/silaliving.com\/vi\/\",\"name\":\"SILA Urban Living\",\"description\":\"| Exceptional Comfort\",\"potentialAction\":[{\"@type\":\"SearchAction\",\"target\":{\"@type\":\"EntryPoint\",\"urlTemplate\":\"https:\/\/silaliving.com\/vi\/?s={search_term_string}\"},\"query-input\":\"required name=search_term_string\"}],\"inLanguage\":\"vi-VN\"}]}<\/script>\n<!-- \/ Yoast SEO plugin. -->","yoast_head_json":{"title":"TH\u00d4NG TIN M\u1edaI NH\u1ea4T - SILA Urban Living","robots":{"index":"index","follow":"follow","max-snippet":"max-snippet:-1","max-image-preview":"max-image-preview:large","max-video-preview":"max-video-preview:-1"},"canonical":"https:\/\/silaliving.com\/vi\/diem-noi-bat\/","og_locale":"vi_VN","og_type":"article","og_title":"TH\u00d4NG TIN M\u1edaI NH\u1ea4T - SILA Urban Living","og_description":"Nh\u1ecbp s\u1ed1ng S\u00e0i G\u00f2n lu\u00f4n thay \u0111\u1ed5i. Trong th\u1eddi gian l\u01b0u tr\u00fa t\u1ea1i SILA Urban Living, ch\u00fang t\u00f4i h\u1ee9a s\u1ebd c\u1eadp nh\u1eadt cho b\u1ea1n c\u00e1c ho\u1ea1t \u0111\u1ed9ng, ch\u01b0\u01a1ng tr\u00ecnh khuy\u1ebfn m\u00e3i c\u0169ng nh\u01b0 l\u00e0 s\u1ef1 ki\u1ec7n m\u1edbi nh\u1ea5t di\u1ec5n ra trong c\u1ed9ng \u0111\u1ed3ng.","og_url":"https:\/\/silaliving.com\/vi\/diem-noi-bat\/","og_site_name":"SILA Urban Living","article_modified_time":"2022-12-28T07:36:19+00:00","og_image":[{"width":1200,"height":798,"url":"https:\/\/silaliving.com\/wp-content\/uploads\/sites\/78\/2020\/02\/HL1.jpg.jpg","type":"image\/jpeg"}],"twitter_card":"summary_large_image","schema":{"@context":"https:\/\/schema.org","@graph":[{"@type":"WebPage","@id":"https:\/\/silaliving.com\/vi\/diem-noi-bat\/","url":"https:\/\/silaliving.com\/vi\/diem-noi-bat\/","name":"TH\u00d4NG TIN M\u1edaI NH\u1ea4T - SILA Urban Living","isPartOf":{"@id":"https:\/\/silaliving.com\/vi\/#website"},"primaryImageOfPage":{"@id":"https:\/\/silaliving.com\/vi\/diem-noi-bat\/#primaryimage"},"image":{"@id":"https:\/\/silaliving.com\/vi\/diem-noi-bat\/#primaryimage"},"thumbnailUrl":"https:\/\/silaliving.com\/wp-content\/uploads\/sites\/78\/2020\/02\/HL1.jpg.jpg","datePublished":"2020-03-18T04:30:50+00:00","dateModified":"2022-12-28T07:36:19+00:00","breadcrumb":{"@id":"https:\/\/silaliving.com\/vi\/diem-noi-bat\/#breadcrumb"},"inLanguage":"vi-VN","potentialAction":[{"@type":"ReadAction","target":["https:\/\/silaliving.com\/vi\/diem-noi-bat\/"]}]},{"@type":"ImageObject","inLanguage":"vi-VN","@id":"https:\/\/silaliving.com\/vi\/diem-noi-bat\/#primaryimage","url":"https:\/\/silaliving.com\/wp-content\/uploads\/sites\/78\/2020\/02\/HL1.jpg.jpg","contentUrl":"https:\/\/silaliving.com\/wp-content\/uploads\/sites\/78\/2020\/02\/HL1.jpg.jpg","width":1200,"height":798},{"@type":"BreadcrumbList","@id":"https:\/\/silaliving.com\/vi\/diem-noi-bat\/#breadcrumb","itemListElement":[{"@type":"ListItem","position":1,"name":"Home","item":"https:\/\/silaliving.com\/vi\/"},{"@type":"ListItem","position":2,"name":"TH\u00d4NG TIN M\u1edaI NH\u1ea4T"}]},{"@type":"WebSite","@id":"https:\/\/silaliving.com\/vi\/#website","url":"https:\/\/silaliving.com\/vi\/","name":"SILA Urban Living","description":"| Exceptional Comfort","potentialAction":[{"@type":"SearchAction","target":{"@type":"EntryPoint","urlTemplate":"https:\/\/silaliving.com\/vi\/?s={search_term_string}"},"query-input":"required name=search_term_string"}],"inLanguage":"vi-VN"}]}},"_links":{"self":[{"href":"https:\/\/silaliving.com\/vi\/wp-json\/wp\/v2\/pages\/761"}],"collection":[{"href":"https:\/\/silaliving.com\/vi\/wp-json\/wp\/v2\/pages"}],"about":[{"href":"https:\/\/silaliving.com\/vi\/wp-json\/wp\/v2\/types\/page"}],"author":[{"embeddable":true,"href":"https:\/\/silaliving.com\/vi\/wp-json\/wp\/v2\/users\/124"}],"replies":[{"embeddable":true,"href":"https:\/\/silaliving.com\/vi\/wp-json\/wp\/v2\/comments?post=761"}],"version-history":[{"count":0,"href":"https:\/\/silaliving.com\/vi\/wp-json\/wp\/v2\/pages\/761\/revisions"}],"wp:featuredmedia":[{"embeddable":true,"href":"https:\/\/silaliving.com\/vi\/wp-json\/wp\/v2\/media\/217"}],"wp:attachment":[{"href":"https:\/\/silaliving.com\/vi\/wp-json\/wp\/v2\/media?parent=761"}],"curies":[{"name":"wp","href":"https:\/\/api.w.org\/{rel}","templated":true}]}}