{"id":774,"date":"2020-03-18T04:32:34","date_gmt":"2020-03-18T04:32:34","guid":{"rendered":"http:\/\/sila-urban-living.ms.decms.asia\/?page_id=774"},"modified":"2024-01-15T09:42:08","modified_gmt":"2024-01-15T09:42:08","slug":"swimming-pool","status":"publish","type":"page","link":"https:\/\/silaliving.com\/vi\/facilities\/swimming-pool\/","title":{"rendered":"H\u1ed2 B\u01a0I"},"content":{"rendered":"<p>Sau m\u1ed9t ng\u00e0y d\u00e0i d\u01b0\u1edbi \u00e1nh m\u1eb7t tr\u1eddi S\u00e0i G\u00f2n, kh\u00f4ng c\u00f3 n\u01a1i n\u00e0o \u0111\u1ec3 th\u01b0 gi\u00e3n t\u1ed1t h\u01a1n b\u1ec3 b\u01a1i ngo\u00e0i tr\u1eddi d\u00e0i 20 m\u00e9t c\u1ee7a ch\u00fang t\u00f4i. H\u1ed3 b\u01a1i r\u1ea5t d\u00e0i n\u1eb1m n\u00e9p m\u00ecnh b\u00ean c\u1ea1nh nh\u00e0 h\u00e0ng v\u00e0 qu\u00e1n bar v\u00e0 \u0111\u01b0\u1ee3c d\u00e0nh ri\u00eang cho kh\u00e1ch. Cho d\u00f9 \u0111\u1ecdc m\u1ed9t cu\u1ed1n s\u00e1ch, \u0111\u1eafm m\u00ecnh d\u01b0\u1edbi \u00e1nh m\u1eb7t tr\u1eddi hay nh\u1ea5m nh\u00e1p m\u1ed9t ly cocktail \u0111\u01b0\u1ee3c pha ch\u1ebf tr\u01b0\u1edbc khi bu\u1ed5i t\u1ed1i c\u1ee7a b\u1ea1n b\u1eaft \u0111\u1ea7u, b\u1ea1n s\u1ebd t\u00ecm th\u1ea5y m\u1ed9t thi\u00ean \u0111\u01b0\u1eddng y\u00ean t\u0129nh gi\u1eefa Th\u00e0nh Ph\u1ed1 nh\u1ed9n nh\u1ecbp.<\/p>\n","protected":false},"excerpt":{"rendered":"<p>Sau m\u1ed9t ng\u00e0y d\u00e0i d\u01b0\u1edbi \u00e1nh m\u1eb7t tr\u1eddi S\u00e0i G\u00f2n, kh\u00f4ng c\u00f3 n\u01a1i n\u00e0o \u0111\u1ec3 th\u01b0 gi\u00e3n t\u1ed1t h\u01a1n b\u1ec3 b\u01a1i ngo\u00e0i tr\u1eddi d\u00e0i 20 m\u00e9t c\u1ee7a ch\u00fang t\u00f4i. H\u1ed3 b\u01a1i r\u1ea5t d\u00e0i n\u1eb1m n\u00e9p m\u00ecnh b\u00ean c\u1ea1nh nh\u00e0 h\u00e0ng v\u00e0 qu\u00e1n bar v\u00e0 \u0111\u01b0\u1ee3c d\u00e0nh ri\u00eang cho kh\u00e1ch. Cho d\u00f9 \u0111\u1ecdc m\u1ed9t cu\u1ed1n s\u00e1ch, [&hellip;]<\/p>\n","protected":false},"author":124,"featured_media":120,"parent":681,"menu_order":0,"comment_status":"closed","ping_status":"closed","template":"template-wellness.php","meta":{"footnotes":""},"acf":[],"yoast_head":"<!-- This site is optimized with the Yoast SEO plugin v22.3 - https:\/\/yoast.com\/wordpress\/plugins\/seo\/ -->\n<title>H\u1ed2 B\u01a0I - SILA Urban Living<\/title>\n<meta name=\"robots\" content=\"index, follow, max-snippet:-1, max-image-preview:large, max-video-preview:-1\" \/>\n<link rel=\"canonical\" href=\"https:\/\/silaliving.com\/vi\/facilities\/swimming-pool\/\" \/>\n<meta property=\"og:locale\" content=\"vi_VN\" \/>\n<meta property=\"og:type\" content=\"article\" \/>\n<meta property=\"og:title\" content=\"H\u1ed2 B\u01a0I - SILA Urban Living\" \/>\n<meta property=\"og:description\" content=\"Sau m\u1ed9t ng\u00e0y d\u00e0i d\u01b0\u1edbi \u00e1nh m\u1eb7t tr\u1eddi S\u00e0i G\u00f2n, kh\u00f4ng c\u00f3 n\u01a1i n\u00e0o \u0111\u1ec3 th\u01b0 gi\u00e3n t\u1ed1t h\u01a1n b\u1ec3 b\u01a1i ngo\u00e0i tr\u1eddi d\u00e0i 20 m\u00e9t c\u1ee7a ch\u00fang t\u00f4i. H\u1ed3 b\u01a1i r\u1ea5t d\u00e0i n\u1eb1m n\u00e9p m\u00ecnh b\u00ean c\u1ea1nh nh\u00e0 h\u00e0ng v\u00e0 qu\u00e1n bar v\u00e0 \u0111\u01b0\u1ee3c d\u00e0nh ri\u00eang cho kh\u00e1ch. Cho d\u00f9 \u0111\u1ecdc m\u1ed9t cu\u1ed1n s\u00e1ch, [&hellip;]\" \/>\n<meta property=\"og:url\" content=\"https:\/\/silaliving.com\/vi\/facilities\/swimming-pool\/\" \/>\n<meta property=\"og:site_name\" content=\"SILA Urban Living\" \/>\n<meta property=\"article:modified_time\" content=\"2024-01-15T09:42:08+00:00\" \/>\n<meta property=\"og:image\" content=\"https:\/\/silaliving.com\/wp-content\/uploads\/sites\/78\/2020\/02\/POOL1.jpg.jpg\" \/>\n\t<meta property=\"og:image:width\" content=\"1200\" \/>\n\t<meta property=\"og:image:height\" content=\"685\" \/>\n\t<meta property=\"og:image:type\" content=\"image\/jpeg\" \/>\n<meta name=\"twitter:card\" content=\"summary_large_image\" \/>\n<meta name=\"twitter:label1\" content=\"Est. reading time\" \/>\n\t<meta name=\"twitter:data1\" content=\"1 minute\" \/>\n<script type=\"application\/ld+json\" class=\"yoast-schema-graph\">{\"@context\":\"https:\/\/schema.org\",\"@graph\":[{\"@type\":\"WebPage\",\"@id\":\"https:\/\/silaliving.com\/vi\/facilities\/swimming-pool\/\",\"url\":\"https:\/\/silaliving.com\/vi\/facilities\/swimming-pool\/\",\"name\":\"H\u1ed2 B\u01a0I - SILA Urban Living\",\"isPartOf\":{\"@id\":\"https:\/\/silaliving.com\/vi\/#website\"},\"primaryImageOfPage\":{\"@id\":\"https:\/\/silaliving.com\/vi\/facilities\/swimming-pool\/#primaryimage\"},\"image\":{\"@id\":\"https:\/\/silaliving.com\/vi\/facilities\/swimming-pool\/#primaryimage\"},\"thumbnailUrl\":\"https:\/\/silaliving.com\/wp-content\/uploads\/sites\/78\/2020\/02\/POOL1.jpg.jpg\",\"datePublished\":\"2020-03-18T04:32:34+00:00\",\"dateModified\":\"2024-01-15T09:42:08+00:00\",\"breadcrumb\":{\"@id\":\"https:\/\/silaliving.com\/vi\/facilities\/swimming-pool\/#breadcrumb\"},\"inLanguage\":\"vi-VN\",\"potentialAction\":[{\"@type\":\"ReadAction\",\"target\":[\"https:\/\/silaliving.com\/vi\/facilities\/swimming-pool\/\"]}]},{\"@type\":\"ImageObject\",\"inLanguage\":\"vi-VN\",\"@id\":\"https:\/\/silaliving.com\/vi\/facilities\/swimming-pool\/#primaryimage\",\"url\":\"https:\/\/silaliving.com\/wp-content\/uploads\/sites\/78\/2020\/02\/POOL1.jpg.jpg\",\"contentUrl\":\"https:\/\/silaliving.com\/wp-content\/uploads\/sites\/78\/2020\/02\/POOL1.jpg.jpg\",\"width\":1200,\"height\":685},{\"@type\":\"BreadcrumbList\",\"@id\":\"https:\/\/silaliving.com\/vi\/facilities\/swimming-pool\/#breadcrumb\",\"itemListElement\":[{\"@type\":\"ListItem\",\"position\":1,\"name\":\"Home\",\"item\":\"https:\/\/silaliving.com\/vi\/\"},{\"@type\":\"ListItem\",\"position\":2,\"name\":\"TI\u1ec6N \u00cdCH\",\"item\":\"https:\/\/silaliving.com\/vi\/facilities\/\"},{\"@type\":\"ListItem\",\"position\":3,\"name\":\"H\u1ed2 B\u01a0I\"}]},{\"@type\":\"WebSite\",\"@id\":\"https:\/\/silaliving.com\/vi\/#website\",\"url\":\"https:\/\/silaliving.com\/vi\/\",\"name\":\"SILA Urban Living\",\"description\":\"| Exceptional Comfort\",\"potentialAction\":[{\"@type\":\"SearchAction\",\"target\":{\"@type\":\"EntryPoint\",\"urlTemplate\":\"https:\/\/silaliving.com\/vi\/?s={search_term_string}\"},\"query-input\":\"required name=search_term_string\"}],\"inLanguage\":\"vi-VN\"}]}<\/script>\n<!-- \/ Yoast SEO plugin. -->","yoast_head_json":{"title":"H\u1ed2 B\u01a0I - SILA Urban Living","robots":{"index":"index","follow":"follow","max-snippet":"max-snippet:-1","max-image-preview":"max-image-preview:large","max-video-preview":"max-video-preview:-1"},"canonical":"https:\/\/silaliving.com\/vi\/facilities\/swimming-pool\/","og_locale":"vi_VN","og_type":"article","og_title":"H\u1ed2 B\u01a0I - SILA Urban Living","og_description":"Sau m\u1ed9t ng\u00e0y d\u00e0i d\u01b0\u1edbi \u00e1nh m\u1eb7t tr\u1eddi S\u00e0i G\u00f2n, kh\u00f4ng c\u00f3 n\u01a1i n\u00e0o \u0111\u1ec3 th\u01b0 gi\u00e3n t\u1ed1t h\u01a1n b\u1ec3 b\u01a1i ngo\u00e0i tr\u1eddi d\u00e0i 20 m\u00e9t c\u1ee7a ch\u00fang t\u00f4i. H\u1ed3 b\u01a1i r\u1ea5t d\u00e0i n\u1eb1m n\u00e9p m\u00ecnh b\u00ean c\u1ea1nh nh\u00e0 h\u00e0ng v\u00e0 qu\u00e1n bar v\u00e0 \u0111\u01b0\u1ee3c d\u00e0nh ri\u00eang cho kh\u00e1ch. Cho d\u00f9 \u0111\u1ecdc m\u1ed9t cu\u1ed1n s\u00e1ch, [&hellip;]","og_url":"https:\/\/silaliving.com\/vi\/facilities\/swimming-pool\/","og_site_name":"SILA Urban Living","article_modified_time":"2024-01-15T09:42:08+00:00","og_image":[{"width":1200,"height":685,"url":"https:\/\/silaliving.com\/wp-content\/uploads\/sites\/78\/2020\/02\/POOL1.jpg.jpg","type":"image\/jpeg"}],"twitter_card":"summary_large_image","twitter_misc":{"Est. reading time":"1 minute"},"schema":{"@context":"https:\/\/schema.org","@graph":[{"@type":"WebPage","@id":"https:\/\/silaliving.com\/vi\/facilities\/swimming-pool\/","url":"https:\/\/silaliving.com\/vi\/facilities\/swimming-pool\/","name":"H\u1ed2 B\u01a0I - SILA Urban Living","isPartOf":{"@id":"https:\/\/silaliving.com\/vi\/#website"},"primaryImageOfPage":{"@id":"https:\/\/silaliving.com\/vi\/facilities\/swimming-pool\/#primaryimage"},"image":{"@id":"https:\/\/silaliving.com\/vi\/facilities\/swimming-pool\/#primaryimage"},"thumbnailUrl":"https:\/\/silaliving.com\/wp-content\/uploads\/sites\/78\/2020\/02\/POOL1.jpg.jpg","datePublished":"2020-03-18T04:32:34+00:00","dateModified":"2024-01-15T09:42:08+00:00","breadcrumb":{"@id":"https:\/\/silaliving.com\/vi\/facilities\/swimming-pool\/#breadcrumb"},"inLanguage":"vi-VN","potentialAction":[{"@type":"ReadAction","target":["https:\/\/silaliving.com\/vi\/facilities\/swimming-pool\/"]}]},{"@type":"ImageObject","inLanguage":"vi-VN","@id":"https:\/\/silaliving.com\/vi\/facilities\/swimming-pool\/#primaryimage","url":"https:\/\/silaliving.com\/wp-content\/uploads\/sites\/78\/2020\/02\/POOL1.jpg.jpg","contentUrl":"https:\/\/silaliving.com\/wp-content\/uploads\/sites\/78\/2020\/02\/POOL1.jpg.jpg","width":1200,"height":685},{"@type":"BreadcrumbList","@id":"https:\/\/silaliving.com\/vi\/facilities\/swimming-pool\/#breadcrumb","itemListElement":[{"@type":"ListItem","position":1,"name":"Home","item":"https:\/\/silaliving.com\/vi\/"},{"@type":"ListItem","position":2,"name":"TI\u1ec6N \u00cdCH","item":"https:\/\/silaliving.com\/vi\/facilities\/"},{"@type":"ListItem","position":3,"name":"H\u1ed2 B\u01a0I"}]},{"@type":"WebSite","@id":"https:\/\/silaliving.com\/vi\/#website","url":"https:\/\/silaliving.com\/vi\/","name":"SILA Urban Living","description":"| Exceptional Comfort","potentialAction":[{"@type":"SearchAction","target":{"@type":"EntryPoint","urlTemplate":"https:\/\/silaliving.com\/vi\/?s={search_term_string}"},"query-input":"required name=search_term_string"}],"inLanguage":"vi-VN"}]}},"_links":{"self":[{"href":"https:\/\/silaliving.com\/vi\/wp-json\/wp\/v2\/pages\/774"}],"collection":[{"href":"https:\/\/silaliving.com\/vi\/wp-json\/wp\/v2\/pages"}],"about":[{"href":"https:\/\/silaliving.com\/vi\/wp-json\/wp\/v2\/types\/page"}],"author":[{"embeddable":true,"href":"https:\/\/silaliving.com\/vi\/wp-json\/wp\/v2\/users\/124"}],"replies":[{"embeddable":true,"href":"https:\/\/silaliving.com\/vi\/wp-json\/wp\/v2\/comments?post=774"}],"version-history":[{"count":0,"href":"https:\/\/silaliving.com\/vi\/wp-json\/wp\/v2\/pages\/774\/revisions"}],"up":[{"embeddable":true,"href":"https:\/\/silaliving.com\/vi\/wp-json\/wp\/v2\/pages\/681"}],"wp:featuredmedia":[{"embeddable":true,"href":"https:\/\/silaliving.com\/vi\/wp-json\/wp\/v2\/media\/120"}],"wp:attachment":[{"href":"https:\/\/silaliving.com\/vi\/wp-json\/wp\/v2\/media?parent=774"}],"curies":[{"name":"wp","href":"https:\/\/api.w.org\/{rel}","templated":true}]}}