{"id":792,"date":"2020-03-18T04:34:52","date_gmt":"2020-03-18T04:34:52","guid":{"rendered":"http:\/\/sila-urban-living.ms.decms.asia\/?page_id=792"},"modified":"2020-06-12T04:02:16","modified_gmt":"2020-06-12T04:02:16","slug":"spa","status":"publish","type":"page","link":"https:\/\/silaliving.com\/vi\/facilities\/spa\/","title":{"rendered":"PH\u00d2NG CH\u0102M S\u00d3C S\u1ee8C KH\u1eceE"},"content":{"rendered":"<p>L\u01b0\u1edbt xu\u1ed1ng t\u1eeb nh\u1eefng con \u0111\u01b0\u1eddng \u1ed3n \u00e0o c\u1ee7a Th\u00e0nh Ph\u1ed1 H\u1ed3 Ch\u00ed Minh sau khi th\u01b0 gi\u00e3n t\u1ea1i ph\u00f2ng ch\u0103m s\u00f3c s\u1ee9c kh\u1ecfe c\u1ee7a kh\u00e1ch s\u1ea1n. Thanh l\u1ecdc c\u01a1 th\u1ec3 trong ph\u00f2ng t\u1eafm h\u01a1i ho\u1eb7c x\u00f4ng h\u01a1i, ng\u00e2m m\u00ecnh trong b\u1ec3 s\u1ee5c, ho\u1eb7c t\u00ecm s\u1ef1 b\u00ecnh y\u00ean b\u00ean trong ph\u00f2ng t\u1eadp yoga \u0111\u01b0\u1ee3c trang b\u1ecb cho qu\u00fd kh\u00e1ch.<\/p>\n","protected":false},"excerpt":{"rendered":"<p>L\u01b0\u1edbt xu\u1ed1ng t\u1eeb nh\u1eefng con \u0111\u01b0\u1eddng \u1ed3n \u00e0o c\u1ee7a Th\u00e0nh Ph\u1ed1 H\u1ed3 Ch\u00ed Minh sau khi th\u01b0 gi\u00e3n t\u1ea1i ph\u00f2ng ch\u0103m s\u00f3c s\u1ee9c kh\u1ecfe c\u1ee7a kh\u00e1ch s\u1ea1n. Thanh l\u1ecdc c\u01a1 th\u1ec3 trong ph\u00f2ng t\u1eafm h\u01a1i ho\u1eb7c x\u00f4ng h\u01a1i, ng\u00e2m m\u00ecnh trong b\u1ec3 s\u1ee5c, ho\u1eb7c t\u00ecm s\u1ef1 b\u00ecnh y\u00ean b\u00ean trong ph\u00f2ng t\u1eadp yoga \u0111\u01b0\u1ee3c trang [&hellip;]<\/p>\n","protected":false},"author":124,"featured_media":130,"parent":681,"menu_order":0,"comment_status":"closed","ping_status":"closed","template":"template-wellness.php","meta":{"footnotes":""},"acf":[],"yoast_head":"<!-- This site is optimized with the Yoast SEO plugin v22.3 - https:\/\/yoast.com\/wordpress\/plugins\/seo\/ -->\n<title>PH\u00d2NG CH\u0102M S\u00d3C S\u1ee8C KH\u1eceE - SILA Urban Living<\/title>\n<meta name=\"robots\" content=\"index, follow, max-snippet:-1, max-image-preview:large, max-video-preview:-1\" \/>\n<link rel=\"canonical\" href=\"https:\/\/silaliving.com\/vi\/facilities\/spa\/\" \/>\n<meta property=\"og:locale\" content=\"vi_VN\" \/>\n<meta property=\"og:type\" content=\"article\" \/>\n<meta property=\"og:title\" content=\"PH\u00d2NG CH\u0102M S\u00d3C S\u1ee8C KH\u1eceE - SILA Urban Living\" \/>\n<meta property=\"og:description\" content=\"L\u01b0\u1edbt xu\u1ed1ng t\u1eeb nh\u1eefng con \u0111\u01b0\u1eddng \u1ed3n \u00e0o c\u1ee7a Th\u00e0nh Ph\u1ed1 H\u1ed3 Ch\u00ed Minh sau khi th\u01b0 gi\u00e3n t\u1ea1i ph\u00f2ng ch\u0103m s\u00f3c s\u1ee9c kh\u1ecfe c\u1ee7a kh\u00e1ch s\u1ea1n. Thanh l\u1ecdc c\u01a1 th\u1ec3 trong ph\u00f2ng t\u1eafm h\u01a1i ho\u1eb7c x\u00f4ng h\u01a1i, ng\u00e2m m\u00ecnh trong b\u1ec3 s\u1ee5c, ho\u1eb7c t\u00ecm s\u1ef1 b\u00ecnh y\u00ean b\u00ean trong ph\u00f2ng t\u1eadp yoga \u0111\u01b0\u1ee3c trang [&hellip;]\" \/>\n<meta property=\"og:url\" content=\"https:\/\/silaliving.com\/vi\/facilities\/spa\/\" \/>\n<meta property=\"og:site_name\" content=\"SILA Urban Living\" \/>\n<meta property=\"article:modified_time\" content=\"2020-06-12T04:02:16+00:00\" \/>\n<meta property=\"og:image\" content=\"https:\/\/silaliving.com\/wp-content\/uploads\/sites\/78\/2020\/02\/SPA1.jpg.jpg\" \/>\n\t<meta property=\"og:image:width\" content=\"1200\" \/>\n\t<meta property=\"og:image:height\" content=\"800\" \/>\n\t<meta property=\"og:image:type\" content=\"image\/jpeg\" \/>\n<meta name=\"twitter:card\" content=\"summary_large_image\" \/>\n<script type=\"application\/ld+json\" class=\"yoast-schema-graph\">{\"@context\":\"https:\/\/schema.org\",\"@graph\":[{\"@type\":\"WebPage\",\"@id\":\"https:\/\/silaliving.com\/vi\/facilities\/spa\/\",\"url\":\"https:\/\/silaliving.com\/vi\/facilities\/spa\/\",\"name\":\"PH\u00d2NG CH\u0102M S\u00d3C S\u1ee8C KH\u1eceE - SILA Urban Living\",\"isPartOf\":{\"@id\":\"https:\/\/silaliving.com\/vi\/#website\"},\"primaryImageOfPage\":{\"@id\":\"https:\/\/silaliving.com\/vi\/facilities\/spa\/#primaryimage\"},\"image\":{\"@id\":\"https:\/\/silaliving.com\/vi\/facilities\/spa\/#primaryimage\"},\"thumbnailUrl\":\"https:\/\/silaliving.com\/wp-content\/uploads\/sites\/78\/2020\/02\/SPA1.jpg.jpg\",\"datePublished\":\"2020-03-18T04:34:52+00:00\",\"dateModified\":\"2020-06-12T04:02:16+00:00\",\"breadcrumb\":{\"@id\":\"https:\/\/silaliving.com\/vi\/facilities\/spa\/#breadcrumb\"},\"inLanguage\":\"vi-VN\",\"potentialAction\":[{\"@type\":\"ReadAction\",\"target\":[\"https:\/\/silaliving.com\/vi\/facilities\/spa\/\"]}]},{\"@type\":\"ImageObject\",\"inLanguage\":\"vi-VN\",\"@id\":\"https:\/\/silaliving.com\/vi\/facilities\/spa\/#primaryimage\",\"url\":\"https:\/\/silaliving.com\/wp-content\/uploads\/sites\/78\/2020\/02\/SPA1.jpg.jpg\",\"contentUrl\":\"https:\/\/silaliving.com\/wp-content\/uploads\/sites\/78\/2020\/02\/SPA1.jpg.jpg\",\"width\":1200,\"height\":800},{\"@type\":\"BreadcrumbList\",\"@id\":\"https:\/\/silaliving.com\/vi\/facilities\/spa\/#breadcrumb\",\"itemListElement\":[{\"@type\":\"ListItem\",\"position\":1,\"name\":\"Home\",\"item\":\"https:\/\/silaliving.com\/vi\/\"},{\"@type\":\"ListItem\",\"position\":2,\"name\":\"TI\u1ec6N \u00cdCH\",\"item\":\"https:\/\/silaliving.com\/vi\/facilities\/\"},{\"@type\":\"ListItem\",\"position\":3,\"name\":\"PH\u00d2NG CH\u0102M S\u00d3C S\u1ee8C KH\u1eceE\"}]},{\"@type\":\"WebSite\",\"@id\":\"https:\/\/silaliving.com\/vi\/#website\",\"url\":\"https:\/\/silaliving.com\/vi\/\",\"name\":\"SILA Urban Living\",\"description\":\"| Exceptional Comfort\",\"potentialAction\":[{\"@type\":\"SearchAction\",\"target\":{\"@type\":\"EntryPoint\",\"urlTemplate\":\"https:\/\/silaliving.com\/vi\/?s={search_term_string}\"},\"query-input\":\"required name=search_term_string\"}],\"inLanguage\":\"vi-VN\"}]}<\/script>\n<!-- \/ Yoast SEO plugin. -->","yoast_head_json":{"title":"PH\u00d2NG CH\u0102M S\u00d3C S\u1ee8C KH\u1eceE - SILA Urban Living","robots":{"index":"index","follow":"follow","max-snippet":"max-snippet:-1","max-image-preview":"max-image-preview:large","max-video-preview":"max-video-preview:-1"},"canonical":"https:\/\/silaliving.com\/vi\/facilities\/spa\/","og_locale":"vi_VN","og_type":"article","og_title":"PH\u00d2NG CH\u0102M S\u00d3C S\u1ee8C KH\u1eceE - SILA Urban Living","og_description":"L\u01b0\u1edbt xu\u1ed1ng t\u1eeb nh\u1eefng con \u0111\u01b0\u1eddng \u1ed3n \u00e0o c\u1ee7a Th\u00e0nh Ph\u1ed1 H\u1ed3 Ch\u00ed Minh sau khi th\u01b0 gi\u00e3n t\u1ea1i ph\u00f2ng ch\u0103m s\u00f3c s\u1ee9c kh\u1ecfe c\u1ee7a kh\u00e1ch s\u1ea1n. Thanh l\u1ecdc c\u01a1 th\u1ec3 trong ph\u00f2ng t\u1eafm h\u01a1i ho\u1eb7c x\u00f4ng h\u01a1i, ng\u00e2m m\u00ecnh trong b\u1ec3 s\u1ee5c, ho\u1eb7c t\u00ecm s\u1ef1 b\u00ecnh y\u00ean b\u00ean trong ph\u00f2ng t\u1eadp yoga \u0111\u01b0\u1ee3c trang [&hellip;]","og_url":"https:\/\/silaliving.com\/vi\/facilities\/spa\/","og_site_name":"SILA Urban Living","article_modified_time":"2020-06-12T04:02:16+00:00","og_image":[{"width":1200,"height":800,"url":"https:\/\/silaliving.com\/wp-content\/uploads\/sites\/78\/2020\/02\/SPA1.jpg.jpg","type":"image\/jpeg"}],"twitter_card":"summary_large_image","schema":{"@context":"https:\/\/schema.org","@graph":[{"@type":"WebPage","@id":"https:\/\/silaliving.com\/vi\/facilities\/spa\/","url":"https:\/\/silaliving.com\/vi\/facilities\/spa\/","name":"PH\u00d2NG CH\u0102M S\u00d3C S\u1ee8C KH\u1eceE - SILA Urban Living","isPartOf":{"@id":"https:\/\/silaliving.com\/vi\/#website"},"primaryImageOfPage":{"@id":"https:\/\/silaliving.com\/vi\/facilities\/spa\/#primaryimage"},"image":{"@id":"https:\/\/silaliving.com\/vi\/facilities\/spa\/#primaryimage"},"thumbnailUrl":"https:\/\/silaliving.com\/wp-content\/uploads\/sites\/78\/2020\/02\/SPA1.jpg.jpg","datePublished":"2020-03-18T04:34:52+00:00","dateModified":"2020-06-12T04:02:16+00:00","breadcrumb":{"@id":"https:\/\/silaliving.com\/vi\/facilities\/spa\/#breadcrumb"},"inLanguage":"vi-VN","potentialAction":[{"@type":"ReadAction","target":["https:\/\/silaliving.com\/vi\/facilities\/spa\/"]}]},{"@type":"ImageObject","inLanguage":"vi-VN","@id":"https:\/\/silaliving.com\/vi\/facilities\/spa\/#primaryimage","url":"https:\/\/silaliving.com\/wp-content\/uploads\/sites\/78\/2020\/02\/SPA1.jpg.jpg","contentUrl":"https:\/\/silaliving.com\/wp-content\/uploads\/sites\/78\/2020\/02\/SPA1.jpg.jpg","width":1200,"height":800},{"@type":"BreadcrumbList","@id":"https:\/\/silaliving.com\/vi\/facilities\/spa\/#breadcrumb","itemListElement":[{"@type":"ListItem","position":1,"name":"Home","item":"https:\/\/silaliving.com\/vi\/"},{"@type":"ListItem","position":2,"name":"TI\u1ec6N \u00cdCH","item":"https:\/\/silaliving.com\/vi\/facilities\/"},{"@type":"ListItem","position":3,"name":"PH\u00d2NG CH\u0102M S\u00d3C S\u1ee8C KH\u1eceE"}]},{"@type":"WebSite","@id":"https:\/\/silaliving.com\/vi\/#website","url":"https:\/\/silaliving.com\/vi\/","name":"SILA Urban Living","description":"| Exceptional Comfort","potentialAction":[{"@type":"SearchAction","target":{"@type":"EntryPoint","urlTemplate":"https:\/\/silaliving.com\/vi\/?s={search_term_string}"},"query-input":"required name=search_term_string"}],"inLanguage":"vi-VN"}]}},"_links":{"self":[{"href":"https:\/\/silaliving.com\/vi\/wp-json\/wp\/v2\/pages\/792"}],"collection":[{"href":"https:\/\/silaliving.com\/vi\/wp-json\/wp\/v2\/pages"}],"about":[{"href":"https:\/\/silaliving.com\/vi\/wp-json\/wp\/v2\/types\/page"}],"author":[{"embeddable":true,"href":"https:\/\/silaliving.com\/vi\/wp-json\/wp\/v2\/users\/124"}],"replies":[{"embeddable":true,"href":"https:\/\/silaliving.com\/vi\/wp-json\/wp\/v2\/comments?post=792"}],"version-history":[{"count":0,"href":"https:\/\/silaliving.com\/vi\/wp-json\/wp\/v2\/pages\/792\/revisions"}],"up":[{"embeddable":true,"href":"https:\/\/silaliving.com\/vi\/wp-json\/wp\/v2\/pages\/681"}],"wp:featuredmedia":[{"embeddable":true,"href":"https:\/\/silaliving.com\/vi\/wp-json\/wp\/v2\/media\/130"}],"wp:attachment":[{"href":"https:\/\/silaliving.com\/vi\/wp-json\/wp\/v2\/media?parent=792"}],"curies":[{"name":"wp","href":"https:\/\/api.w.org\/{rel}","templated":true}]}}