{"id":812,"date":"2020-03-18T04:36:42","date_gmt":"2020-03-18T04:36:42","guid":{"rendered":"http:\/\/sila-urban-living.ms.decms.asia\/?page_id=812"},"modified":"2020-07-15T02:02:57","modified_gmt":"2020-07-15T02:02:57","slug":"board-room","status":"publish","type":"page","link":"https:\/\/silaliving.com\/vi\/facilities\/board-room\/","title":{"rendered":"PH\u00d2NG H\u1eccP"},"content":{"rendered":"<p>\u0110\u1ed1i v\u1edbi kh\u00e1ch \u0111i c\u00f4ng t\u00e1c c\u1ea7n m\u1ed9t kh\u00f4ng gian ph\u00f9 h\u1ee3p v\u00e0 hi\u1ec7u qu\u1ea3, ph\u00f2ng h\u1ecdp t\u1ea1i SILA l\u00e0 l\u1ef1a ch\u1ecdn ho\u00e0n h\u1ea3o cho c\u00e1c cu\u1ed9c h\u1ecdp, h\u1ed9i th\u1ea3o. V\u1edbi kh\u00f4ng gian t\u1ed1i \u0111a d\u00e0nh cho 10 ng\u01b0\u1eddi, k\u00e8m theo c\u00e1c \u0111i\u1ec3m truy c\u1eadp HDMI v\u00e0 m\u00e1y chi\u1ebfu, \u0111\u00e2y l\u00e0 m\u1ed9t s\u1ef1 thay th\u1ebf kh\u00f4ng th\u1ec3 t\u1ed1t h\u01a1n cho v\u0103n ph\u00f2ng.<\/p>\n","protected":false},"excerpt":{"rendered":"<p>\u0110\u1ed1i v\u1edbi kh\u00e1ch \u0111i c\u00f4ng t\u00e1c c\u1ea7n m\u1ed9t kh\u00f4ng gian ph\u00f9 h\u1ee3p v\u00e0 hi\u1ec7u qu\u1ea3, ph\u00f2ng h\u1ecdp t\u1ea1i SILA l\u00e0 l\u1ef1a ch\u1ecdn ho\u00e0n h\u1ea3o cho c\u00e1c cu\u1ed9c h\u1ecdp, h\u1ed9i th\u1ea3o. V\u1edbi kh\u00f4ng gian t\u1ed1i \u0111a d\u00e0nh cho 10 ng\u01b0\u1eddi, k\u00e8m theo c\u00e1c \u0111i\u1ec3m truy c\u1eadp HDMI v\u00e0 m\u00e1y chi\u1ebfu, \u0111\u00e2y l\u00e0 m\u1ed9t s\u1ef1 thay th\u1ebf [&hellip;]<\/p>\n","protected":false},"author":124,"featured_media":146,"parent":681,"menu_order":0,"comment_status":"closed","ping_status":"closed","template":"template-wellness.php","meta":{"footnotes":""},"acf":[],"yoast_head":"<!-- This site is optimized with the Yoast SEO plugin v22.3 - https:\/\/yoast.com\/wordpress\/plugins\/seo\/ -->\n<title>PH\u00d2NG H\u1eccP - SILA Urban Living<\/title>\n<meta name=\"robots\" content=\"index, follow, max-snippet:-1, max-image-preview:large, max-video-preview:-1\" \/>\n<link rel=\"canonical\" href=\"https:\/\/silaliving.com\/vi\/facilities\/board-room\/\" \/>\n<meta property=\"og:locale\" content=\"vi_VN\" \/>\n<meta property=\"og:type\" content=\"article\" \/>\n<meta property=\"og:title\" content=\"PH\u00d2NG H\u1eccP - SILA Urban Living\" \/>\n<meta property=\"og:description\" content=\"\u0110\u1ed1i v\u1edbi kh\u00e1ch \u0111i c\u00f4ng t\u00e1c c\u1ea7n m\u1ed9t kh\u00f4ng gian ph\u00f9 h\u1ee3p v\u00e0 hi\u1ec7u qu\u1ea3, ph\u00f2ng h\u1ecdp t\u1ea1i SILA l\u00e0 l\u1ef1a ch\u1ecdn ho\u00e0n h\u1ea3o cho c\u00e1c cu\u1ed9c h\u1ecdp, h\u1ed9i th\u1ea3o. V\u1edbi kh\u00f4ng gian t\u1ed1i \u0111a d\u00e0nh cho 10 ng\u01b0\u1eddi, k\u00e8m theo c\u00e1c \u0111i\u1ec3m truy c\u1eadp HDMI v\u00e0 m\u00e1y chi\u1ebfu, \u0111\u00e2y l\u00e0 m\u1ed9t s\u1ef1 thay th\u1ebf [&hellip;]\" \/>\n<meta property=\"og:url\" content=\"https:\/\/silaliving.com\/vi\/facilities\/board-room\/\" \/>\n<meta property=\"og:site_name\" content=\"SILA Urban Living\" \/>\n<meta property=\"article:modified_time\" content=\"2020-07-15T02:02:57+00:00\" \/>\n<meta property=\"og:image\" content=\"https:\/\/silaliving.com\/wp-content\/uploads\/sites\/78\/2020\/02\/BR1.jpg.jpg\" \/>\n\t<meta property=\"og:image:width\" content=\"1200\" \/>\n\t<meta property=\"og:image:height\" content=\"798\" \/>\n\t<meta property=\"og:image:type\" content=\"image\/jpeg\" \/>\n<meta name=\"twitter:card\" content=\"summary_large_image\" \/>\n<script type=\"application\/ld+json\" class=\"yoast-schema-graph\">{\"@context\":\"https:\/\/schema.org\",\"@graph\":[{\"@type\":\"WebPage\",\"@id\":\"https:\/\/silaliving.com\/vi\/facilities\/board-room\/\",\"url\":\"https:\/\/silaliving.com\/vi\/facilities\/board-room\/\",\"name\":\"PH\u00d2NG H\u1eccP - SILA Urban Living\",\"isPartOf\":{\"@id\":\"https:\/\/silaliving.com\/vi\/#website\"},\"primaryImageOfPage\":{\"@id\":\"https:\/\/silaliving.com\/vi\/facilities\/board-room\/#primaryimage\"},\"image\":{\"@id\":\"https:\/\/silaliving.com\/vi\/facilities\/board-room\/#primaryimage\"},\"thumbnailUrl\":\"https:\/\/silaliving.com\/wp-content\/uploads\/sites\/78\/2020\/02\/BR1.jpg.jpg\",\"datePublished\":\"2020-03-18T04:36:42+00:00\",\"dateModified\":\"2020-07-15T02:02:57+00:00\",\"breadcrumb\":{\"@id\":\"https:\/\/silaliving.com\/vi\/facilities\/board-room\/#breadcrumb\"},\"inLanguage\":\"vi-VN\",\"potentialAction\":[{\"@type\":\"ReadAction\",\"target\":[\"https:\/\/silaliving.com\/vi\/facilities\/board-room\/\"]}]},{\"@type\":\"ImageObject\",\"inLanguage\":\"vi-VN\",\"@id\":\"https:\/\/silaliving.com\/vi\/facilities\/board-room\/#primaryimage\",\"url\":\"https:\/\/silaliving.com\/wp-content\/uploads\/sites\/78\/2020\/02\/BR1.jpg.jpg\",\"contentUrl\":\"https:\/\/silaliving.com\/wp-content\/uploads\/sites\/78\/2020\/02\/BR1.jpg.jpg\",\"width\":1200,\"height\":798},{\"@type\":\"BreadcrumbList\",\"@id\":\"https:\/\/silaliving.com\/vi\/facilities\/board-room\/#breadcrumb\",\"itemListElement\":[{\"@type\":\"ListItem\",\"position\":1,\"name\":\"Home\",\"item\":\"https:\/\/silaliving.com\/vi\/\"},{\"@type\":\"ListItem\",\"position\":2,\"name\":\"TI\u1ec6N \u00cdCH\",\"item\":\"https:\/\/silaliving.com\/vi\/facilities\/\"},{\"@type\":\"ListItem\",\"position\":3,\"name\":\"PH\u00d2NG H\u1eccP\"}]},{\"@type\":\"WebSite\",\"@id\":\"https:\/\/silaliving.com\/vi\/#website\",\"url\":\"https:\/\/silaliving.com\/vi\/\",\"name\":\"SILA Urban Living\",\"description\":\"| Exceptional Comfort\",\"potentialAction\":[{\"@type\":\"SearchAction\",\"target\":{\"@type\":\"EntryPoint\",\"urlTemplate\":\"https:\/\/silaliving.com\/vi\/?s={search_term_string}\"},\"query-input\":\"required name=search_term_string\"}],\"inLanguage\":\"vi-VN\"}]}<\/script>\n<!-- \/ Yoast SEO plugin. -->","yoast_head_json":{"title":"PH\u00d2NG H\u1eccP - SILA Urban Living","robots":{"index":"index","follow":"follow","max-snippet":"max-snippet:-1","max-image-preview":"max-image-preview:large","max-video-preview":"max-video-preview:-1"},"canonical":"https:\/\/silaliving.com\/vi\/facilities\/board-room\/","og_locale":"vi_VN","og_type":"article","og_title":"PH\u00d2NG H\u1eccP - SILA Urban Living","og_description":"\u0110\u1ed1i v\u1edbi kh\u00e1ch \u0111i c\u00f4ng t\u00e1c c\u1ea7n m\u1ed9t kh\u00f4ng gian ph\u00f9 h\u1ee3p v\u00e0 hi\u1ec7u qu\u1ea3, ph\u00f2ng h\u1ecdp t\u1ea1i SILA l\u00e0 l\u1ef1a ch\u1ecdn ho\u00e0n h\u1ea3o cho c\u00e1c cu\u1ed9c h\u1ecdp, h\u1ed9i th\u1ea3o. V\u1edbi kh\u00f4ng gian t\u1ed1i \u0111a d\u00e0nh cho 10 ng\u01b0\u1eddi, k\u00e8m theo c\u00e1c \u0111i\u1ec3m truy c\u1eadp HDMI v\u00e0 m\u00e1y chi\u1ebfu, \u0111\u00e2y l\u00e0 m\u1ed9t s\u1ef1 thay th\u1ebf [&hellip;]","og_url":"https:\/\/silaliving.com\/vi\/facilities\/board-room\/","og_site_name":"SILA Urban Living","article_modified_time":"2020-07-15T02:02:57+00:00","og_image":[{"width":1200,"height":798,"url":"https:\/\/silaliving.com\/wp-content\/uploads\/sites\/78\/2020\/02\/BR1.jpg.jpg","type":"image\/jpeg"}],"twitter_card":"summary_large_image","schema":{"@context":"https:\/\/schema.org","@graph":[{"@type":"WebPage","@id":"https:\/\/silaliving.com\/vi\/facilities\/board-room\/","url":"https:\/\/silaliving.com\/vi\/facilities\/board-room\/","name":"PH\u00d2NG H\u1eccP - SILA Urban Living","isPartOf":{"@id":"https:\/\/silaliving.com\/vi\/#website"},"primaryImageOfPage":{"@id":"https:\/\/silaliving.com\/vi\/facilities\/board-room\/#primaryimage"},"image":{"@id":"https:\/\/silaliving.com\/vi\/facilities\/board-room\/#primaryimage"},"thumbnailUrl":"https:\/\/silaliving.com\/wp-content\/uploads\/sites\/78\/2020\/02\/BR1.jpg.jpg","datePublished":"2020-03-18T04:36:42+00:00","dateModified":"2020-07-15T02:02:57+00:00","breadcrumb":{"@id":"https:\/\/silaliving.com\/vi\/facilities\/board-room\/#breadcrumb"},"inLanguage":"vi-VN","potentialAction":[{"@type":"ReadAction","target":["https:\/\/silaliving.com\/vi\/facilities\/board-room\/"]}]},{"@type":"ImageObject","inLanguage":"vi-VN","@id":"https:\/\/silaliving.com\/vi\/facilities\/board-room\/#primaryimage","url":"https:\/\/silaliving.com\/wp-content\/uploads\/sites\/78\/2020\/02\/BR1.jpg.jpg","contentUrl":"https:\/\/silaliving.com\/wp-content\/uploads\/sites\/78\/2020\/02\/BR1.jpg.jpg","width":1200,"height":798},{"@type":"BreadcrumbList","@id":"https:\/\/silaliving.com\/vi\/facilities\/board-room\/#breadcrumb","itemListElement":[{"@type":"ListItem","position":1,"name":"Home","item":"https:\/\/silaliving.com\/vi\/"},{"@type":"ListItem","position":2,"name":"TI\u1ec6N \u00cdCH","item":"https:\/\/silaliving.com\/vi\/facilities\/"},{"@type":"ListItem","position":3,"name":"PH\u00d2NG H\u1eccP"}]},{"@type":"WebSite","@id":"https:\/\/silaliving.com\/vi\/#website","url":"https:\/\/silaliving.com\/vi\/","name":"SILA Urban Living","description":"| Exceptional Comfort","potentialAction":[{"@type":"SearchAction","target":{"@type":"EntryPoint","urlTemplate":"https:\/\/silaliving.com\/vi\/?s={search_term_string}"},"query-input":"required name=search_term_string"}],"inLanguage":"vi-VN"}]}},"_links":{"self":[{"href":"https:\/\/silaliving.com\/vi\/wp-json\/wp\/v2\/pages\/812"}],"collection":[{"href":"https:\/\/silaliving.com\/vi\/wp-json\/wp\/v2\/pages"}],"about":[{"href":"https:\/\/silaliving.com\/vi\/wp-json\/wp\/v2\/types\/page"}],"author":[{"embeddable":true,"href":"https:\/\/silaliving.com\/vi\/wp-json\/wp\/v2\/users\/124"}],"replies":[{"embeddable":true,"href":"https:\/\/silaliving.com\/vi\/wp-json\/wp\/v2\/comments?post=812"}],"version-history":[{"count":0,"href":"https:\/\/silaliving.com\/vi\/wp-json\/wp\/v2\/pages\/812\/revisions"}],"up":[{"embeddable":true,"href":"https:\/\/silaliving.com\/vi\/wp-json\/wp\/v2\/pages\/681"}],"wp:featuredmedia":[{"embeddable":true,"href":"https:\/\/silaliving.com\/vi\/wp-json\/wp\/v2\/media\/146"}],"wp:attachment":[{"href":"https:\/\/silaliving.com\/vi\/wp-json\/wp\/v2\/media?parent=812"}],"curies":[{"name":"wp","href":"https:\/\/api.w.org\/{rel}","templated":true}]}}